{"id":38236,"date":"2025-11-04T14:50:49","date_gmt":"2025-11-04T13:50:49","guid":{"rendered":"https:\/\/www.alsace-chalets.fr\/onze-accommodatie\/groepen-gezinnen\/"},"modified":"2026-03-16T13:45:48","modified_gmt":"2026-03-16T12:45:48","slug":"groepen-gezinnen","status":"publish","type":"page","link":"https:\/\/www.alsace-chalets.fr\/nl\/onze-accommodatie\/groepen-gezinnen\/","title":{"rendered":"Groepen &amp; gezinnen"},"content":{"rendered":"\n<div class=\"wp-block-cover alignfull is-light hrz-hero is-style-pine-decoration is-style-pine-decoration--1\" style=\"margin-top:0;margin-bottom:0;padding-top:20rem;padding-bottom:20rem\"><img alt=\"\" decoding=\"async\" width=\"2100\" height=\"1401\" class=\"wp-block-cover__image-background wp-image-217 size-full\" alt=\"\" src=\"https:\/\/www.alsace-chalets.fr\/wp-content\/uploads\/2025\/10\/91-Photoval_177.webp\" style=\"object-position:48% 85%\" data-object-fit=\"cover\" data-object-position=\"48% 85%\" srcset=\"https:\/\/www.alsace-chalets.fr\/wp-content\/uploads\/2025\/10\/91-Photoval_177.webp 2100w, https:\/\/www.alsace-chalets.fr\/wp-content\/uploads\/2025\/10\/91-Photoval_177-300x200.webp 300w, https:\/\/www.alsace-chalets.fr\/wp-content\/uploads\/2025\/10\/91-Photoval_177-1024x683.webp 1024w, https:\/\/www.alsace-chalets.fr\/wp-content\/uploads\/2025\/10\/91-Photoval_177-768x512.webp 768w, https:\/\/www.alsace-chalets.fr\/wp-content\/uploads\/2025\/10\/91-Photoval_177-60x40.webp 60w\" sizes=\"(max-width: 2100px) 100vw, 2100px\" \/><span aria-hidden=\"true\" class=\"wp-block-cover__background has-background-dim-30 has-background-dim wp-block-cover__gradient-background has-background-gradient\" style=\"background:linear-gradient(0deg,rgb(1,1,1) 0%,rgba(0,0,0,0) 100%)\"><\/span><div class=\"wp-block-cover__inner-container has-global-padding is-layout-constrained wp-container-core-cover-is-layout-31021642 wp-block-cover-is-layout-constrained\">\n<p class=\"has-text-align-center is-style-top-title pine-cone-title is-style-title has-background-color has-text-color has-link-color has-large-font-size wp-elements-f33ad4df7f461aebef09f5277c7ffcb7 is-style-title--2\" style=\"text-transform:uppercase\"><strong>Groepen &amp; gezinnen<\/strong><\/p>\n<\/div><\/div>\n<div style=\"padding-left:var(--wp--preset--spacing--s);padding-top:var(--wp--preset--spacing--s);padding-bottom:var(--wp--preset--spacing--s);\" class=\"alignfull wp-elements-5cd3591c1ade14a972751d58f754b855 wp-block-wpseopress-breadcrumbs has-text-color has-primary-color\"><nav  aria-label=\"breadcrumb\"><ol class=\"breadcrumb\" itemscope itemtype=\"https:\/\/schema.org\/BreadcrumbList\"><li class=\"breadcrumb-item active\" aria-current=\"page\" itemprop=\"itemListElement\" itemscope itemtype=\"https:\/\/schema.org\/ListItem\"><span itemprop=\"name\">Camping en Elzas<\/span><meta itemprop=\"position\" content=\"1\"><\/li><\/ol><\/nav><\/div>\n<div class=\"wp-block-group alignfull has-global-padding is-layout-constrained wp-block-group-is-layout-constrained\" style=\"margin-top:var(--wp--preset--spacing--xl);margin-bottom:var(--wp--preset--spacing--xl)\">\n<div class=\"wp-block-group alignfull is-style-tree-left-bottom has-global-padding is-layout-constrained wp-container-core-group-is-layout-e3586065 wp-block-group-is-layout-constrained\" style=\"padding-right:var(--wp--preset--spacing--xxs);padding-left:var(--wp--preset--spacing--xxs)\">\n<div class=\"wp-block-group z-1 has-global-padding is-layout-constrained wp-container-core-group-is-layout-9c8dac04 wp-block-group-is-layout-constrained\">\n<div class=\"wp-block-group has-global-padding is-layout-constrained wp-container-core-group-is-layout-2f23b1a8 wp-block-group-is-layout-constrained\">\n<p class=\"has-text-align-center is-style-toptitle is-style-toptitle--3\">Chalets en g\u00eetes voor al uw bijeenkomsten<\/p>\n\n\n\n<h2 class=\"wp-block-heading has-text-align-center is-style-title is-style-title--4\">Verhuur in de Elzas voor maximaal 50 personen<\/h2>\n<\/div>\n\n\n\n<div class=\"wp-block-group is-layout-flow wp-block-group-is-layout-flow\">\n<p class=\"has-text-align-center\">Groepen het hele jaar door, chalets tot 20 personen<br\/>Het landgoed Chalets de la Wormsa biedt oplossingen op maat voor groepsreizen en familiefeesten.<\/p>\n<\/div>\n\n\n\n\t<div class=\"alignfull swiper-hebergement-static is-layout-flow wp-block-query-camping-rest-static-is-layout-flow\">\n\t\t<ul class=\"static-hebergement-listing swiper-wrapper\">\n\t\t\t<style>:root { --static-query-color: #025647; }<\/style>\t\t\t\t<li class=\"swiper-slide\">\n\t\t\t\t\t<div class=\"wp-block-group card-gamme-static is-style-default is-style-relative\" \t\t\t\t\t\t>\n\t\t\t\t\t\t<div class=\"wp-block-group thumbnail-image\">\n\t\t\t\t\t\t\t<a href=\"https:\/\/www.alsace-chalets.fr\/nl\/hebergements\/chalet-groep-10-personen-4-slaapkamers\/\" title=\"Chalet Groep 10 personen 4 slaapkamers\">\n\t\t\t\t\t\t\t\t<figure class=\"wp-block-image alignfull size-large\" style=\"margin:0;\">\n\t\t\t\t\t\t\t\t\t<img decoding=\"async\" src=\"https:\/\/www.alsace-chalets.fr\/wp-content\/uploads\/2025\/11\/chalets-grand-10p-wormsa-alsace_01-1024x683.webp\"\n\t\t\t\t\t\t\t\t\t\talt=\"Chalet Groep 10 personen 4 slaapkamers\" \/>\n\t\t\t\t\t\t\t\t<\/figure>\n\t\t\t\t\t\t\t<\/a>\n\t\t\t\t\t\t<\/div>\n\n\n\t\t\t\t\t\t<div class=\"wp-block-group has-white-background-color has-background card-content\">\n\t\t\t\t\t\t\t<div class=\"wp-block-group content\">\n\t\t\t\t\t\t\t\t<h3 class=\"wp-block-heading\">\n\t\t\t\t\t\t\t\t\tChalet Groep 10 personen 4 slaapkamers\t\t\t\t\t\t\t\t<\/h3>\n\n\t\t\t\t\t\t\t\t\t\t\t\t\t\t\t<\/div>\n\n\t\t\t\t\t\t\t<div class=\"wp-block-group card-price has-background\">\n\t\t\t\t\t\t\t\t<div class=\"booking_default\">\n\t\t\t\t\t\t\t\t\t<p class=\"has-text-align-right has-m-font-size\">Vanaf<\/p>\n\n\t\t\t\t\t\t\t\t\t<p class=\"has-text-align-right booking_price has-secondary-font-family\">\n\t\t\t\t\t\t\t\t\t\t\t\t\t\t\t\t\t\t\t<\/p>\n\t\t\t\t\t\t\t\t\t<p class=\"has-text-align-right booking_no_discount has-secondary-font-family has-xxxl-font-size\">\n\t\t\t\t\t\t\t\t\t\t270 \u20ac\t\t\t\t\t\t\t\t\t<\/p>\n\n\t\t\t\t\t\t\t\t\t<p class=\"has-text-align-right has-s-font-size\">\n\t\t\t\t\t\t\t\t\t\t\/ &#039;s nachts\t\t\t\t\t\t\t\t\t<\/p>\n\t\t\t\t\t\t\t\t<\/div>\n\t\t\t\t\t\t\t<\/div>\n\t\t\t\t\t\t<\/div>\n\n\t\t\t\t\t\t<div class=\"wp-block-buttons has-custom-font-size has-l-font-size\">\n\t\t\t\t\t\t\t<div\n\t\t\t\t\t\t\t\tclass=\"wp-block-button has-custom-width wp-block-button__width-100 has-custom-font-size booking-btn has-secondary-font-family\">\n\t\t\t\t\t\t\t\t<a href=\"https:\/\/www.alsace-chalets.fr\/nl\/hebergements\/chalet-groep-10-personen-4-slaapkamers\/\"\n\t\t\t\t\t\t\t\t\tclass=\"wp-block-button__link has-white-color has-text-color has-background has-link-color has-text-align-center wp-element-button\">\n\t\t\t\t\t\t\t\t\tOntdek\t\t\t\t\t\t\t\t<\/a>\n\t\t\t\t\t\t\t<\/div>\n\t\t\t\t\t\t<\/div>\n\t\t\t\t\t<\/div>\n\t\t\t\t<\/li>\n\n\t\t\t\t\t\t\t<li class=\"swiper-slide\">\n\t\t\t\t\t<div class=\"wp-block-group card-gamme-static is-style-default is-style-relative\" \t\t\t\t\t\t>\n\t\t\t\t\t\t<div class=\"wp-block-group thumbnail-image\">\n\t\t\t\t\t\t\t<a href=\"https:\/\/www.alsace-chalets.fr\/nl\/hebergements\/gite-de-la-wormsa-6-personen-3-slaapkamers\/\" title=\"G\u00eete de la Wormsa 6 personen 3 slaapkamers\">\n\t\t\t\t\t\t\t\t<figure class=\"wp-block-image alignfull size-large\" style=\"margin:0;\">\n\t\t\t\t\t\t\t\t\t<img decoding=\"async\" src=\"https:\/\/www.alsace-chalets.fr\/wp-content\/uploads\/2025\/11\/gite-wormsa-camping-alsace_09-1024x683.webp\"\n\t\t\t\t\t\t\t\t\t\talt=\"G\u00eete de la Wormsa 6 personen 3 slaapkamers\" \/>\n\t\t\t\t\t\t\t\t<\/figure>\n\t\t\t\t\t\t\t<\/a>\n\t\t\t\t\t\t<\/div>\n\n\n\t\t\t\t\t\t<div class=\"wp-block-group has-white-background-color has-background card-content\">\n\t\t\t\t\t\t\t<div class=\"wp-block-group content\">\n\t\t\t\t\t\t\t\t<h3 class=\"wp-block-heading\">\n\t\t\t\t\t\t\t\t\tG\u00eete de la Wormsa 6 personen 3 slaapkamers\t\t\t\t\t\t\t\t<\/h3>\n\n\t\t\t\t\t\t\t\t\t\t\t\t\t\t\t<\/div>\n\n\t\t\t\t\t\t\t<div class=\"wp-block-group card-price has-background\">\n\t\t\t\t\t\t\t\t<div class=\"booking_default\">\n\t\t\t\t\t\t\t\t\t<p class=\"has-text-align-right has-m-font-size\">Vanaf<\/p>\n\n\t\t\t\t\t\t\t\t\t<p class=\"has-text-align-right booking_price has-secondary-font-family\">\n\t\t\t\t\t\t\t\t\t\t\t\t\t\t\t\t\t\t\t<\/p>\n\t\t\t\t\t\t\t\t\t<p class=\"has-text-align-right booking_no_discount has-secondary-font-family has-xxxl-font-size\">\n\t\t\t\t\t\t\t\t\t\t205 \u20ac\t\t\t\t\t\t\t\t\t<\/p>\n\n\t\t\t\t\t\t\t\t\t<p class=\"has-text-align-right has-s-font-size\">\n\t\t\t\t\t\t\t\t\t\t\/ &#039;s nachts\t\t\t\t\t\t\t\t\t<\/p>\n\t\t\t\t\t\t\t\t<\/div>\n\t\t\t\t\t\t\t<\/div>\n\t\t\t\t\t\t<\/div>\n\n\t\t\t\t\t\t<div class=\"wp-block-buttons has-custom-font-size has-l-font-size\">\n\t\t\t\t\t\t\t<div\n\t\t\t\t\t\t\t\tclass=\"wp-block-button has-custom-width wp-block-button__width-100 has-custom-font-size booking-btn has-secondary-font-family\">\n\t\t\t\t\t\t\t\t<a href=\"https:\/\/www.alsace-chalets.fr\/nl\/hebergements\/gite-de-la-wormsa-6-personen-3-slaapkamers\/\"\n\t\t\t\t\t\t\t\t\tclass=\"wp-block-button__link has-white-color has-text-color has-background has-link-color has-text-align-center wp-element-button\">\n\t\t\t\t\t\t\t\t\tOntdek\t\t\t\t\t\t\t\t<\/a>\n\t\t\t\t\t\t\t<\/div>\n\t\t\t\t\t\t<\/div>\n\t\t\t\t\t<\/div>\n\t\t\t\t<\/li>\n\n\t\t\t\t\t\t\t<li class=\"swiper-slide\">\n\t\t\t\t\t<div class=\"wp-block-group card-gamme-static is-style-default is-style-relative\" \t\t\t\t\t\t>\n\t\t\t\t\t\t<div class=\"wp-block-group thumbnail-image\">\n\t\t\t\t\t\t\t<a href=\"https:\/\/www.alsace-chalets.fr\/nl\/hebergements\/gite-du-gr5-8-personen-3-slaapkamers\/\" title=\"G\u00eete du GR5 8 personen 3 slaapkamers\">\n\t\t\t\t\t\t\t\t<figure class=\"wp-block-image alignfull size-large\" style=\"margin:0;\">\n\t\t\t\t\t\t\t\t\t<img decoding=\"async\" src=\"https:\/\/www.alsace-chalets.fr\/wp-content\/uploads\/2025\/11\/gite-gr5-wormsa-camping-alsace_10-1024x683.webp\"\n\t\t\t\t\t\t\t\t\t\talt=\"G\u00eete du GR5 8 personen 3 slaapkamers\" \/>\n\t\t\t\t\t\t\t\t<\/figure>\n\t\t\t\t\t\t\t<\/a>\n\t\t\t\t\t\t<\/div>\n\n\n\t\t\t\t\t\t<div class=\"wp-block-group has-white-background-color has-background card-content\">\n\t\t\t\t\t\t\t<div class=\"wp-block-group content\">\n\t\t\t\t\t\t\t\t<h3 class=\"wp-block-heading\">\n\t\t\t\t\t\t\t\t\tG\u00eete du GR5 8 personen 3 slaapkamers\t\t\t\t\t\t\t\t<\/h3>\n\n\t\t\t\t\t\t\t\t\t\t\t\t\t\t\t<\/div>\n\n\t\t\t\t\t\t\t<div class=\"wp-block-group card-price has-background\">\n\t\t\t\t\t\t\t\t<div class=\"booking_default\">\n\t\t\t\t\t\t\t\t\t<p class=\"has-text-align-right has-m-font-size\">Vanaf<\/p>\n\n\t\t\t\t\t\t\t\t\t<p class=\"has-text-align-right booking_price has-secondary-font-family\">\n\t\t\t\t\t\t\t\t\t\t\t\t\t\t\t\t\t\t\t<\/p>\n\t\t\t\t\t\t\t\t\t<p class=\"has-text-align-right booking_no_discount has-secondary-font-family has-xxxl-font-size\">\n\t\t\t\t\t\t\t\t\t\t225 \u20ac\t\t\t\t\t\t\t\t\t<\/p>\n\n\t\t\t\t\t\t\t\t\t<p class=\"has-text-align-right has-s-font-size\">\n\t\t\t\t\t\t\t\t\t\t\/ &#039;s nachts\t\t\t\t\t\t\t\t\t<\/p>\n\t\t\t\t\t\t\t\t<\/div>\n\t\t\t\t\t\t\t<\/div>\n\t\t\t\t\t\t<\/div>\n\n\t\t\t\t\t\t<div class=\"wp-block-buttons has-custom-font-size has-l-font-size\">\n\t\t\t\t\t\t\t<div\n\t\t\t\t\t\t\t\tclass=\"wp-block-button has-custom-width wp-block-button__width-100 has-custom-font-size booking-btn has-secondary-font-family\">\n\t\t\t\t\t\t\t\t<a href=\"https:\/\/www.alsace-chalets.fr\/nl\/hebergements\/gite-du-gr5-8-personen-3-slaapkamers\/\"\n\t\t\t\t\t\t\t\t\tclass=\"wp-block-button__link has-white-color has-text-color has-background has-link-color has-text-align-center wp-element-button\">\n\t\t\t\t\t\t\t\t\tOntdek\t\t\t\t\t\t\t\t<\/a>\n\t\t\t\t\t\t\t<\/div>\n\t\t\t\t\t\t<\/div>\n\t\t\t\t\t<\/div>\n\t\t\t\t<\/li>\n\n\t\t\t\t\t<\/ul>\n\n\t<\/div>\n\n\n\n\n<div class=\"wp-block-group is-layout-flow wp-block-group-is-layout-flow\">\n<h2 class=\"wp-block-heading has-text-align-center is-style-regular-hash is-style-title is-style-title--5\">Van 6 tot 12 personen<\/h2>\n\n\n\n<p class=\"has-text-align-center\">We bieden accommodatie met een aparte keuken:<\/p>\n\n\n\n<ul class=\"wp-block-list\">\n<li>het Grand Chalet: woonkamer\/keuken voor 8 personen (6 slaapplaatsen in bedden)<\/li>\n\n\n\n<li>le G\u00eete de la Wormsa: woonkamer\/keuken voor 8 personen (slaapplaatsen: 6 personen in bedden en tot 8 personen met de slaapbank)<\/li>\n\n\n\n<li>de G\u00eete du GR5: woonkamer\/keuken voor 12 personen (8 slaapplaatsen in bedden en tot 12 slaapplaatsen met de twee slaapbanken)<\/li>\n\n\n\n<li>Le Gite du Hohneck: woonkamer\/keuken voor 12 personen (6 slaapplaatsen in<br\/>bedden)<\/li>\n<\/ul>\n\n\n\n<p class=\"has-text-align-center\">Als je van plan bent om in het restaurant te eten, vergeet dan niet om je tafels van tevoren te reserveren. Je kunt verschillende onafhankelijke chalets huren voor 2, 4 of 5 personen, die accommodatie en restaurant combineren. <\/p>\n\n\n\n<h2 class=\"wp-block-heading has-text-align-center is-style-regular-hash is-style-title is-style-title--6\">Van 12 tot 20 personen<\/h2>\n\n\n\n<p class=\"has-text-align-center\">Wij bieden u :<\/p>\n\n\n\n<p class=\"has-text-align-center\"><br\/>de Groep Chalet: woonkamer \/ keuken voor 20 personen met een eigen keuken (slaapt: 10 personen in bedden en een extra 2 personen in een slaapbank).<br\/>U zult andere accommodatie moeten boeken om de ontbrekende kamers te compenseren.<br\/>Als u uit eten gaat, vergeet dan niet om uw tafels van tevoren te reserveren en vraag naar onze speciale menu&#8217;s voor groepen.<\/p>\n\n\n\n<h2 class=\"wp-block-heading has-text-align-center is-style-regular-hash is-style-title is-style-title--7\">Van 21 tot 50 personen<\/h2>\n\n\n\n<p class=\"has-text-align-center\">Accommodatie is een combinatie van verschillende chalets of g\u00eetes.<br\/>De maaltijden worden gebruikt in het restaurant, met de mogelijkheid van halfpension of speciale groepsmenu&#8217;s op reservering.<br\/>Mogelijkheid van accommodatie in de buurt, in clusters, afhankelijk van beschikbaarheid.  <\/p>\n\n\n\n<h2 class=\"wp-block-heading has-text-align-center is-style-regular-hash is-style-title is-style-title--8\">Restaurant groepsmenu&#8217;s<\/h2>\n\n\n\n<p class=\"has-text-align-center\">Voor maaltijden tot 50 personen bieden we halfpension (zie onze halfpensionopties) of groepsmenu&#8217;s op aanvraag (zie onze groepsmenu&#8217;s).<\/p>\n\n\n\n<h2 class=\"wp-block-heading has-text-align-center is-style-regular-hash is-style-title is-style-title--9\">Bedrijven<\/h2>\n\n\n\n<p class=\"has-text-align-center\">We hebben geen seminarieruimte op onze camping, maar een ontspannende pauze met een vergadering voor 20 personen in de Chalet Groupe is mogelijk.<\/p>\n\n\n\n<p class=\"has-text-align-center\">Aarzel niet om<a href=\"https:\/\/www.alsace-chalets.fr\/contact\/?_gl=1*qrf5mi*_up*MQ..*_ga*MTI1NzAzODc4OS4xNzYzMTI5NDYx*_ga_FCF327YZHV*czE3NjMxMjk0NjAkbzEkZzEkdDE3NjMxMjk0NjgkajUyJGwwJGgxMTI5MjQ5MTIw\"> contact met ons op te nemen<\/a> als je vragen hebt.<\/p>\n<\/div>\n<\/div>\n\n\n\n<div class=\"wp-block-group alignfull z-0 is-content-justification-right is-nowrap is-layout-flex wp-container-core-group-is-layout-7a55f7ab wp-block-group-is-layout-flex\" style=\"padding-top:0;padding-right:var(--wp--preset--spacing--l);padding-bottom:0;padding-left:0\">\n<p class=\"has-text-align-left is-style-hash has-real-white-color has-text-color has-link-color has-xl-font-size wp-elements-3e12fa8718643face9b243f12ad0a46a is-style-hash--10\" style=\"margin-top:-6.5vw;margin-bottom:0;font-style:normal;font-weight:700;text-transform:uppercase\">Zachte nacht<\/p>\n<\/div>\n<\/div>\n\n\n\n<div class=\"wp-block-group alignfull has-global-padding is-content-justification-center is-layout-constrained wp-container-core-group-is-layout-9d7c95e2 wp-block-group-is-layout-constrained\" style=\"margin-top:-3rem\">\n<figure class=\"wp-block-image size-full is-style-stork-nest\" style=\"margin-right:0;margin-left:0\"><img alt=\"\" decoding=\"async\" width=\"395\" height=\"318\" src=\"https:\/\/www.alsace-chalets.fr\/wp-content\/uploads\/2025\/10\/cigogne-2.webp\" alt=\"\" class=\"wp-image-192\" style=\"object-fit:cover\" srcset=\"https:\/\/www.alsace-chalets.fr\/wp-content\/uploads\/2025\/10\/cigogne-2.webp 395w, https:\/\/www.alsace-chalets.fr\/wp-content\/uploads\/2025\/10\/cigogne-2-300x242.webp 300w, https:\/\/www.alsace-chalets.fr\/wp-content\/uploads\/2025\/10\/cigogne-2-60x48.webp 60w\" sizes=\"(max-width: 395px) 100vw, 395px\" \/><\/figure>\n<\/div>\n<\/div>\n\n<div class=\"wp-block-buttons is-content-justification-center is-layout-flex wp-container-core-buttons-is-layout-a89b3969 wp-block-buttons-is-layout-flex\">\n<div class=\"wp-block-button is-style-secondary-full-button is-style-secondary-full-button--11\"><a class=\"wp-block-button__link wp-element-button\" href=\"https:\/\/www.alsace-chalets.fr\/nl\/vakantie\/groepsvakanties\/\" style=\"padding-top:var(--wp--preset--spacing--xs);padding-bottom:var(--wp--preset--spacing--xs)\">Groepsvakanties pagina<\/a><\/div>\n\n\n\n<div class=\"wp-block-button is-style-secondary-button-full is-style-secondary-button-full--12\"><a class=\"wp-block-button__link wp-element-button\" href=\"https:\/\/www.secure-hotel-booking.com\/Auberge-et-Chalets-de-la-Wormsa\/2ERD\/fr\/?_gl=1*19lt4v1*_ga*MTMyNTMyNTY3Ny4xNzQxNjg4NjYy*_ga_FCF327YZHV*czE3NjUyMDUzNTMkbzM5MiRnMSR0MTc2NTIwNzI1NiRqNjAkbDAkaDE4NTkwMTc2MDU.*_gcl_au*Nzc0NDA5MzUuMTc2MjMzNjc1OS4xMjY5MDY4OTIyLjE3NjUxODU4ODkuMTc2NTE4NTg4OA..\" target=\"_blank\" rel=\"noreferrer noopener nofollow\">Boek<\/a><\/div>\n<\/div>\n\n<div style=\"height:var(--wp--preset--spacing--xxl)\" aria-hidden=\"true\" class=\"wp-block-spacer\"><\/div>\n","protected":false},"excerpt":{"rendered":"<p>Chalets en g\u00eetes voor al uw bijeenkomsten Verhuur in de Elzas voor maximaal 50 personen Groepen het hele jaar door, chalets tot 20 personenHet landgoed Chalets de la Wormsa biedt oplossingen op maat voor groepsreizen en familiefeesten. Van 6 tot 12 personen We bieden accommodatie met een aparte keuken: Als je van plan bent om [&hellip;]<\/p>\n","protected":false},"author":1,"featured_media":0,"parent":38098,"menu_order":9,"comment_status":"closed","ping_status":"closed","template":"page-full-width","meta":{"_acf_changed":false,"_seopress_robots_primary_cat":"","_seopress_titles_title":"Location groupe Alsace | 3 H\u00e9bergements de grande capacit\u00e9 \u00e0 louer \u00e0 Munster","_seopress_titles_desc":"Louez un h\u00e9bergement de grande capacit\u00e9 \u00e0 Munster en Alsace, id\u00e9al pour les groupes, familles nombreuses ou s\u00e9jours entre amis au pied des montagnes.","_seopress_robots_index":"","footnotes":""},"class_list":["post-38236","page","type-page","status-publish","hentry"],"acf":[],"_links":{"self":[{"href":"https:\/\/www.alsace-chalets.fr\/nl\/wp-json\/wp\/v2\/pages\/38236","targetHints":{"allow":["GET"]}}],"collection":[{"href":"https:\/\/www.alsace-chalets.fr\/nl\/wp-json\/wp\/v2\/pages"}],"about":[{"href":"https:\/\/www.alsace-chalets.fr\/nl\/wp-json\/wp\/v2\/types\/page"}],"author":[{"embeddable":true,"href":"https:\/\/www.alsace-chalets.fr\/nl\/wp-json\/wp\/v2\/users\/1"}],"replies":[{"embeddable":true,"href":"https:\/\/www.alsace-chalets.fr\/nl\/wp-json\/wp\/v2\/comments?post=38236"}],"version-history":[{"count":3,"href":"https:\/\/www.alsace-chalets.fr\/nl\/wp-json\/wp\/v2\/pages\/38236\/revisions"}],"predecessor-version":[{"id":42482,"href":"https:\/\/www.alsace-chalets.fr\/nl\/wp-json\/wp\/v2\/pages\/38236\/revisions\/42482"}],"up":[{"embeddable":true,"href":"https:\/\/www.alsace-chalets.fr\/nl\/wp-json\/wp\/v2\/pages\/38098"}],"wp:attachment":[{"href":"https:\/\/www.alsace-chalets.fr\/nl\/wp-json\/wp\/v2\/media?parent=38236"}],"curies":[{"name":"wp","href":"https:\/\/api.w.org\/{rel}","templated":true}]}}