{"id":37924,"date":"2025-10-02T17:46:38","date_gmt":"2025-10-02T15:46:38","guid":{"rendered":"https:\/\/www.alsace-chalets.fr\/diensten\/"},"modified":"2026-02-05T15:48:20","modified_gmt":"2026-02-05T14:48:20","slug":"diensten","status":"publish","type":"page","link":"https:\/\/www.alsace-chalets.fr\/nl\/diensten\/","title":{"rendered":"Diensten"},"content":{"rendered":"\n<div class=\"wp-block-cover alignfull hrz-hero is-style-pine-decoration is-style-pine-decoration--1\" style=\"margin-top:0;margin-bottom:0;padding-top:20rem;padding-bottom:20rem\"><img alt=\"\" decoding=\"async\" width=\"1620\" height=\"1080\" class=\"wp-block-cover__image-background wp-image-458 size-full\" alt=\"\" src=\"https:\/\/www.alsace-chalets.fr\/wp-content\/uploads\/2025\/10\/services-camping-wormsa-alsace_04.webp\" data-object-fit=\"cover\" srcset=\"https:\/\/www.alsace-chalets.fr\/wp-content\/uploads\/2025\/10\/services-camping-wormsa-alsace_04.webp 1620w, https:\/\/www.alsace-chalets.fr\/wp-content\/uploads\/2025\/10\/services-camping-wormsa-alsace_04-300x200.webp 300w, https:\/\/www.alsace-chalets.fr\/wp-content\/uploads\/2025\/10\/services-camping-wormsa-alsace_04-1024x683.webp 1024w, https:\/\/www.alsace-chalets.fr\/wp-content\/uploads\/2025\/10\/services-camping-wormsa-alsace_04-768x512.webp 768w, https:\/\/www.alsace-chalets.fr\/wp-content\/uploads\/2025\/10\/services-camping-wormsa-alsace_04-60x40.webp 60w\" sizes=\"(max-width: 1620px) 100vw, 1620px\" \/><span aria-hidden=\"true\" class=\"wp-block-cover__background has-background-dim-30 has-background-dim wp-block-cover__gradient-background has-background-gradient\" style=\"background:linear-gradient(0deg,rgb(1,1,1) 0%,rgba(0,0,0,0) 100%)\"><\/span><div class=\"wp-block-cover__inner-container has-global-padding is-layout-constrained wp-container-core-cover-is-layout-31021642 wp-block-cover-is-layout-constrained\">\n<p class=\"has-text-align-center is-style-top-title pine-cone-title is-style-title has-background-color has-text-color has-link-color has-large-font-size wp-elements-a64fc0e3327d959740477e1952f9b67c is-style-title--2\" style=\"text-transform:uppercase\"><strong>Diensten<\/strong><\/p>\n<\/div><\/div>\n\n<div class=\"wp-block-group alignfull has-background is-layout-flow wp-block-group-is-layout-flow\" style=\"background:linear-gradient(135deg,rgb(246,249,244) 0%,rgba(168,194,147,0.49) 100%)\"><div style=\"padding-left:var(--wp--preset--spacing--s);padding-top:var(--wp--preset--spacing--s);padding-bottom:var(--wp--preset--spacing--s);\" class=\"alignfull wp-elements-5cd3591c1ade14a972751d58f754b855 wp-block-wpseopress-breadcrumbs has-text-color has-primary-color\"><nav  aria-label=\"breadcrumb\"><ol class=\"breadcrumb\" itemscope itemtype=\"https:\/\/schema.org\/BreadcrumbList\"><li class=\"breadcrumb-item active\" aria-current=\"page\" itemprop=\"itemListElement\" itemscope itemtype=\"https:\/\/schema.org\/ListItem\"><span itemprop=\"name\">Camping en Elzas<\/span><meta itemprop=\"position\" content=\"1\"><\/li><\/ol><\/nav><\/div>\n\n\n<div style=\"height:var(--wp--preset--spacing--xxl)\" aria-hidden=\"true\" class=\"wp-block-spacer\"><\/div>\n\n\n\n<div class=\"wp-block-columns alignfull is-layout-flex wp-container-core-columns-is-layout-9c22b1e3 wp-block-columns-is-layout-flex\">\n<div class=\"wp-block-column is-layout-flow wp-block-column-is-layout-flow\">\n<div class=\"wp-block-group has-global-padding is-content-justification-right is-layout-constrained wp-container-core-group-is-layout-9bee4dc1 wp-block-group-is-layout-constrained\">\n<div class=\"wp-block-group has-global-padding is-layout-constrained wp-container-core-group-is-layout-be04af43 wp-block-group-is-layout-constrained\" style=\"margin-top:0;margin-bottom:0\">\n<p class=\"has-text-align-right is-style-toptitle is-style-toptitle--3\">Tussen Elzasser charme en eersteklas services<\/p>\n\n\n\n<h1 class=\"wp-block-heading has-text-align-right is-style-title is-style-title--4\">4-sterren camping in Colmar<\/h1>\n<\/div>\n\n\n\n<div class=\"wp-block-group is-style-border-right has-global-padding is-layout-constrained wp-container-core-group-is-layout-9c8dac04 wp-block-group-is-layout-constrained is-style-border-right--5\">\n<div class=\"wp-block-group has-global-padding is-layout-constrained wp-block-group-is-layout-constrained\">\n<p class=\"has-text-align-right has-s-font-size\"><br\/>Welkom bij Les Chalets de la Wormsa, een 4-sterrencamping in het hart van de Haut-Rhin, vlakbij Colmar. Hier is aan elk detail gedacht om alle vakantiegangers een unieke en onvergetelijke ervaring te bieden. Of je nu op zoek bent naar ontspanning, avontuur of familieplezier, onze camping is de ideale plek om je koffers neer te zetten en te genieten van de regio.  <\/p>\n<\/div>\n\n\n\n<figure class=\"wp-block-image size-large is-style-rounded is-style-rounded--6\"><a href=\"https:\/\/www.alsace-chalets.fr\/wp-content\/uploads\/2025\/10\/services-camping-wormsa-alsace_08-scaled.webp\"><img alt=\"\" decoding=\"async\" width=\"1024\" height=\"768\" src=\"https:\/\/www.alsace-chalets.fr\/wp-content\/uploads\/2025\/10\/services-camping-wormsa-alsace_08-1024x768.webp\" alt=\"\" class=\"wp-image-462\" srcset=\"https:\/\/www.alsace-chalets.fr\/wp-content\/uploads\/2025\/10\/services-camping-wormsa-alsace_08-1024x768.webp 1024w, https:\/\/www.alsace-chalets.fr\/wp-content\/uploads\/2025\/10\/services-camping-wormsa-alsace_08-300x225.webp 300w, https:\/\/www.alsace-chalets.fr\/wp-content\/uploads\/2025\/10\/services-camping-wormsa-alsace_08-768x576.webp 768w, https:\/\/www.alsace-chalets.fr\/wp-content\/uploads\/2025\/10\/services-camping-wormsa-alsace_08-60x45.webp 60w\" sizes=\"(max-width: 1024px) 100vw, 1024px\" \/><\/a><\/figure>\n<\/div>\n<\/div>\n<\/div>\n\n\n\n<div class=\"wp-block-column is-layout-flow wp-block-column-is-layout-flow\">\n<div class=\"wp-block-group is-nowrap is-layout-flex wp-container-core-group-is-layout-a027ca97 wp-block-group-is-layout-flex\" style=\"min-height:100%\">\n<div class=\"wp-block-group is-vertical is-content-justification-center is-layout-flex wp-container-core-group-is-layout-b6c1f246 wp-block-group-is-layout-flex\">\n<figure class=\"wp-block-image size-4\/3_320x240_mobile is-style-left-rotate is-style-left-rotate--7\"><a href=\"https:\/\/www.alsace-chalets.fr\/wp-content\/uploads\/2025\/10\/services-camping-wormsa-alsace_09.webp\" rel=\"services-hoteliers\"><img alt=\"\" decoding=\"async\" src=\"https:\/\/www.alsace-chalets.fr\/wp-content\/uploads\/2025\/10\/services-camping-wormsa-alsace_09-320x240.webp\" alt=\"\" class=\"wp-image-463\"\/><\/a><\/figure>\n\n\n\n<figure class=\"wp-block-image size-4\/3_430x320_mobile is-style-right-rotate is-style-right-rotate--8\"><a href=\"https:\/\/www.alsace-chalets.fr\/wp-content\/uploads\/2025\/10\/services-camping-wormsa-alsace_01.webp\" rel=\"services-hoteliers\"><img alt=\"\" decoding=\"async\" src=\"https:\/\/www.alsace-chalets.fr\/wp-content\/uploads\/2025\/10\/services-camping-wormsa-alsace_01-430x320.webp\" alt=\"\" class=\"wp-image-455\" style=\"aspect-ratio:4\/3;object-fit:cover\"\/><\/a><\/figure>\n<\/div>\n\n\n\n<div class=\"wp-block-group is-vertical is-layout-flex wp-container-core-group-is-layout-e59aff70 wp-block-group-is-layout-flex\" style=\"padding-top:0;padding-bottom:50%\">\n<figure class=\"wp-block-image size-4\/3_320x240_mobile is-resized is-style-right-rotate is-style-right-rotate--9\" style=\"margin-left:-1rem\"><a href=\"https:\/\/www.alsace-chalets.fr\/wp-content\/uploads\/2025\/10\/services-camping-wormsa-alsace_06.webp\" rel=\"services-hoteliers\"><img alt=\"\" decoding=\"async\" src=\"https:\/\/www.alsace-chalets.fr\/wp-content\/uploads\/2025\/10\/services-camping-wormsa-alsace_06-320x240.webp\" alt=\"\" class=\"wp-image-460\" style=\"width:256px\"\/><\/a><\/figure>\n<\/div>\n<\/div>\n<\/div>\n<\/div>\n\n\n\n<div style=\"height:var(--wp--preset--spacing--xxl)\" aria-hidden=\"true\" class=\"wp-block-spacer\"><\/div>\n<\/div>\n\n<div class=\"wp-block-group alignfull hrz-galerie-1 has-global-padding is-layout-constrained wp-block-group-is-layout-constrained\">\n<div class=\"wp-block-cover alignfull hrz-galerie-1-cover\" style=\"margin-top:0;margin-bottom:0;padding-top:var(--wp--preset--spacing--xxl);padding-right:var(--wp--preset--spacing--xxxxxl);padding-bottom:var(--wp--preset--spacing--l);padding-left:var(--wp--preset--spacing--xxxxxl)\"><img alt=\"\" decoding=\"async\" width=\"1620\" height=\"1080\" class=\"wp-block-cover__image-background wp-image-459 size-full\" alt=\"\" src=\"https:\/\/www.alsace-chalets.fr\/wp-content\/uploads\/2025\/10\/services-camping-wormsa-alsace_05.webp\" data-object-fit=\"cover\" srcset=\"https:\/\/www.alsace-chalets.fr\/wp-content\/uploads\/2025\/10\/services-camping-wormsa-alsace_05.webp 1620w, https:\/\/www.alsace-chalets.fr\/wp-content\/uploads\/2025\/10\/services-camping-wormsa-alsace_05-300x200.webp 300w, https:\/\/www.alsace-chalets.fr\/wp-content\/uploads\/2025\/10\/services-camping-wormsa-alsace_05-1024x683.webp 1024w, https:\/\/www.alsace-chalets.fr\/wp-content\/uploads\/2025\/10\/services-camping-wormsa-alsace_05-768x512.webp 768w, https:\/\/www.alsace-chalets.fr\/wp-content\/uploads\/2025\/10\/services-camping-wormsa-alsace_05-60x40.webp 60w\" sizes=\"(max-width: 1620px) 100vw, 1620px\" \/><span aria-hidden=\"true\" class=\"wp-block-cover__background has-background-dim-40 has-background-dim wp-block-cover__gradient-background has-background-gradient\" style=\"background:linear-gradient(0deg,rgb(0,0,0) 0%,rgba(0,0,0,0) 100%)\"><\/span><div class=\"wp-block-cover__inner-container has-global-padding is-layout-constrained wp-container-core-cover-is-layout-d399d3fc wp-block-cover-is-layout-constrained\">\n<div class=\"wp-block-group hrz-responsive-group has-global-padding is-layout-constrained wp-block-group-is-layout-constrained\">\n<div style=\"height:var(--wp--preset--spacing--xxl)\" aria-hidden=\"true\" class=\"wp-block-spacer\"><\/div>\n\n\n\n<p class=\"has-text-align-center is-style-top-title is-style-toptitle has-real-white-color has-text-color has-link-color has-xxxxl-font-size wp-elements-8135876fb06ecb2f4f17a4e8a3c10c1c is-style-toptitle--10\">Diensten ontworpen voor uw welzijn<\/p>\n\n\n\n<h2 class=\"wp-block-heading has-text-align-center is-style-title has-real-white-color has-text-color has-link-color wp-elements-cc414e59f437539a5c406809f6d7dc44 is-style-title--11\" style=\"margin-bottom:var(--wp--preset--spacing--xs)\"><strong>4-sterrencamping met voorzieningen in Colmar, Elzas<\/strong><\/h2>\n\n\n\n<p class=\"has-text-align-center has-real-white-color has-text-color has-link-color wp-elements-f1070011aa2a8fef356737f8cda6f4b7\">Les Chalets de la Wormsa is meer dan alleen een plek om te verblijven, het is een echte cocon waar elke dienst is ontworpen om aan uw behoeften en wensen te voldoen. Zodra je aankomt, word je begroet door een warm en attent team, klaar om je te begeleiden en te adviseren zodat je verblijf vlekkeloos verloopt. <br\/><br\/>We bieden een volledig scala aan diensten die het verschil maken. Je kunt gebruik maken van ons zwemparadijs met verwarmd zwembad, ideaal om te ontspannen na een dag op ontdekkingstocht te zijn geweest. De jongste gasten worden niet overgeslagen, met een speciale speelruimte waar ze zich in alle veiligheid kunnen vermaken. Voor wellnessliefhebbers nodigt onze spa je uit voor een moment van intense ontspanning, met sauna en hammam.   <br\/><br\/>Voor zoetekauwen biedt ons eigen restaurant smakelijke lokale gerechten met lokale Elzasser producten. Of het nu gaat om een lunch op het terras of een gezellig diner, elke maaltijd is een uitnodiging om de smaken van de regio te ontdekken. <\/p>\n\n\n\n<div style=\"height:var(--wp--preset--spacing--m)\" aria-hidden=\"true\" class=\"wp-block-spacer\"><\/div>\n<\/div>\n<\/div><\/div>\n<\/div>\n\n<div class=\"wp-block-group alignfull is-style-water-drop-right-bottom has-background has-global-padding is-layout-constrained wp-block-group-is-layout-constrained\" style=\"background:linear-gradient(0deg,#F6F9F4 0%,#ECF2E6 35%,#A9C294 100%)\">\n<div style=\"height:var(--wp--preset--spacing--xxl)\" aria-hidden=\"true\" class=\"wp-block-spacer\"><\/div>\n\n\n\n<div class=\"wp-block-group alignfull has-global-padding is-layout-constrained wp-block-group-is-layout-constrained\">\n<div class=\"wp-block-group alignfull z-0 is-layout-flow wp-container-core-group-is-layout-af78ee7c wp-block-group-is-layout-flow\" style=\"margin-bottom:-3rem;padding-right:0;padding-left:0\">\n<p class=\"is-style-hash has-real-white-color has-text-color has-link-color has-xl-font-size wp-elements-622d22170b2b1fe17d49a76345029551 is-style-hash--12\" style=\"margin-left:-3rem;font-style:normal;font-weight:700;text-transform:uppercase\">RELAX<\/p>\n<\/div>\n\n\n\n<div class=\"wp-block-group alignfull z-1 has-global-padding is-layout-constrained wp-block-group-is-layout-constrained\">\n<div class=\"wp-block-columns alignfull hrz-reponsive-order is-style-tablette-wrap-reverse hrz-responsive-col is-layout-flex wp-container-core-columns-is-layout-75380824 wp-block-columns-is-layout-flex\" style=\"margin-top:0;margin-bottom:0;padding-top:0;padding-right:0;padding-bottom:0;padding-left:0\">\n<div class=\"wp-block-column is-vertically-aligned-bottom is-layout-flow wp-block-column-is-layout-flow\" style=\"padding-right:0;padding-left:0\">\n<div class=\"wp-block-group alignfull swiper swiper-slider-left is-layout-flow wp-block-group-is-layout-flow\" style=\"margin-top:0;margin-bottom:0;padding-top:0;padding-right:0;padding-bottom:0;padding-left:0\">\n<div class=\"wp-block-group swiper-wrapper is-content-justification-left is-nowrap is-layout-flex wp-container-core-group-is-layout-4552e0e2 wp-block-group-is-layout-flex\" style=\"margin-top:0;margin-bottom:0;padding-top:0;padding-right:0;padding-bottom:0;padding-left:0\">\n<div class=\"wp-block-group swiper-slide has-global-padding is-layout-constrained wp-block-group-is-layout-constrained\">\n<figure class=\"wp-block-image size-slide_image_680x380 is-style-rounded is-style-rounded--13\"><a href=\"https:\/\/www.alsace-chalets.fr\/wp-content\/uploads\/2025\/10\/services-camping-wormsa-alsace_03.webp\" rel=\"slider-image-5\"><img alt=\"\" decoding=\"async\" width=\"680\" height=\"380\" src=\"https:\/\/www.alsace-chalets.fr\/wp-content\/uploads\/2025\/10\/services-camping-wormsa-alsace_03-680x380.webp\" alt=\"\" class=\"wp-image-457\"\/><\/a><\/figure>\n<\/div>\n\n\n\n<div class=\"wp-block-group swiper-slide has-global-padding is-layout-constrained wp-block-group-is-layout-constrained\">\n<figure class=\"wp-block-image size-slide_image_680x380 is-style-rounded is-style-rounded--14\"><a href=\"https:\/\/www.alsace-chalets.fr\/wp-content\/uploads\/2026\/01\/20251018_105132-scaled.jpg\" rel=\"slider-image-5\"><img alt=\"\" decoding=\"async\" width=\"680\" height=\"380\" src=\"https:\/\/www.alsace-chalets.fr\/wp-content\/uploads\/2026\/01\/20251018_105132-680x380.jpg\" alt=\"\" class=\"wp-image-41577\" srcset=\"https:\/\/www.alsace-chalets.fr\/wp-content\/uploads\/2026\/01\/20251018_105132-680x380.jpg 680w, https:\/\/www.alsace-chalets.fr\/wp-content\/uploads\/2026\/01\/20251018_105132-300x169.jpg 300w, https:\/\/www.alsace-chalets.fr\/wp-content\/uploads\/2026\/01\/20251018_105132-60x34.jpg 60w, https:\/\/www.alsace-chalets.fr\/wp-content\/uploads\/2026\/01\/20251018_105132-430x240.jpg 430w, https:\/\/www.alsace-chalets.fr\/wp-content\/uploads\/2026\/01\/20251018_105132-375x210.jpg 375w, https:\/\/www.alsace-chalets.fr\/wp-content\/uploads\/2026\/01\/20251018_105132-200x112.jpg 200w, https:\/\/www.alsace-chalets.fr\/wp-content\/uploads\/2026\/01\/20251018_105132-100x56.jpg 100w\" sizes=\"(max-width: 680px) 100vw, 680px\" \/><\/a><\/figure>\n<\/div>\n\n\n\n<div class=\"wp-block-group swiper-slide has-global-padding is-layout-constrained wp-block-group-is-layout-constrained\">\n<figure class=\"wp-block-image size-slide_image_680x380 has-custom-border is-style-rounded is-style-rounded--15\"><a href=\"https:\/\/www.alsace-chalets.fr\/wp-content\/uploads\/2025\/10\/services-camping-wormsa-alsace_02.webp\" rel=\"slider-image-5\"><img alt=\"\" decoding=\"async\" width=\"680\" height=\"380\" src=\"https:\/\/www.alsace-chalets.fr\/wp-content\/uploads\/2025\/10\/services-camping-wormsa-alsace_02-680x380.webp\" alt=\"\" class=\"wp-image-456\" style=\"border-radius:8px\"\/><\/a><\/figure>\n<\/div>\n<\/div>\n\n\n\n<div class=\"wp-block-group hrz-slider-left-pagination hrz-slider-dots has-global-padding is-content-justification-right is-layout-constrained wp-container-core-group-is-layout-f1f2ed93 wp-block-group-is-layout-constrained\" style=\"border-radius:8px\"><\/div>\n<\/div>\n<\/div>\n\n\n\n<div class=\"wp-block-column is-layout-flow wp-block-column-is-layout-flow\">\n<div class=\"wp-block-group has-global-padding is-content-justification-left is-layout-constrained wp-container-core-group-is-layout-6a1fcd2c wp-block-group-is-layout-constrained\">\n<div class=\"wp-block-group has-global-padding is-layout-constrained wp-container-core-group-is-layout-be04af43 wp-block-group-is-layout-constrained\" style=\"margin-top:0;margin-bottom:0\">\n<p class=\"has-text-align-left is-style-toptitle is-style-toptitle--16\">Advies, informatie en diensten op maat<\/p>\n\n\n\n<h2 class=\"wp-block-heading has-text-align-left is-style-title is-style-title--17\" style=\"padding-top:var(--wp--preset--spacing--xs)\">Receptiediensten<\/h2>\n<\/div>\n\n\n\n<div class=\"wp-block-group is-style-border-left has-global-padding is-layout-constrained wp-container-core-group-is-layout-9c8dac04 wp-block-group-is-layout-constrained is-style-border-left--18\">\n<div class=\"wp-block-group has-global-padding is-layout-constrained wp-block-group-is-layout-constrained\">\n<p class=\"has-text-align-left\">De receptie van de Chalets de la Wormsa is het kloppende hart van de camping, een plek waar je je meteen thuis voelt. Ons team staat voor je klaar om je een persoonlijke service te bieden en al je vragen te beantwoorden. Of je nu informatie nodig hebt over activiteiten in de buurt, advies over excursies of last-minute boekingen, wij zijn er om je te helpen.  <br\/><br\/>We kunnen je in contact brengen met de perfecte fietsverhuurbedrijven om de omgeving op je eigen tempo te verkennen. Ook voor wandelliefhebbers is er genoeg te doen, met talloze paden die direct vanaf de camping toegankelijk zijn, waaronder een wandeling naar de Ours de la Wormsa, een meer op 2 uur afstand, of een dagtocht naar de top, de Hohneck. En voor wie verbonden wil blijven, is er wifi beschikbaar in het restaurant, de bar en op het terras.  <br\/><br\/>Tot slot biedt onze boetiek een selectie lokale en essenti\u00eble producten, zodat het je aan niets ontbreekt tijdens je verblijf. Of je nu een fles Elzaswijn nodig hebt bij je diner of een souvenir om mee naar huis te nemen, bij de receptie vind je alles wat je nodig hebt. <br\/><br\/>Door te kiezen voor Les Chalets de la Wormsa, kiest u voor een vakantie waar elke service is ontworpen voor uw comfort en plezier. Wij kijken ernaar uit u te verwelkomen en de schoonheid en rijkdom van onze streek met u te delen. Wacht niet langer om je verblijf te boeken en ontdek alles wat onze camping te bieden heeft.  <\/p>\n<\/div>\n<\/div>\n<\/div>\n<\/div>\n<\/div>\n<\/div>\n<\/div>\n<\/div>\n\n<div style=\"height:var(--wp--preset--spacing--xxl)\" aria-hidden=\"true\" class=\"wp-block-spacer\"><\/div>\n","protected":false},"excerpt":{"rendered":"<p>Tussen Elzasser charme en eersteklas services 4-sterren camping in Colmar Welkom bij Les Chalets de la Wormsa, een 4-sterrencamping in het hart van de Haut-Rhin, vlakbij Colmar. Hier is aan elk detail gedacht om alle vakantiegangers een unieke en onvergetelijke ervaring te bieden. Of je nu op zoek bent naar ontspanning, avontuur of familieplezier, onze [&hellip;]<\/p>\n","protected":false},"author":1,"featured_media":0,"parent":0,"menu_order":108,"comment_status":"closed","ping_status":"closed","template":"page-full-width","meta":{"_acf_changed":false,"_seopress_robots_primary_cat":"","_seopress_titles_title":"Camping 4 \u00c9toiles Alsace | Camping avec piscine en Alsace","_seopress_titles_desc":"S\u00e9journez en Alsace dans un camping 4 \u00e9toiles avec piscine, ouvert toute l\u2019ann\u00e9e. Nature, randonn\u00e9es, neige ou balades estivales : profitez des Vosges au fil des saisons.","_seopress_robots_index":"","footnotes":""},"class_list":["post-37924","page","type-page","status-publish","hentry"],"acf":[],"_links":{"self":[{"href":"https:\/\/www.alsace-chalets.fr\/nl\/wp-json\/wp\/v2\/pages\/37924","targetHints":{"allow":["GET"]}}],"collection":[{"href":"https:\/\/www.alsace-chalets.fr\/nl\/wp-json\/wp\/v2\/pages"}],"about":[{"href":"https:\/\/www.alsace-chalets.fr\/nl\/wp-json\/wp\/v2\/types\/page"}],"author":[{"embeddable":true,"href":"https:\/\/www.alsace-chalets.fr\/nl\/wp-json\/wp\/v2\/users\/1"}],"replies":[{"embeddable":true,"href":"https:\/\/www.alsace-chalets.fr\/nl\/wp-json\/wp\/v2\/comments?post=37924"}],"version-history":[{"count":3,"href":"https:\/\/www.alsace-chalets.fr\/nl\/wp-json\/wp\/v2\/pages\/37924\/revisions"}],"predecessor-version":[{"id":41914,"href":"https:\/\/www.alsace-chalets.fr\/nl\/wp-json\/wp\/v2\/pages\/37924\/revisions\/41914"}],"wp:attachment":[{"href":"https:\/\/www.alsace-chalets.fr\/nl\/wp-json\/wp\/v2\/media?parent=37924"}],"curies":[{"name":"wp","href":"https:\/\/api.w.org\/{rel}","templated":true}]}}