{"id":38103,"date":"2025-10-02T17:52:31","date_gmt":"2025-10-02T15:52:31","guid":{"rendered":"https:\/\/www.alsace-chalets.fr\/our-accommodations\/our-chalets\/"},"modified":"2026-03-16T13:45:15","modified_gmt":"2026-03-16T12:45:15","slug":"our-chalets","status":"publish","type":"page","link":"https:\/\/www.alsace-chalets.fr\/en\/our-accommodations\/our-chalets\/","title":{"rendered":"Our chalets"},"content":{"rendered":"\n<div class=\"wp-block-cover alignfull hrz-hero is-style-pine-decoration is-style-pine-decoration--1\" style=\"margin-top:0;margin-bottom:0;padding-top:20rem;padding-bottom:20rem\"><img decoding=\"async\" width=\"2400\" height=\"1601\" class=\"wp-block-cover__image-background wp-image-1626 size-full\" alt=\"chalets grand 10p wormsa alsace 01\" src=\"https:\/\/www.alsace-chalets.fr\/wp-content\/uploads\/2025\/11\/chalets-grand-10p-wormsa-alsace_01.webp\" data-object-fit=\"cover\" srcset=\"https:\/\/www.alsace-chalets.fr\/wp-content\/uploads\/2025\/11\/chalets-grand-10p-wormsa-alsace_01.webp 2400w, https:\/\/www.alsace-chalets.fr\/wp-content\/uploads\/2025\/11\/chalets-grand-10p-wormsa-alsace_01-300x200.webp 300w, https:\/\/www.alsace-chalets.fr\/wp-content\/uploads\/2025\/11\/chalets-grand-10p-wormsa-alsace_01-1024x683.webp 1024w, https:\/\/www.alsace-chalets.fr\/wp-content\/uploads\/2025\/11\/chalets-grand-10p-wormsa-alsace_01-768x512.webp 768w, https:\/\/www.alsace-chalets.fr\/wp-content\/uploads\/2025\/11\/chalets-grand-10p-wormsa-alsace_01-60x40.webp 60w\" sizes=\"(max-width: 2400px) 100vw, 2400px\" \/><span aria-hidden=\"true\" class=\"wp-block-cover__background has-background-dim-30 has-background-dim wp-block-cover__gradient-background has-background-gradient\" style=\"background:linear-gradient(0deg,rgb(1,1,1) 0%,rgba(0,0,0,0) 100%)\"><\/span><div class=\"wp-block-cover__inner-container has-global-padding is-layout-constrained wp-container-core-cover-is-layout-31021642 wp-block-cover-is-layout-constrained\">\n<p class=\"has-text-align-center is-style-top-title pine-cone-title is-style-title has-background-color has-text-color has-link-color has-large-font-size wp-elements-c5aa489dd87dcac0ffeb3521338c72a8 is-style-title--2\" style=\"text-transform:uppercase\"><strong>Our chalets<\/strong><\/p>\n<\/div><\/div>\n<div style=\"padding-left:var(--wp--preset--spacing--s);padding-top:var(--wp--preset--spacing--s);padding-bottom:var(--wp--preset--spacing--s);\" class=\"alignfull wp-elements-5cd3591c1ade14a972751d58f754b855 wp-block-wpseopress-breadcrumbs has-text-color has-primary-color\"><nav  aria-label=\"breadcrumb\"><ol class=\"breadcrumb\" itemscope itemtype=\"https:\/\/schema.org\/BreadcrumbList\"><li class=\"breadcrumb-item active\" aria-current=\"page\" itemprop=\"itemListElement\" itemscope itemtype=\"https:\/\/schema.org\/ListItem\"><span itemprop=\"name\">Camping en Alsace<\/span><meta itemprop=\"position\" content=\"1\"><\/li><\/ol><\/nav><\/div>\n<div class=\"wp-block-group alignfull has-global-padding is-layout-constrained wp-block-group-is-layout-constrained\" style=\"margin-top:var(--wp--preset--spacing--xl);margin-bottom:var(--wp--preset--spacing--xl)\">\n<div class=\"wp-block-group alignfull is-style-tree-left-bottom has-global-padding is-layout-constrained wp-container-core-group-is-layout-e3586065 wp-block-group-is-layout-constrained\" style=\"padding-right:var(--wp--preset--spacing--xxs);padding-left:var(--wp--preset--spacing--xxs)\">\n<div class=\"wp-block-group z-1 has-global-padding is-layout-constrained wp-container-core-group-is-layout-9c8dac04 wp-block-group-is-layout-constrained\">\n<div class=\"wp-block-group has-global-padding is-layout-constrained wp-container-core-group-is-layout-2f23b1a8 wp-block-group-is-layout-constrained\">\n<p class=\"has-text-align-center is-style-toptitle is-style-toptitle--3\">Cosy accommodation for 2 to 6 people<\/p>\n\n\n\n<h2 class=\"wp-block-heading has-text-align-center is-style-title is-style-title--4\">The Wormsa chalets<\/h2>\n<\/div>\n\n\n\n<div class=\"wp-block-group has-global-padding is-layout-constrained wp-block-group-is-layout-constrained\">\n<p class=\"has-text-align-center\">All our chalets are fully equipped with kitchenette, at least one separate bedroom, beds with comforters, pillows and blankets, private bathroom, large outdoor terrace with mountain views.<br\/><br\/>Bed linen, towels and end-of-stay cleaning are included.<\/p>\n<\/div>\n\n\n\n\t<div class=\"alignfull swiper-hebergement-static is-layout-flow wp-block-query-camping-rest-static-is-layout-flow\">\n\t\t<ul class=\"static-hebergement-listing swiper-wrapper\">\n\t\t\t<style>:root { --static-query-color: #025647; }<\/style>\t\t\t\t<li class=\"swiper-slide\">\n\t\t\t\t\t<div class=\"wp-block-group card-gamme-static is-style-default is-style-relative\" \t\t\t\t\t\t>\n\t\t\t\t\t\t<div class=\"wp-block-group thumbnail-image\">\n\t\t\t\t\t\t\t<a href=\"https:\/\/www.alsace-chalets.fr\/en\/hebergements\/chalet-confort-2-people-1-bedroom\/\" title=\"Chalet Confort 2 people 1 bedroom\">\n\t\t\t\t\t\t\t\t<figure class=\"wp-block-image alignfull size-large\" style=\"margin:0;\">\n\t\t\t\t\t\t\t\t\t<img decoding=\"async\" src=\"https:\/\/www.alsace-chalets.fr\/wp-content\/uploads\/2025\/11\/chalets-confort-2chambre-wormsa-alsace_01-1024x683.webp\"\n\t\t\t\t\t\t\t\t\t\talt=\"Chalet Confort 2 people 1 bedroom\" \/>\n\t\t\t\t\t\t\t\t<\/figure>\n\t\t\t\t\t\t\t<\/a>\n\t\t\t\t\t\t<\/div>\n\n\n\t\t\t\t\t\t<div class=\"wp-block-group has-white-background-color has-background card-content\">\n\t\t\t\t\t\t\t<div class=\"wp-block-group content\">\n\t\t\t\t\t\t\t\t<h3 class=\"wp-block-heading\">\n\t\t\t\t\t\t\t\t\tChalet Confort 2 people 1 bedroom\t\t\t\t\t\t\t\t<\/h3>\n\n\t\t\t\t\t\t\t\t\t\t\t\t\t\t\t<\/div>\n\n\t\t\t\t\t\t\t<div class=\"wp-block-group card-price has-background\">\n\t\t\t\t\t\t\t\t<div class=\"booking_default\">\n\t\t\t\t\t\t\t\t\t<p class=\"has-text-align-right has-m-font-size\">From<\/p>\n\n\t\t\t\t\t\t\t\t\t<p class=\"has-text-align-right booking_price has-secondary-font-family\">\n\t\t\t\t\t\t\t\t\t\t\t\t\t\t\t\t\t\t\t<\/p>\n\t\t\t\t\t\t\t\t\t<p class=\"has-text-align-right booking_no_discount has-secondary-font-family has-xxxl-font-size\">\n\t\t\t\t\t\t\t\t\t\t100 \u20ac\t\t\t\t\t\t\t\t\t<\/p>\n\n\t\t\t\t\t\t\t\t\t<p class=\"has-text-align-right has-s-font-size\">\n\t\t\t\t\t\t\t\t\t\t\/ at night\t\t\t\t\t\t\t\t\t<\/p>\n\t\t\t\t\t\t\t\t<\/div>\n\t\t\t\t\t\t\t<\/div>\n\t\t\t\t\t\t<\/div>\n\n\t\t\t\t\t\t<div class=\"wp-block-buttons has-custom-font-size has-l-font-size\">\n\t\t\t\t\t\t\t<div\n\t\t\t\t\t\t\t\tclass=\"wp-block-button has-custom-width wp-block-button__width-100 has-custom-font-size booking-btn has-secondary-font-family\">\n\t\t\t\t\t\t\t\t<a href=\"https:\/\/www.alsace-chalets.fr\/en\/hebergements\/chalet-confort-2-people-1-bedroom\/\"\n\t\t\t\t\t\t\t\t\tclass=\"wp-block-button__link has-white-color has-text-color has-background has-link-color has-text-align-center wp-element-button\">\n\t\t\t\t\t\t\t\t\tDiscover\t\t\t\t\t\t\t\t<\/a>\n\t\t\t\t\t\t\t<\/div>\n\t\t\t\t\t\t<\/div>\n\t\t\t\t\t<\/div>\n\t\t\t\t<\/li>\n\n\t\t\t\t\t\t\t<li class=\"swiper-slide\">\n\t\t\t\t\t<div class=\"wp-block-group card-gamme-static is-style-default is-style-relative\" \t\t\t\t\t\t>\n\t\t\t\t\t\t<div class=\"wp-block-group thumbnail-image\">\n\t\t\t\t\t\t\t<a href=\"https:\/\/www.alsace-chalets.fr\/en\/hebergements\/chalet-ours-confort-2-people-1-bedroom\/\" title=\"Chalet Ours Confort + 2 people 1 bedroom\">\n\t\t\t\t\t\t\t\t<figure class=\"wp-block-image alignfull size-large\" style=\"margin:0;\">\n\t\t\t\t\t\t\t\t\t<img decoding=\"async\" src=\"https:\/\/www.alsace-chalets.fr\/wp-content\/uploads\/2025\/11\/chalets-confort-2-pers-ours-wormsa-alsace_01-1024x683.webp\"\n\t\t\t\t\t\t\t\t\t\talt=\"Chalet Ours Confort + 2 people 1 bedroom\" \/>\n\t\t\t\t\t\t\t\t<\/figure>\n\t\t\t\t\t\t\t<\/a>\n\t\t\t\t\t\t<\/div>\n\n\n\t\t\t\t\t\t<div class=\"wp-block-group has-white-background-color has-background card-content\">\n\t\t\t\t\t\t\t<div class=\"wp-block-group content\">\n\t\t\t\t\t\t\t\t<h3 class=\"wp-block-heading\">\n\t\t\t\t\t\t\t\t\tChalet Ours Confort + 2 people 1 bedroom\t\t\t\t\t\t\t\t<\/h3>\n\n\t\t\t\t\t\t\t\t\t\t\t\t\t\t\t<\/div>\n\n\t\t\t\t\t\t\t<div class=\"wp-block-group card-price has-background\">\n\t\t\t\t\t\t\t\t<div class=\"booking_default\">\n\t\t\t\t\t\t\t\t\t<p class=\"has-text-align-right has-m-font-size\">From<\/p>\n\n\t\t\t\t\t\t\t\t\t<p class=\"has-text-align-right booking_price has-secondary-font-family\">\n\t\t\t\t\t\t\t\t\t\t\t\t\t\t\t\t\t\t\t<\/p>\n\t\t\t\t\t\t\t\t\t<p class=\"has-text-align-right booking_no_discount has-secondary-font-family has-xxxl-font-size\">\n\t\t\t\t\t\t\t\t\t\t130 \u20ac\t\t\t\t\t\t\t\t\t<\/p>\n\n\t\t\t\t\t\t\t\t\t<p class=\"has-text-align-right has-s-font-size\">\n\t\t\t\t\t\t\t\t\t\t\/ at night\t\t\t\t\t\t\t\t\t<\/p>\n\t\t\t\t\t\t\t\t<\/div>\n\t\t\t\t\t\t\t<\/div>\n\t\t\t\t\t\t<\/div>\n\n\t\t\t\t\t\t<div class=\"wp-block-buttons has-custom-font-size has-l-font-size\">\n\t\t\t\t\t\t\t<div\n\t\t\t\t\t\t\t\tclass=\"wp-block-button has-custom-width wp-block-button__width-100 has-custom-font-size booking-btn has-secondary-font-family\">\n\t\t\t\t\t\t\t\t<a href=\"https:\/\/www.alsace-chalets.fr\/en\/hebergements\/chalet-ours-confort-2-people-1-bedroom\/\"\n\t\t\t\t\t\t\t\t\tclass=\"wp-block-button__link has-white-color has-text-color has-background has-link-color has-text-align-center wp-element-button\">\n\t\t\t\t\t\t\t\t\tDiscover\t\t\t\t\t\t\t\t<\/a>\n\t\t\t\t\t\t\t<\/div>\n\t\t\t\t\t\t<\/div>\n\t\t\t\t\t<\/div>\n\t\t\t\t<\/li>\n\n\t\t\t\t\t\t\t<li class=\"swiper-slide\">\n\t\t\t\t\t<div class=\"wp-block-group card-gamme-static is-style-default is-style-relative\" \t\t\t\t\t\t>\n\t\t\t\t\t\t<div class=\"wp-block-group thumbnail-image\">\n\t\t\t\t\t\t\t<a href=\"https:\/\/www.alsace-chalets.fr\/en\/hebergements\/chalet-classique-4-people-2-bedrooms\/\" title=\"Chalet Classique 4 people 2 bedrooms\">\n\t\t\t\t\t\t\t\t<figure class=\"wp-block-image alignfull size-large\" style=\"margin:0;\">\n\t\t\t\t\t\t\t\t\t<img decoding=\"async\" src=\"https:\/\/www.alsace-chalets.fr\/wp-content\/uploads\/2025\/11\/chalets-classique-wormsa-alsace_05-1024x683.webp\"\n\t\t\t\t\t\t\t\t\t\talt=\"Chalet Classique 4 people 2 bedrooms\" \/>\n\t\t\t\t\t\t\t\t<\/figure>\n\t\t\t\t\t\t\t<\/a>\n\t\t\t\t\t\t<\/div>\n\n\n\t\t\t\t\t\t<div class=\"wp-block-group has-white-background-color has-background card-content\">\n\t\t\t\t\t\t\t<div class=\"wp-block-group content\">\n\t\t\t\t\t\t\t\t<h3 class=\"wp-block-heading\">\n\t\t\t\t\t\t\t\t\tChalet Classique 4 people 2 bedrooms\t\t\t\t\t\t\t\t<\/h3>\n\n\t\t\t\t\t\t\t\t\t\t\t\t\t\t\t<\/div>\n\n\t\t\t\t\t\t\t<div class=\"wp-block-group card-price has-background\">\n\t\t\t\t\t\t\t\t<div class=\"booking_default\">\n\t\t\t\t\t\t\t\t\t<p class=\"has-text-align-right has-m-font-size\">From<\/p>\n\n\t\t\t\t\t\t\t\t\t<p class=\"has-text-align-right booking_price has-secondary-font-family\">\n\t\t\t\t\t\t\t\t\t\t\t\t\t\t\t\t\t\t\t<\/p>\n\t\t\t\t\t\t\t\t\t<p class=\"has-text-align-right booking_no_discount has-secondary-font-family has-xxxl-font-size\">\n\t\t\t\t\t\t\t\t\t\t115\u20ac\t\t\t\t\t\t\t\t\t<\/p>\n\n\t\t\t\t\t\t\t\t\t<p class=\"has-text-align-right has-s-font-size\">\n\t\t\t\t\t\t\t\t\t\t\/ at night\t\t\t\t\t\t\t\t\t<\/p>\n\t\t\t\t\t\t\t\t<\/div>\n\t\t\t\t\t\t\t<\/div>\n\t\t\t\t\t\t<\/div>\n\n\t\t\t\t\t\t<div class=\"wp-block-buttons has-custom-font-size has-l-font-size\">\n\t\t\t\t\t\t\t<div\n\t\t\t\t\t\t\t\tclass=\"wp-block-button has-custom-width wp-block-button__width-100 has-custom-font-size booking-btn has-secondary-font-family\">\n\t\t\t\t\t\t\t\t<a href=\"https:\/\/www.alsace-chalets.fr\/en\/hebergements\/chalet-classique-4-people-2-bedrooms\/\"\n\t\t\t\t\t\t\t\t\tclass=\"wp-block-button__link has-white-color has-text-color has-background has-link-color has-text-align-center wp-element-button\">\n\t\t\t\t\t\t\t\t\tDiscover\t\t\t\t\t\t\t\t<\/a>\n\t\t\t\t\t\t\t<\/div>\n\t\t\t\t\t\t<\/div>\n\t\t\t\t\t<\/div>\n\t\t\t\t<\/li>\n\n\t\t\t\t\t\t\t<li class=\"swiper-slide\">\n\t\t\t\t\t<div class=\"wp-block-group card-gamme-static is-style-default is-style-relative\" \t\t\t\t\t\t>\n\t\t\t\t\t\t<div class=\"wp-block-group thumbnail-image\">\n\t\t\t\t\t\t\t<a href=\"https:\/\/www.alsace-chalets.fr\/en\/hebergements\/chalet-confort-4-people-2-bedrooms\/\" title=\"Chalet Confort 4 people 2 bedrooms\">\n\t\t\t\t\t\t\t\t<figure class=\"wp-block-image alignfull size-large\" style=\"margin:0;\">\n\t\t\t\t\t\t\t\t\t<img decoding=\"async\" src=\"https:\/\/www.alsace-chalets.fr\/wp-content\/uploads\/2025\/11\/chalets-confort-3ch-wormsa-alsace_01-1024x683.webp\"\n\t\t\t\t\t\t\t\t\t\talt=\"Chalet Confort 4 people 2 bedrooms\" \/>\n\t\t\t\t\t\t\t\t<\/figure>\n\t\t\t\t\t\t\t<\/a>\n\t\t\t\t\t\t<\/div>\n\n\n\t\t\t\t\t\t<div class=\"wp-block-group has-white-background-color has-background card-content\">\n\t\t\t\t\t\t\t<div class=\"wp-block-group content\">\n\t\t\t\t\t\t\t\t<h3 class=\"wp-block-heading\">\n\t\t\t\t\t\t\t\t\tChalet Confort 4 people 2 bedrooms\t\t\t\t\t\t\t\t<\/h3>\n\n\t\t\t\t\t\t\t\t\t\t\t\t\t\t\t<\/div>\n\n\t\t\t\t\t\t\t<div class=\"wp-block-group card-price has-background\">\n\t\t\t\t\t\t\t\t<div class=\"booking_default\">\n\t\t\t\t\t\t\t\t\t<p class=\"has-text-align-right has-m-font-size\">From<\/p>\n\n\t\t\t\t\t\t\t\t\t<p class=\"has-text-align-right booking_price has-secondary-font-family\">\n\t\t\t\t\t\t\t\t\t\t\t\t\t\t\t\t\t\t\t<\/p>\n\t\t\t\t\t\t\t\t\t<p class=\"has-text-align-right booking_no_discount has-secondary-font-family has-xxxl-font-size\">\n\t\t\t\t\t\t\t\t\t\t135 \u20ac\t\t\t\t\t\t\t\t\t<\/p>\n\n\t\t\t\t\t\t\t\t\t<p class=\"has-text-align-right has-s-font-size\">\n\t\t\t\t\t\t\t\t\t\t\/ at night\t\t\t\t\t\t\t\t\t<\/p>\n\t\t\t\t\t\t\t\t<\/div>\n\t\t\t\t\t\t\t<\/div>\n\t\t\t\t\t\t<\/div>\n\n\t\t\t\t\t\t<div class=\"wp-block-buttons has-custom-font-size has-l-font-size\">\n\t\t\t\t\t\t\t<div\n\t\t\t\t\t\t\t\tclass=\"wp-block-button has-custom-width wp-block-button__width-100 has-custom-font-size booking-btn has-secondary-font-family\">\n\t\t\t\t\t\t\t\t<a href=\"https:\/\/www.alsace-chalets.fr\/en\/hebergements\/chalet-confort-4-people-2-bedrooms\/\"\n\t\t\t\t\t\t\t\t\tclass=\"wp-block-button__link has-white-color has-text-color has-background has-link-color has-text-align-center wp-element-button\">\n\t\t\t\t\t\t\t\t\tDiscover\t\t\t\t\t\t\t\t<\/a>\n\t\t\t\t\t\t\t<\/div>\n\t\t\t\t\t\t<\/div>\n\t\t\t\t\t<\/div>\n\t\t\t\t<\/li>\n\n\t\t\t\t\t\t\t<li class=\"swiper-slide\">\n\t\t\t\t\t<div class=\"wp-block-group card-gamme-static is-style-default is-style-relative\" \t\t\t\t\t\t>\n\t\t\t\t\t\t<div class=\"wp-block-group thumbnail-image\">\n\t\t\t\t\t\t\t<a href=\"https:\/\/www.alsace-chalets.fr\/en\/hebergements\/chalet-confort-5-people-3-bedrooms\/\" title=\"Chalet Confort 5 people 3 bedrooms\">\n\t\t\t\t\t\t\t\t<figure class=\"wp-block-image alignfull size-large\" style=\"margin:0;\">\n\t\t\t\t\t\t\t\t\t<img decoding=\"async\" src=\"https:\/\/www.alsace-chalets.fr\/wp-content\/uploads\/2025\/11\/chalets-confort-5p-wormsa-alsace_01-1024x683.webp\"\n\t\t\t\t\t\t\t\t\t\talt=\"Chalet Confort 5 people 3 bedrooms\" \/>\n\t\t\t\t\t\t\t\t<\/figure>\n\t\t\t\t\t\t\t<\/a>\n\t\t\t\t\t\t<\/div>\n\n\n\t\t\t\t\t\t<div class=\"wp-block-group has-white-background-color has-background card-content\">\n\t\t\t\t\t\t\t<div class=\"wp-block-group content\">\n\t\t\t\t\t\t\t\t<h3 class=\"wp-block-heading\">\n\t\t\t\t\t\t\t\t\tChalet Confort 5 people 3 bedrooms\t\t\t\t\t\t\t\t<\/h3>\n\n\t\t\t\t\t\t\t\t\t\t\t\t\t\t\t<\/div>\n\n\t\t\t\t\t\t\t<div class=\"wp-block-group card-price has-background\">\n\t\t\t\t\t\t\t\t<div class=\"booking_default\">\n\t\t\t\t\t\t\t\t\t<p class=\"has-text-align-right has-m-font-size\">From<\/p>\n\n\t\t\t\t\t\t\t\t\t<p class=\"has-text-align-right booking_price has-secondary-font-family\">\n\t\t\t\t\t\t\t\t\t\t\t\t\t\t\t\t\t\t\t<\/p>\n\t\t\t\t\t\t\t\t\t<p class=\"has-text-align-right booking_no_discount has-secondary-font-family has-xxxl-font-size\">\n\t\t\t\t\t\t\t\t\t\t150 \u20ac\t\t\t\t\t\t\t\t\t<\/p>\n\n\t\t\t\t\t\t\t\t\t<p class=\"has-text-align-right has-s-font-size\">\n\t\t\t\t\t\t\t\t\t\t\/ at night\t\t\t\t\t\t\t\t\t<\/p>\n\t\t\t\t\t\t\t\t<\/div>\n\t\t\t\t\t\t\t<\/div>\n\t\t\t\t\t\t<\/div>\n\n\t\t\t\t\t\t<div class=\"wp-block-buttons has-custom-font-size has-l-font-size\">\n\t\t\t\t\t\t\t<div\n\t\t\t\t\t\t\t\tclass=\"wp-block-button has-custom-width wp-block-button__width-100 has-custom-font-size booking-btn has-secondary-font-family\">\n\t\t\t\t\t\t\t\t<a href=\"https:\/\/www.alsace-chalets.fr\/en\/hebergements\/chalet-confort-5-people-3-bedrooms\/\"\n\t\t\t\t\t\t\t\t\tclass=\"wp-block-button__link has-white-color has-text-color has-background has-link-color has-text-align-center wp-element-button\">\n\t\t\t\t\t\t\t\t\tDiscover\t\t\t\t\t\t\t\t<\/a>\n\t\t\t\t\t\t\t<\/div>\n\t\t\t\t\t\t<\/div>\n\t\t\t\t\t<\/div>\n\t\t\t\t<\/li>\n\n\t\t\t\t\t\t\t<li class=\"swiper-slide\">\n\t\t\t\t\t<div class=\"wp-block-group card-gamme-static is-style-default is-style-relative\" \t\t\t\t\t\t>\n\t\t\t\t\t\t<div class=\"wp-block-group thumbnail-image\">\n\t\t\t\t\t\t\t<a href=\"https:\/\/www.alsace-chalets.fr\/en\/hebergements\/chalet-grand-6-people-3-bedrooms\/\" title=\"Chalet Grand 6 people 3 bedrooms\">\n\t\t\t\t\t\t\t\t<figure class=\"wp-block-image alignfull size-large\" style=\"margin:0;\">\n\t\t\t\t\t\t\t\t\t<img decoding=\"async\" src=\"https:\/\/www.alsace-chalets.fr\/wp-content\/uploads\/2025\/11\/chalet-grand-6-pers-camping-wormsa-alsace_01-1024x683.webp\"\n\t\t\t\t\t\t\t\t\t\talt=\"Chalet Grand 6 people 3 bedrooms\" \/>\n\t\t\t\t\t\t\t\t<\/figure>\n\t\t\t\t\t\t\t<\/a>\n\t\t\t\t\t\t<\/div>\n\n\n\t\t\t\t\t\t<div class=\"wp-block-group has-white-background-color has-background card-content\">\n\t\t\t\t\t\t\t<div class=\"wp-block-group content\">\n\t\t\t\t\t\t\t\t<h3 class=\"wp-block-heading\">\n\t\t\t\t\t\t\t\t\tChalet Grand 6 people 3 bedrooms\t\t\t\t\t\t\t\t<\/h3>\n\n\t\t\t\t\t\t\t\t\t\t\t\t\t\t\t<\/div>\n\n\t\t\t\t\t\t\t<div class=\"wp-block-group card-price has-background\">\n\t\t\t\t\t\t\t\t<div class=\"booking_default\">\n\t\t\t\t\t\t\t\t\t<p class=\"has-text-align-right has-m-font-size\">From<\/p>\n\n\t\t\t\t\t\t\t\t\t<p class=\"has-text-align-right booking_price has-secondary-font-family\">\n\t\t\t\t\t\t\t\t\t\t\t\t\t\t\t\t\t\t\t<\/p>\n\t\t\t\t\t\t\t\t\t<p class=\"has-text-align-right booking_no_discount has-secondary-font-family has-xxxl-font-size\">\n\t\t\t\t\t\t\t\t\t\t175 \u20ac\t\t\t\t\t\t\t\t\t<\/p>\n\n\t\t\t\t\t\t\t\t\t<p class=\"has-text-align-right has-s-font-size\">\n\t\t\t\t\t\t\t\t\t\t\/ at night\t\t\t\t\t\t\t\t\t<\/p>\n\t\t\t\t\t\t\t\t<\/div>\n\t\t\t\t\t\t\t<\/div>\n\t\t\t\t\t\t<\/div>\n\n\t\t\t\t\t\t<div class=\"wp-block-buttons has-custom-font-size has-l-font-size\">\n\t\t\t\t\t\t\t<div\n\t\t\t\t\t\t\t\tclass=\"wp-block-button has-custom-width wp-block-button__width-100 has-custom-font-size booking-btn has-secondary-font-family\">\n\t\t\t\t\t\t\t\t<a href=\"https:\/\/www.alsace-chalets.fr\/en\/hebergements\/chalet-grand-6-people-3-bedrooms\/\"\n\t\t\t\t\t\t\t\t\tclass=\"wp-block-button__link has-white-color has-text-color has-background has-link-color has-text-align-center wp-element-button\">\n\t\t\t\t\t\t\t\t\tDiscover\t\t\t\t\t\t\t\t<\/a>\n\t\t\t\t\t\t\t<\/div>\n\t\t\t\t\t\t<\/div>\n\t\t\t\t\t<\/div>\n\t\t\t\t<\/li>\n\n\t\t\t\t\t\t\t<li class=\"swiper-slide\">\n\t\t\t\t\t<div class=\"wp-block-group card-gamme-static is-style-default is-style-relative\" \t\t\t\t\t\t>\n\t\t\t\t\t\t<div class=\"wp-block-group thumbnail-image\">\n\t\t\t\t\t\t\t<a href=\"https:\/\/www.alsace-chalets.fr\/en\/hebergements\/chalet-group-10-people-4-bedrooms\/\" title=\"Chalet Group 10 people 4 bedrooms\">\n\t\t\t\t\t\t\t\t<figure class=\"wp-block-image alignfull size-large\" style=\"margin:0;\">\n\t\t\t\t\t\t\t\t\t<img decoding=\"async\" src=\"https:\/\/www.alsace-chalets.fr\/wp-content\/uploads\/2025\/11\/chalets-grand-10p-wormsa-alsace_01-1024x683.webp\"\n\t\t\t\t\t\t\t\t\t\talt=\"Chalet Group 10 people 4 bedrooms\" \/>\n\t\t\t\t\t\t\t\t<\/figure>\n\t\t\t\t\t\t\t<\/a>\n\t\t\t\t\t\t<\/div>\n\n\n\t\t\t\t\t\t<div class=\"wp-block-group has-white-background-color has-background card-content\">\n\t\t\t\t\t\t\t<div class=\"wp-block-group content\">\n\t\t\t\t\t\t\t\t<h3 class=\"wp-block-heading\">\n\t\t\t\t\t\t\t\t\tChalet Group 10 people 4 bedrooms\t\t\t\t\t\t\t\t<\/h3>\n\n\t\t\t\t\t\t\t\t\t\t\t\t\t\t\t<\/div>\n\n\t\t\t\t\t\t\t<div class=\"wp-block-group card-price has-background\">\n\t\t\t\t\t\t\t\t<div class=\"booking_default\">\n\t\t\t\t\t\t\t\t\t<p class=\"has-text-align-right has-m-font-size\">From<\/p>\n\n\t\t\t\t\t\t\t\t\t<p class=\"has-text-align-right booking_price has-secondary-font-family\">\n\t\t\t\t\t\t\t\t\t\t\t\t\t\t\t\t\t\t\t<\/p>\n\t\t\t\t\t\t\t\t\t<p class=\"has-text-align-right booking_no_discount has-secondary-font-family has-xxxl-font-size\">\n\t\t\t\t\t\t\t\t\t\t270 \u20ac\t\t\t\t\t\t\t\t\t<\/p>\n\n\t\t\t\t\t\t\t\t\t<p class=\"has-text-align-right has-s-font-size\">\n\t\t\t\t\t\t\t\t\t\t\/ at night\t\t\t\t\t\t\t\t\t<\/p>\n\t\t\t\t\t\t\t\t<\/div>\n\t\t\t\t\t\t\t<\/div>\n\t\t\t\t\t\t<\/div>\n\n\t\t\t\t\t\t<div class=\"wp-block-buttons has-custom-font-size has-l-font-size\">\n\t\t\t\t\t\t\t<div\n\t\t\t\t\t\t\t\tclass=\"wp-block-button has-custom-width wp-block-button__width-100 has-custom-font-size booking-btn has-secondary-font-family\">\n\t\t\t\t\t\t\t\t<a href=\"https:\/\/www.alsace-chalets.fr\/en\/hebergements\/chalet-group-10-people-4-bedrooms\/\"\n\t\t\t\t\t\t\t\t\tclass=\"wp-block-button__link has-white-color has-text-color has-background has-link-color has-text-align-center wp-element-button\">\n\t\t\t\t\t\t\t\t\tDiscover\t\t\t\t\t\t\t\t<\/a>\n\t\t\t\t\t\t\t<\/div>\n\t\t\t\t\t\t<\/div>\n\t\t\t\t\t<\/div>\n\t\t\t\t<\/li>\n\n\t\t\t\t\t<\/ul>\n\n\t<\/div>\n\n\n\n\n<div class=\"wp-block-group has-global-padding is-layout-constrained wp-block-group-is-layout-constrained\">\n<p class=\"has-text-align-center\">In addition, you can add meals such as breakfasts.<br\/>A 4-person wheelchair-accessible 2-bedroom chalet is fully equipped and adapted. This chalet is available through our online booking service. <\/p>\n\n\n\n<h2 class=\"wp-block-heading has-text-align-center is-style-regular-hash is-style-title is-style-title--5\">How to make a reservation<\/h2>\n\n\n\n<p class=\"has-text-align-center\">Two solutions:<\/p>\n\n\n\n<ul start=\"2\" class=\"wp-block-list\">\n<li>Bookings can be made <strong>online<\/strong> with payment by credit card, bank transfer or Connect vacation vouchers.<\/li>\n\n\n\n<li>By post with a <strong>contract<\/strong> by contacting us by telephone or e-mail, payment by cheque, paper vacation vouchers or bank transfer.<\/li>\n<\/ul>\n\n\n\n<p class=\"has-text-align-center\">Reservations by check or bank transfer must be made at least 7 days in advance<br\/><br\/>Arrival times: 3pm-6pm, departure times: 8am-10.30am.<\/p>\n\n\n\n<p class=\"has-text-align-center\">You&#8217;ll find 6 sizes of wooden chalets on the estate, all fully equipped and able to accommodate from 2 to 6 people. You&#8217;ll enjoy free use of the swimming pool and spa area during your stay. Perfectly integrated into nature, you&#8217;ll breathe in the fresh air of the Wormsa valley, in the heart of the Schlucht-Hohneck nature reserve.  <br\/><br\/>Don&#8217;t hesitate to book your tarte flamb\u00e9e evening in the restaurant, or your breakfast in the chalets reception, as our team will be at your service throughout your stay.<\/p>\n<\/div>\n<\/div>\n<\/div>\n\n\n\n<div class=\"wp-block-buttons is-content-justification-center is-layout-flex wp-container-core-buttons-is-layout-8177b73c wp-block-buttons-is-layout-flex\" style=\"padding-top:var(--wp--preset--spacing--xl);padding-bottom:var(--wp--preset--spacing--xl)\">\n<div class=\"wp-block-button is-style-secondary-button-full is-style-secondary-button-full--6\"><a class=\"wp-block-button__link wp-element-button\" href=\"https:\/\/www.secure-hotel-booking.com\/Auberge-et-Chalets-de-la-Wormsa\/2ERD\/fr\/\" target=\"_blank\" rel=\"noreferrer noopener nofollow\">Book<\/a><\/div>\n<\/div>\n\n\n\n<div class=\"wp-block-group alignfull has-global-padding is-content-justification-center is-layout-constrained wp-container-core-group-is-layout-9d7c95e2 wp-block-group-is-layout-constrained\" style=\"margin-top:-3rem\">\n<figure class=\"wp-block-image size-full is-style-stork-nest\" style=\"margin-right:0;margin-left:0\"><img alt=\"\" decoding=\"async\" width=\"395\" height=\"318\" src=\"https:\/\/www.alsace-chalets.fr\/wp-content\/uploads\/2025\/10\/cigogne-2.webp\" alt=\"\" class=\"wp-image-192\" style=\"object-fit:cover\" srcset=\"https:\/\/www.alsace-chalets.fr\/wp-content\/uploads\/2025\/10\/cigogne-2.webp 395w, https:\/\/www.alsace-chalets.fr\/wp-content\/uploads\/2025\/10\/cigogne-2-300x242.webp 300w, https:\/\/www.alsace-chalets.fr\/wp-content\/uploads\/2025\/10\/cigogne-2-60x48.webp 60w\" sizes=\"(max-width: 395px) 100vw, 395px\" \/><\/figure>\n<\/div>\n<\/div>\n\n<div style=\"height:var(--wp--preset--spacing--xxl)\" aria-hidden=\"true\" class=\"wp-block-spacer\"><\/div>\n","protected":false},"excerpt":{"rendered":"<p>Cosy accommodation for 2 to 6 people The Wormsa chalets All our chalets are fully equipped with kitchenette, at least one separate bedroom, beds with comforters, pillows and blankets, private bathroom, large outdoor terrace with mountain views. Bed linen, towels and end-of-stay cleaning are included. In addition, you can add meals such as breakfasts.A 4-person [&hellip;]<\/p>\n","protected":false},"author":1,"featured_media":0,"parent":38093,"menu_order":93,"comment_status":"closed","ping_status":"closed","template":"page-full-width","meta":{"_acf_changed":false,"_seopress_robots_primary_cat":"","_seopress_titles_title":"Location chalet Alsace | 7 Chalets \u00e0 louer \u00e0 Munster au pied des montagnes","_seopress_titles_desc":"Louez votre chalet en Alsace \u00e0 Munster et profitez d\u2019un cadre naturel privil\u00e9gi\u00e9 au c\u0153ur des montagnes vosgiennes. S\u00e9jour d\u00e9tente et plein air garanti.","_seopress_robots_index":"","footnotes":""},"class_list":["post-38103","page","type-page","status-publish","hentry"],"acf":[],"_links":{"self":[{"href":"https:\/\/www.alsace-chalets.fr\/en\/wp-json\/wp\/v2\/pages\/38103","targetHints":{"allow":["GET"]}}],"collection":[{"href":"https:\/\/www.alsace-chalets.fr\/en\/wp-json\/wp\/v2\/pages"}],"about":[{"href":"https:\/\/www.alsace-chalets.fr\/en\/wp-json\/wp\/v2\/types\/page"}],"author":[{"embeddable":true,"href":"https:\/\/www.alsace-chalets.fr\/en\/wp-json\/wp\/v2\/users\/1"}],"replies":[{"embeddable":true,"href":"https:\/\/www.alsace-chalets.fr\/en\/wp-json\/wp\/v2\/comments?post=38103"}],"version-history":[{"count":3,"href":"https:\/\/www.alsace-chalets.fr\/en\/wp-json\/wp\/v2\/pages\/38103\/revisions"}],"predecessor-version":[{"id":42473,"href":"https:\/\/www.alsace-chalets.fr\/en\/wp-json\/wp\/v2\/pages\/38103\/revisions\/42473"}],"up":[{"embeddable":true,"href":"https:\/\/www.alsace-chalets.fr\/en\/wp-json\/wp\/v2\/pages\/38093"}],"wp:attachment":[{"href":"https:\/\/www.alsace-chalets.fr\/en\/wp-json\/wp\/v2\/media?parent=38103"}],"curies":[{"name":"wp","href":"https:\/\/api.w.org\/{rel}","templated":true}]}}