{"id":37968,"date":"2025-10-01T10:09:50","date_gmt":"2025-10-01T08:09:50","guid":{"rendered":"https:\/\/www.alsace-chalets.fr\/video-gallery\/"},"modified":"2026-02-05T15:34:10","modified_gmt":"2026-02-05T14:34:10","slug":"video-gallery","status":"publish","type":"page","link":"https:\/\/www.alsace-chalets.fr\/en\/le-village\/video-gallery\/","title":{"rendered":"Video gallery"},"content":{"rendered":"\n<div class=\"wp-block-cover alignfull hrz-hero is-style-pine-decoration is-style-pine-decoration--1\" style=\"margin-top:0;margin-bottom:0;padding-top:20rem;padding-bottom:20rem\"><img alt=\"\" decoding=\"async\" width=\"2400\" height=\"1440\" class=\"wp-block-cover__image-background wp-image-99 size-16\/9_2560x1440_desktop\" alt=\"\" src=\"https:\/\/www.alsace-chalets.fr\/wp-content\/uploads\/2025\/10\/2-Photoval_008-2400x1440.webp\" data-object-fit=\"cover\"\/><span aria-hidden=\"true\" class=\"wp-block-cover__background has-background-dim-30 has-background-dim wp-block-cover__gradient-background has-background-gradient\" style=\"background:linear-gradient(0deg,rgb(1,1,1) 0%,rgba(0,0,0,0) 100%)\"><\/span><div class=\"wp-block-cover__inner-container has-global-padding is-layout-constrained wp-container-core-cover-is-layout-31021642 wp-block-cover-is-layout-constrained\">\n<p class=\"has-text-align-center is-style-top-title pine-cone-title is-style-title has-background-color has-text-color has-link-color has-large-font-size wp-elements-57f6482da723984fb383088131a336ea is-style-title--2\" style=\"text-transform:uppercase\"><strong>Video gallery<\/strong><\/p>\n<\/div><\/div>\n<div style=\"padding-left:var(--wp--preset--spacing--s);padding-top:var(--wp--preset--spacing--s);padding-bottom:var(--wp--preset--spacing--s);\" class=\"alignfull wp-elements-5cd3591c1ade14a972751d58f754b855 wp-block-wpseopress-breadcrumbs has-text-color has-primary-color\"><nav  aria-label=\"breadcrumb\"><ol class=\"breadcrumb\" itemscope itemtype=\"https:\/\/schema.org\/BreadcrumbList\"><li class=\"breadcrumb-item active\" aria-current=\"page\" itemprop=\"itemListElement\" itemscope itemtype=\"https:\/\/schema.org\/ListItem\"><span itemprop=\"name\">Camping en Alsace<\/span><meta itemprop=\"position\" content=\"1\"><\/li><\/ol><\/nav><\/div>\n<div style=\"height:var(--wp--preset--spacing--xxl)\" aria-hidden=\"true\" class=\"wp-block-spacer\"><\/div>\n\n<div class=\"wp-block-group alignfull has-global-padding is-layout-constrained wp-block-group-is-layout-constrained\">\n<div class=\"wp-block-group alignfull is-style-water-drop-solo-left-bottom has-global-padding is-layout-constrained wp-container-core-group-is-layout-e3586065 wp-block-group-is-layout-constrained\" style=\"padding-right:var(--wp--preset--spacing--xxs);padding-left:var(--wp--preset--spacing--xxs)\">\n<div class=\"wp-block-group z-1 has-global-padding is-layout-constrained wp-container-core-group-is-layout-9c8dac04 wp-block-group-is-layout-constrained\">\n<div class=\"wp-block-group has-global-padding is-layout-constrained wp-container-core-group-is-layout-2f23b1a8 wp-block-group-is-layout-constrained\">\n<p class=\"has-text-align-center is-style-toptitle is-style-toptitle--3\">Immerse yourself in the world of camping with our immersive videos<\/p>\n\n\n\n<h1 class=\"wp-block-heading has-text-align-center is-style-title is-style-title--4\">Video gallery &#8211; Camping Chalets de la Wormsa<\/h1>\n<\/div>\n\n\n\n<div class=\"wp-block-group has-global-padding is-layout-constrained wp-block-group-is-layout-constrained\">\n<p class=\"has-text-align-center\"><br\/>Welcome to the &#8220;Video gallery&#8221; page of Camping Chalets de la Wormsa, located in Metzeral in the Fecht valley. Here you&#8217;ll find several video sequences immersing you in our natural surroundings, our comfortable chalets, our heated swimming pool and our wellness area. These images give you a real taste of your future stay, to help you visualize the ambience and services before you book.  <\/p>\n<\/div>\n<\/div>\n\n\n\n<div class=\"wp-block-group alignfull z-0 is-content-justification-right is-nowrap is-layout-flex wp-container-core-group-is-layout-7a55f7ab wp-block-group-is-layout-flex\" style=\"padding-top:0;padding-right:var(--wp--preset--spacing--l);padding-bottom:0;padding-left:0\">\n<p class=\"has-text-align-left is-style-hash has-real-white-color has-text-color has-link-color has-xl-font-size wp-elements-6c20445a58c58bd082c1850e0700fd73 is-style-hash--5\" style=\"margin-top:-6.5vw;margin-bottom:0;font-style:normal;font-weight:700;text-transform:uppercase\">souvenirs<\/p>\n<\/div>\n<\/div>\n\n\n\n<div class=\"wp-block-group alignfull has-global-padding is-content-justification-center is-layout-constrained wp-container-core-group-is-layout-9d7c95e2 wp-block-group-is-layout-constrained\" style=\"margin-top:-3rem\"><\/div>\n<\/div>\n\n<div class=\"wp-block-columns is-layout-flex wp-container-core-columns-is-layout-28f84493 wp-block-columns-is-layout-flex\">\n<div class=\"wp-block-column is-layout-flow wp-block-column-is-layout-flow\" style=\"flex-basis:100%\">\n<div class=\"wp-block-group has-global-padding is-layout-constrained wp-block-group-is-layout-constrained\">\n<figure class=\"wp-block-embed is-type-video is-provider-youtube wp-block-embed-youtube wp-embed-aspect-16-9 wp-has-aspect-ratio\"><div class=\"wp-block-embed__wrapper\">\n<iframe title=\"D\u00e9couverte du v\u00e9lo route VV21 - Vall\u00e9e de Munster - Wintzenheim \u00e0 Metzeral\" width=\"500\" height=\"281\" src=\"https:\/\/www.youtube.com\/embed\/L1fUP-Qn7VA?feature=oembed\" frameborder=\"0\" allow=\"accelerometer; autoplay; clipboard-write; encrypted-media; gyroscope; picture-in-picture; web-share\" referrerpolicy=\"strict-origin-when-cross-origin\" allowfullscreen><\/iframe>\n<\/div><\/figure>\n<\/div>\n<\/div>\n\n\n\n<div class=\"wp-block-column is-layout-flow wp-block-column-is-layout-flow\" style=\"flex-basis:100%\">\n<div class=\"wp-block-group has-global-padding is-layout-constrained wp-block-group-is-layout-constrained\">\n<figure class=\"wp-block-embed is-type-video is-provider-youtube wp-block-embed-youtube wp-embed-aspect-16-9 wp-has-aspect-ratio\"><div class=\"wp-block-embed__wrapper\">\n<iframe title=\"Chalets de la Wormsa - Vacances en Alsace 2024\" width=\"500\" height=\"281\" src=\"https:\/\/www.youtube.com\/embed\/4Tzbb2E7KCo?feature=oembed\" frameborder=\"0\" allow=\"accelerometer; autoplay; clipboard-write; encrypted-media; gyroscope; picture-in-picture; web-share\" referrerpolicy=\"strict-origin-when-cross-origin\" allowfullscreen><\/iframe>\n<\/div><\/figure>\n<\/div>\n<\/div>\n<\/div>\n\n<div style=\"height:var(--wp--preset--spacing--xxl)\" aria-hidden=\"true\" class=\"wp-block-spacer\"><\/div>\n","protected":false},"excerpt":{"rendered":"<p>Immerse yourself in the world of camping with our immersive videos Video gallery &#8211; Camping Chalets de la Wormsa Welcome to the &#8220;Video gallery&#8221; page of Camping Chalets de la Wormsa, located in Metzeral in the Fecht valley. Here you&#8217;ll find several video sequences immersing you in our natural surroundings, our comfortable chalets, our heated [&hellip;]<\/p>\n","protected":false},"author":1,"featured_media":0,"parent":38161,"menu_order":147,"comment_status":"closed","ping_status":"closed","template":"page-full-width","meta":{"_acf_changed":false,"_seopress_robots_primary_cat":"","_seopress_titles_title":"Video gallery | Chalets de la Wormsa in Munster, Alsace","_seopress_titles_desc":"Watch our videos to experience Chalets de la Wormsa: nature, mountains, accommodation and activities in the heart of Alsace.","_seopress_robots_index":"","footnotes":""},"class_list":["post-37968","page","type-page","status-publish","hentry"],"acf":[],"_links":{"self":[{"href":"https:\/\/www.alsace-chalets.fr\/en\/wp-json\/wp\/v2\/pages\/37968","targetHints":{"allow":["GET"]}}],"collection":[{"href":"https:\/\/www.alsace-chalets.fr\/en\/wp-json\/wp\/v2\/pages"}],"about":[{"href":"https:\/\/www.alsace-chalets.fr\/en\/wp-json\/wp\/v2\/types\/page"}],"author":[{"embeddable":true,"href":"https:\/\/www.alsace-chalets.fr\/en\/wp-json\/wp\/v2\/users\/1"}],"replies":[{"embeddable":true,"href":"https:\/\/www.alsace-chalets.fr\/en\/wp-json\/wp\/v2\/comments?post=37968"}],"version-history":[{"count":2,"href":"https:\/\/www.alsace-chalets.fr\/en\/wp-json\/wp\/v2\/pages\/37968\/revisions"}],"predecessor-version":[{"id":41849,"href":"https:\/\/www.alsace-chalets.fr\/en\/wp-json\/wp\/v2\/pages\/37968\/revisions\/41849"}],"up":[{"embeddable":true,"href":"https:\/\/www.alsace-chalets.fr\/en\/wp-json\/wp\/v2\/pages\/38161"}],"wp:attachment":[{"href":"https:\/\/www.alsace-chalets.fr\/en\/wp-json\/wp\/v2\/media?parent=37968"}],"curies":[{"name":"wp","href":"https:\/\/api.w.org\/{rel}","templated":true}]}}