{"id":38247,"date":"2025-11-04T16:41:00","date_gmt":"2025-11-04T15:41:00","guid":{"rendered":"https:\/\/www.alsace-chalets.fr\/nachrichten\/"},"modified":"2026-03-16T13:11:29","modified_gmt":"2026-03-16T12:11:29","slug":"nachrichten","status":"publish","type":"page","link":"https:\/\/www.alsace-chalets.fr\/de\/nachrichten\/","title":{"rendered":"Nachrichten"},"content":{"rendered":"\n<div class=\"wp-block-cover alignfull hrz-hero is-style-pine-decoration is-style-pine-decoration--1\" style=\"margin-top:0;margin-bottom:0;padding-top:20rem;padding-bottom:20rem\"><img alt=\"\" decoding=\"async\" width=\"2400\" height=\"1601\" class=\"wp-block-cover__image-background wp-image-99 size-full\" alt=\"\" src=\"https:\/\/www.alsace-chalets.fr\/wp-content\/uploads\/2025\/10\/2-Photoval_008.webp\" data-object-fit=\"cover\" srcset=\"https:\/\/www.alsace-chalets.fr\/wp-content\/uploads\/2025\/10\/2-Photoval_008.webp 2400w, https:\/\/www.alsace-chalets.fr\/wp-content\/uploads\/2025\/10\/2-Photoval_008-300x200.webp 300w, https:\/\/www.alsace-chalets.fr\/wp-content\/uploads\/2025\/10\/2-Photoval_008-1024x683.webp 1024w, https:\/\/www.alsace-chalets.fr\/wp-content\/uploads\/2025\/10\/2-Photoval_008-768x512.webp 768w, https:\/\/www.alsace-chalets.fr\/wp-content\/uploads\/2025\/10\/2-Photoval_008-60x40.webp 60w, https:\/\/www.alsace-chalets.fr\/wp-content\/uploads\/2025\/10\/2-Photoval_008-1440x960.webp 1440w, https:\/\/www.alsace-chalets.fr\/wp-content\/uploads\/2025\/10\/2-Photoval_008-1080x720.webp 1080w, https:\/\/www.alsace-chalets.fr\/wp-content\/uploads\/2025\/10\/2-Photoval_008-720x480.webp 720w, https:\/\/www.alsace-chalets.fr\/wp-content\/uploads\/2025\/10\/2-Photoval_008-480x320.webp 480w, https:\/\/www.alsace-chalets.fr\/wp-content\/uploads\/2025\/10\/2-Photoval_008-240x160.webp 240w, https:\/\/www.alsace-chalets.fr\/wp-content\/uploads\/2025\/10\/2-Photoval_008-120x80.webp 120w\" sizes=\"(max-width: 2400px) 100vw, 2400px\" \/><span aria-hidden=\"true\" class=\"wp-block-cover__background has-background-dim-30 has-background-dim wp-block-cover__gradient-background has-background-gradient\" style=\"background:linear-gradient(0deg,rgb(1,1,1) 0%,rgba(0,0,0,0) 100%)\"><\/span><div class=\"wp-block-cover__inner-container has-global-padding is-layout-constrained wp-container-core-cover-is-layout-31021642 wp-block-cover-is-layout-constrained\">\n<p class=\"has-text-align-center is-style-top-title pine-cone-title is-style-title has-background-color has-text-color has-link-color has-large-font-size wp-elements-81ebe73135c2cab05bcaa42959a44608 is-style-title--2\" style=\"text-transform:uppercase\"><strong>Nachrichten<\/strong><\/p>\n<\/div><\/div>\n<div style=\"padding-left:var(--wp--preset--spacing--s);padding-top:var(--wp--preset--spacing--s);padding-bottom:var(--wp--preset--spacing--s);\" class=\"alignfull wp-elements-5cd3591c1ade14a972751d58f754b855 wp-block-wpseopress-breadcrumbs has-text-color has-primary-color\"><nav  aria-label=\"breadcrumb\"><ol class=\"breadcrumb\" itemscope itemtype=\"https:\/\/schema.org\/BreadcrumbList\"><li class=\"breadcrumb-item active\" aria-current=\"page\" itemprop=\"itemListElement\" itemscope itemtype=\"https:\/\/schema.org\/ListItem\"><span itemprop=\"name\">Camping en Elsass<\/span><meta itemprop=\"position\" content=\"1\"><\/li><\/ol><\/nav><\/div>\n<div class=\"wp-block-group alignfull has-global-padding is-layout-constrained wp-block-group-is-layout-constrained\" style=\"margin-top:0;margin-bottom:var(--wp--preset--spacing--xl)\">\n<div class=\"wp-block-group alignfull is-style-tree-left-bottom has-global-padding is-layout-constrained wp-container-core-group-is-layout-e3586065 wp-block-group-is-layout-constrained\" style=\"padding-right:var(--wp--preset--spacing--xxs);padding-left:var(--wp--preset--spacing--xxs)\">\n<div class=\"wp-block-group z-1 has-global-padding is-layout-constrained wp-container-core-group-is-layout-9c8dac04 wp-block-group-is-layout-constrained\">\n<div class=\"wp-block-group has-global-padding is-layout-constrained wp-container-core-group-is-layout-2f23b1a8 wp-block-group-is-layout-constrained\">\n<p class=\"has-text-align-center is-style-toptitle is-style-toptitle--3\">Aktuelle Nachrichten und Veranstaltungen<\/p>\n\n\n\n<h2 class=\"wp-block-heading has-text-align-center is-style-title is-style-title--4\">Nachrichten von Chalets de la Wormsa<\/h2>\n<\/div>\n\n\n\n<div class=\"wp-block-group has-global-padding is-layout-constrained wp-block-group-is-layout-constrained\">\n<p class=\"has-text-align-center\">Willkommen auf der Nachrichtenseite von Les Chalets de la Wormsa, Ihrem Bereich f\u00fcr die neuesten Nachrichten und Ereignisse rund um unser Landgut und seine Umgebung. Ob Sie ein treuer Stammgast oder ein zuk\u00fcnftiger Besucher sind, wir m\u00f6chten Sie gerne \u00fcber Neuigkeiten, Sonderangebote und Veranstaltungen informieren, die Sie nicht verpassen sollten.   <br\/><br\/>Entdecken Sie die saisonalen Aktivit\u00e4ten, die exklusiven Angebote und die Entwicklungsprojekte der Dom\u00e4ne, um Ihren Aufenthalt noch angenehmer zu gestalten. Unsere Chalets im Herzen der Vogesen bieten Ihnen einen idyllischen Rahmen f\u00fcr Ihre Entspannungsmomente, und in dieser Rubrik k\u00f6nnen Sie die aktuellen Nachrichten verfolgen, damit Sie Ihr Erlebnis voll und ganz genie\u00dfen k\u00f6nnen.   <br\/><br\/>Bleiben Sie auf dem Laufenden, um keine Neuigkeiten zu verpassen, die Sie das ganze Jahr \u00fcber begleiten werden!<\/p>\n<\/div>\n<\/div>\n\n\n\n<div class=\"wp-block-group alignfull z-0 is-content-justification-right is-nowrap is-layout-flex wp-container-core-group-is-layout-7a55f7ab wp-block-group-is-layout-flex\" style=\"padding-top:0;padding-right:var(--wp--preset--spacing--l);padding-bottom:0;padding-left:0\"><\/div>\n<\/div>\n\n\n\n<div class=\"wp-block-group alignfull has-global-padding is-content-justification-center is-layout-constrained wp-container-core-group-is-layout-9d7c95e2 wp-block-group-is-layout-constrained\" style=\"margin-top:-3rem\"><\/div>\n<\/div>\n\n<div class=\"wp-block-group alignwide has-global-padding is-layout-constrained wp-container-core-group-is-layout-20aa5b90 wp-block-group-is-layout-constrained\" style=\"padding-right:var(--wp--preset--spacing--xxs);padding-left:var(--wp--preset--spacing--xxs)\">\n<div class=\"wp-block-query alignwide is-layout-flow wp-block-query-is-layout-flow\"><ul class=\"columns-3 wp-block-post-template is-layout-grid wp-container-core-post-template-is-layout-8326f178 wp-block-post-template-is-layout-grid\"><li class=\"wp-block-post post-42523 post type-post status-publish format-standard has-post-thumbnail hentry category-nachrichten-chalets-wormsa\">\n\n<div class=\"wp-block-group is-style-hover-image-effect has-global-padding is-layout-constrained wp-block-group-is-layout-constrained\" style=\"border-top-left-radius:8px;border-top-right-radius:8px;border-bottom-left-radius:0px;border-bottom-right-radius:0px;box-shadow:none\"><figure style=\"aspect-ratio:16\/9; margin-top:0;margin-bottom:0;\" class=\"wp-block-post-featured-image\"><a href=\"https:\/\/www.alsace-chalets.fr\/de\/wanderungen-in-wormsa\/\" target=\"_self\"  ><img decoding=\"async\" width=\"2560\" height=\"1441\" src=\"https:\/\/www.alsace-chalets.fr\/wp-content\/uploads\/2026\/01\/20250513_131335-scaled.jpg\" class=\"attachment-post-thumbnail size-post-thumbnail wp-post-image\" alt=\"Wanderungen in Wormsa\" style=\"border-top-left-radius:8px;border-top-right-radius:8px;border-bottom-left-radius:0px;border-bottom-right-radius:0px;width:100%;height:100%;object-fit:cover;\" srcset=\"https:\/\/www.alsace-chalets.fr\/wp-content\/uploads\/2026\/01\/20250513_131335-scaled.jpg 2560w, https:\/\/www.alsace-chalets.fr\/wp-content\/uploads\/2026\/01\/20250513_131335-300x169.jpg 300w, https:\/\/www.alsace-chalets.fr\/wp-content\/uploads\/2026\/01\/20250513_131335-1024x576.jpg 1024w, https:\/\/www.alsace-chalets.fr\/wp-content\/uploads\/2026\/01\/20250513_131335-768x432.jpg 768w, https:\/\/www.alsace-chalets.fr\/wp-content\/uploads\/2026\/01\/20250513_131335-60x34.jpg 60w, https:\/\/www.alsace-chalets.fr\/wp-content\/uploads\/2026\/01\/20250513_131335-1920x1080.jpg 1920w, https:\/\/www.alsace-chalets.fr\/wp-content\/uploads\/2026\/01\/20250513_131335-1440x810.jpg 1440w, https:\/\/www.alsace-chalets.fr\/wp-content\/uploads\/2026\/01\/20250513_131335-1366x768.jpg 1366w, https:\/\/www.alsace-chalets.fr\/wp-content\/uploads\/2026\/01\/20250513_131335-800x450.jpg 800w, https:\/\/www.alsace-chalets.fr\/wp-content\/uploads\/2026\/01\/20250513_131335-640x360.jpg 640w, https:\/\/www.alsace-chalets.fr\/wp-content\/uploads\/2026\/01\/20250513_131335-375x210.jpg 375w, https:\/\/www.alsace-chalets.fr\/wp-content\/uploads\/2026\/01\/20250513_131335-200x112.jpg 200w, https:\/\/www.alsace-chalets.fr\/wp-content\/uploads\/2026\/01\/20250513_131335-100x56.jpg 100w\" sizes=\"(max-width: 2560px) 100vw, 2560px\" \/><\/a><\/figure><\/div>\n\n\n\n<div class=\"wp-block-group flex-grow has-white-background-color has-background is-vertical is-content-justification-center is-layout-flex wp-container-core-group-is-layout-88666f5d wp-block-group-is-layout-flex\" style=\"border-top-left-radius:0px;border-top-right-radius:0px;border-bottom-left-radius:8px;border-bottom-right-radius:8px;margin-top:0;margin-bottom:0;padding-top:var(--wp--preset--spacing--xs);padding-right:var(--wp--preset--spacing--s);padding-bottom:var(--wp--preset--spacing--xs);padding-left:var(--wp--preset--spacing--s)\">\n<div class=\"wp-block-group is-vertical is-content-justification-center is-layout-flex wp-container-core-group-is-layout-d60e23ab wp-block-group-is-layout-flex\" style=\"margin-top:0;margin-bottom:0\"><h2 style=\"font-style:normal;font-weight:400;line-height:1; padding-top:0;padding-bottom:0;padding-left:0;padding-right:0;margin-top:0;margin-bottom:var(--wp--preset--spacing--xs);\" class=\"has-text-align-center has-link-color wp-elements-f4669377664c23e242b5bfb6cf902aca wp-block-post-title has-text-color has-tertiary-color has-l-font-size has-secondary-font-family\">Wanderungen in Wormsa<\/h2>\n\n<div style=\"font-style:normal;font-weight:400; padding-right:0;padding-left:0;padding-top:0;padding-bottom:0;margin-right:0;margin-left:0;margin-top:0;margin-bottom:0;\" class=\"has-text-align-center has-link-color wp-elements-b1c952d9a6711745132bf0cde3506ea2 wp-block-post-excerpt has-text-color has-black-color has-s-font-size wp-container-content-9cfa9a5a\"><p class=\"wp-block-post-excerpt__excerpt\">Wanderungen von den Chalets de la Wormsa aus, von 2 bis 18 kms. Holzb\u00e4ren, Fischboedl\u00e9 und Schiessrothried. <\/p><\/div><\/div>\n\n\n<a style=\"font-style:normal;font-weight:600;text-transform:uppercase; border-radius:100px;border-width:0px; padding-top:12px;padding-bottom:12px;padding-left:16px;padding-right:16px;\" class=\"is-style-read-more-hover wp-elements-9a1518ce488c3d849840af07230f27c5 wp-block-read-more has-text-color has-white-color has-background has-tertiary-background-color has-s-font-size\" href=\"https:\/\/www.alsace-chalets.fr\/de\/wanderungen-in-wormsa\/\" target=\"_self\">Lesen Sie mehr<span class=\"screen-reader-text\">: Wanderungen in Wormsa<\/span><\/a><\/div>\n\n<\/li><li class=\"wp-block-post post-40964 post type-post status-publish format-standard has-post-thumbnail hentry category-nachrichten-chalets-wormsa\">\n\n<div class=\"wp-block-group is-style-hover-image-effect has-global-padding is-layout-constrained wp-block-group-is-layout-constrained\" style=\"border-top-left-radius:8px;border-top-right-radius:8px;border-bottom-left-radius:0px;border-bottom-right-radius:0px;box-shadow:none\"><figure style=\"aspect-ratio:16\/9; margin-top:0;margin-bottom:0;\" class=\"wp-block-post-featured-image\"><a href=\"https:\/\/www.alsace-chalets.fr\/de\/3x-gebuehrenfreie-zahlung\/\" target=\"_self\"  ><img decoding=\"async\" width=\"1200\" height=\"1200\" src=\"https:\/\/www.alsace-chalets.fr\/wp-content\/uploads\/2025\/12\/klarna-v2.png\" class=\"attachment-post-thumbnail size-post-thumbnail wp-post-image\" alt=\"3x geb\u00fchrenfreie Zahlung\" style=\"border-top-left-radius:8px;border-top-right-radius:8px;border-bottom-left-radius:0px;border-bottom-right-radius:0px;width:100%;height:100%;object-fit:cover;\" srcset=\"https:\/\/www.alsace-chalets.fr\/wp-content\/uploads\/2025\/12\/klarna-v2.png 1200w, https:\/\/www.alsace-chalets.fr\/wp-content\/uploads\/2025\/12\/klarna-v2-300x300.png 300w, https:\/\/www.alsace-chalets.fr\/wp-content\/uploads\/2025\/12\/klarna-v2-1024x1024.png 1024w, https:\/\/www.alsace-chalets.fr\/wp-content\/uploads\/2025\/12\/klarna-v2-150x150.png 150w, https:\/\/www.alsace-chalets.fr\/wp-content\/uploads\/2025\/12\/klarna-v2-768x768.png 768w, https:\/\/www.alsace-chalets.fr\/wp-content\/uploads\/2025\/12\/klarna-v2-60x60.png 60w, https:\/\/www.alsace-chalets.fr\/wp-content\/uploads\/2025\/12\/klarna-v2-80x80.png 80w, https:\/\/www.alsace-chalets.fr\/wp-content\/uploads\/2025\/12\/klarna-v2-1000x1000.png 1000w, https:\/\/www.alsace-chalets.fr\/wp-content\/uploads\/2025\/12\/klarna-v2-600x600.png 600w, https:\/\/www.alsace-chalets.fr\/wp-content\/uploads\/2025\/12\/klarna-v2-400x400.png 400w, https:\/\/www.alsace-chalets.fr\/wp-content\/uploads\/2025\/12\/klarna-v2-200x200.png 200w, https:\/\/www.alsace-chalets.fr\/wp-content\/uploads\/2025\/12\/klarna-v2-100x100.png 100w\" sizes=\"(max-width: 1200px) 100vw, 1200px\" \/><\/a><\/figure><\/div>\n\n\n\n<div class=\"wp-block-group flex-grow has-white-background-color has-background is-vertical is-content-justification-center is-layout-flex wp-container-core-group-is-layout-88666f5d wp-block-group-is-layout-flex\" style=\"border-top-left-radius:0px;border-top-right-radius:0px;border-bottom-left-radius:8px;border-bottom-right-radius:8px;margin-top:0;margin-bottom:0;padding-top:var(--wp--preset--spacing--xs);padding-right:var(--wp--preset--spacing--s);padding-bottom:var(--wp--preset--spacing--xs);padding-left:var(--wp--preset--spacing--s)\">\n<div class=\"wp-block-group is-vertical is-content-justification-center is-layout-flex wp-container-core-group-is-layout-d60e23ab wp-block-group-is-layout-flex\" style=\"margin-top:0;margin-bottom:0\"><h2 style=\"font-style:normal;font-weight:400;line-height:1; padding-top:0;padding-bottom:0;padding-left:0;padding-right:0;margin-top:0;margin-bottom:var(--wp--preset--spacing--xs);\" class=\"has-text-align-center has-link-color wp-elements-f4669377664c23e242b5bfb6cf902aca wp-block-post-title has-text-color has-tertiary-color has-l-font-size has-secondary-font-family\">3x geb\u00fchrenfreie Zahlung<\/h2>\n\n<div style=\"font-style:normal;font-weight:400; padding-right:0;padding-left:0;padding-top:0;padding-bottom:0;margin-right:0;margin-left:0;margin-top:0;margin-bottom:0;\" class=\"has-text-align-center has-link-color wp-elements-b1c952d9a6711745132bf0cde3506ea2 wp-block-post-excerpt has-text-color has-black-color has-s-font-size wp-container-content-9cfa9a5a\"><p class=\"wp-block-post-excerpt__excerpt\">Neu! W\u00e4hlen Sie Klarna als Zahlungsmethode bei Ihrer Online-Buchung auf unserer Website. Buchen Sie Ihren Aufenthalt heute, zahlen Sie in 3 Raten ohne Geb\u00fchren. <\/p><\/div><\/div>\n\n\n<a style=\"font-style:normal;font-weight:600;text-transform:uppercase; border-radius:100px;border-width:0px; padding-top:12px;padding-bottom:12px;padding-left:16px;padding-right:16px;\" class=\"is-style-read-more-hover wp-elements-9a1518ce488c3d849840af07230f27c5 wp-block-read-more has-text-color has-white-color has-background has-tertiary-background-color has-s-font-size\" href=\"https:\/\/www.alsace-chalets.fr\/de\/3x-gebuehrenfreie-zahlung\/\" target=\"_self\">Lesen Sie mehr<span class=\"screen-reader-text\">: 3x geb\u00fchrenfreie Zahlung<\/span><\/a><\/div>\n\n<\/li><\/ul>\n\n\n<div style=\"height:50px\" aria-hidden=\"true\" class=\"wp-block-spacer\"><\/div>\n\n\n\n\n<\/div>\n<\/div>\n\n<div style=\"height:var(--wp--preset--spacing--xxl)\" aria-hidden=\"true\" class=\"wp-block-spacer\"><\/div>\n","protected":false},"excerpt":{"rendered":"<p>Aktuelle Nachrichten und Veranstaltungen Nachrichten von Chalets de la Wormsa Willkommen auf der Nachrichtenseite von Les Chalets de la Wormsa, Ihrem Bereich f\u00fcr die neuesten Nachrichten und Ereignisse rund um unser Landgut und seine Umgebung. Ob Sie ein treuer Stammgast oder ein zuk\u00fcnftiger Besucher sind, wir m\u00f6chten Sie gerne \u00fcber Neuigkeiten, Sonderangebote und Veranstaltungen informieren, [&hellip;]<\/p>\n","protected":false},"author":1,"featured_media":0,"parent":0,"menu_order":1,"comment_status":"closed","ping_status":"closed","template":"page-full-width","meta":{"_acf_changed":false,"_seopress_robots_primary_cat":"","_seopress_titles_title":"Nachrichten Camping Alsace | Nachrichten, Informationen und Veranstaltungen","_seopress_titles_desc":"Aktuelles aus den Chalets de la Wormsa in Munster im Elsass. Bleiben Sie auf dem Laufenden \u00fcber die neuesten Nachrichten und Veranstaltungen rund um unsere Einrichtung. ","_seopress_robots_index":"","footnotes":""},"class_list":["post-38247","page","type-page","status-publish","hentry"],"acf":[],"_links":{"self":[{"href":"https:\/\/www.alsace-chalets.fr\/de\/wp-json\/wp\/v2\/pages\/38247","targetHints":{"allow":["GET"]}}],"collection":[{"href":"https:\/\/www.alsace-chalets.fr\/de\/wp-json\/wp\/v2\/pages"}],"about":[{"href":"https:\/\/www.alsace-chalets.fr\/de\/wp-json\/wp\/v2\/types\/page"}],"author":[{"embeddable":true,"href":"https:\/\/www.alsace-chalets.fr\/de\/wp-json\/wp\/v2\/users\/1"}],"replies":[{"embeddable":true,"href":"https:\/\/www.alsace-chalets.fr\/de\/wp-json\/wp\/v2\/comments?post=38247"}],"version-history":[{"count":6,"href":"https:\/\/www.alsace-chalets.fr\/de\/wp-json\/wp\/v2\/pages\/38247\/revisions"}],"predecessor-version":[{"id":42458,"href":"https:\/\/www.alsace-chalets.fr\/de\/wp-json\/wp\/v2\/pages\/38247\/revisions\/42458"}],"wp:attachment":[{"href":"https:\/\/www.alsace-chalets.fr\/de\/wp-json\/wp\/v2\/media?parent=38247"}],"curies":[{"name":"wp","href":"https:\/\/api.w.org\/{rel}","templated":true}]}}