{"id":38240,"date":"2025-11-04T16:40:17","date_gmt":"2025-11-04T15:40:17","guid":{"rendered":"https:\/\/www.alsace-chalets.fr\/angebote-promotionen\/"},"modified":"2026-03-16T13:13:26","modified_gmt":"2026-03-16T12:13:26","slug":"angebote-promotionen","status":"publish","type":"page","link":"https:\/\/www.alsace-chalets.fr\/de\/angebote-promotionen\/","title":{"rendered":"Angebote &amp; Promotionen"},"content":{"rendered":"\n<div class=\"wp-block-cover alignfull hrz-hero is-style-pine-decoration is-style-pine-decoration--1\" style=\"margin-top:0;margin-bottom:0;padding-top:20rem;padding-bottom:20rem\"><img alt=\"\" decoding=\"async\" width=\"2400\" height=\"1601\" class=\"wp-block-cover__image-background wp-image-99 size-full\" alt=\"\" src=\"https:\/\/www.alsace-chalets.fr\/wp-content\/uploads\/2025\/10\/2-Photoval_008.webp\" data-object-fit=\"cover\" srcset=\"https:\/\/www.alsace-chalets.fr\/wp-content\/uploads\/2025\/10\/2-Photoval_008.webp 2400w, https:\/\/www.alsace-chalets.fr\/wp-content\/uploads\/2025\/10\/2-Photoval_008-300x200.webp 300w, https:\/\/www.alsace-chalets.fr\/wp-content\/uploads\/2025\/10\/2-Photoval_008-1024x683.webp 1024w, https:\/\/www.alsace-chalets.fr\/wp-content\/uploads\/2025\/10\/2-Photoval_008-768x512.webp 768w, https:\/\/www.alsace-chalets.fr\/wp-content\/uploads\/2025\/10\/2-Photoval_008-60x40.webp 60w, https:\/\/www.alsace-chalets.fr\/wp-content\/uploads\/2025\/10\/2-Photoval_008-1440x960.webp 1440w, https:\/\/www.alsace-chalets.fr\/wp-content\/uploads\/2025\/10\/2-Photoval_008-1080x720.webp 1080w, https:\/\/www.alsace-chalets.fr\/wp-content\/uploads\/2025\/10\/2-Photoval_008-720x480.webp 720w, https:\/\/www.alsace-chalets.fr\/wp-content\/uploads\/2025\/10\/2-Photoval_008-480x320.webp 480w, https:\/\/www.alsace-chalets.fr\/wp-content\/uploads\/2025\/10\/2-Photoval_008-240x160.webp 240w, https:\/\/www.alsace-chalets.fr\/wp-content\/uploads\/2025\/10\/2-Photoval_008-120x80.webp 120w\" sizes=\"(max-width: 2400px) 100vw, 2400px\" \/><span aria-hidden=\"true\" class=\"wp-block-cover__background has-background-dim-30 has-background-dim wp-block-cover__gradient-background has-background-gradient\" style=\"background:linear-gradient(0deg,rgb(1,1,1) 0%,rgba(0,0,0,0) 100%)\"><\/span><div class=\"wp-block-cover__inner-container has-global-padding is-layout-constrained wp-container-core-cover-is-layout-31021642 wp-block-cover-is-layout-constrained\">\n<p class=\"has-text-align-center is-style-top-title pine-cone-title is-style-title has-background-color has-text-color has-link-color has-large-font-size wp-elements-811dea134c3eb504d9f2c955fd036061 is-style-title--2\" style=\"text-transform:uppercase\"><strong>Angebote &amp; Promotionen<\/strong><\/p>\n<\/div><\/div>\n<div style=\"padding-left:var(--wp--preset--spacing--s);padding-top:var(--wp--preset--spacing--s);padding-bottom:var(--wp--preset--spacing--s);\" class=\"alignfull wp-elements-5cd3591c1ade14a972751d58f754b855 wp-block-wpseopress-breadcrumbs has-text-color has-primary-color\"><nav  aria-label=\"breadcrumb\"><ol class=\"breadcrumb\" itemscope itemtype=\"https:\/\/schema.org\/BreadcrumbList\"><li class=\"breadcrumb-item active\" aria-current=\"page\" itemprop=\"itemListElement\" itemscope itemtype=\"https:\/\/schema.org\/ListItem\"><span itemprop=\"name\">Camping en Elsass<\/span><meta itemprop=\"position\" content=\"1\"><\/li><\/ol><\/nav><\/div>\n<div class=\"wp-block-group alignfull has-global-padding is-layout-constrained wp-block-group-is-layout-constrained\" style=\"margin-top:0;margin-bottom:var(--wp--preset--spacing--xl)\">\n<div class=\"wp-block-group alignfull is-style-tree-left-bottom has-global-padding is-layout-constrained wp-container-core-group-is-layout-e3586065 wp-block-group-is-layout-constrained\" style=\"padding-right:var(--wp--preset--spacing--xxs);padding-left:var(--wp--preset--spacing--xxs)\">\n<div class=\"wp-block-group z-1 has-global-padding is-layout-constrained wp-container-core-group-is-layout-9c8dac04 wp-block-group-is-layout-constrained\">\n<div class=\"wp-block-group has-global-padding is-layout-constrained wp-container-core-group-is-layout-2f23b1a8 wp-block-group-is-layout-constrained\">\n<p class=\"has-text-align-center is-style-toptitle is-style-toptitle--3\">Sonderangebote und Rabatte<\/p>\n\n\n\n<h2 class=\"wp-block-heading has-text-align-center is-style-title is-style-title--4\">Angebote von Chalets de la Wormsa<\/h2>\n<\/div>\n\n\n\n<div class=\"wp-block-group has-global-padding is-layout-constrained wp-block-group-is-layout-constrained\">\n<p class=\"has-text-align-center\">Willkommen auf der Angebotsseite von Chalets de la Wormsa! Hier finden Sie alle unsere Sonderangebote und Rabatte, um Ihren Aufenthalt noch angenehmer zu gestalten.  <br\/><br\/>Ob Sie einen Familienurlaub, ein romantisches Wochenende oder einen Aufenthalt mit Freunden planen, wir bieten das ganze Jahr \u00fcber g\u00fcnstige Preise. Entdecken Sie unsere saisonalen Sonderangebote,  <br\/><br\/>Unsere Last-Minute-Angebote und exklusiven Pauschalangebote, mit denen Sie die Sch\u00f6nheit der Natur in den Vogesen zu einem reduzierten Preis genie\u00dfen k\u00f6nnen. Bleiben Sie auf dem Laufenden \u00fcber unsere neuen Angebote und buchen Sie Ihren n\u00e4chsten Aufenthalt in unseren komfortablen Chalets zu den bestm\u00f6glichen Bedingungen.  <br\/><br\/>Verpassen Sie nicht diese Gelegenheit, eine einzigartige Erfahrung in einer au\u00dfergew\u00f6hnlichen Umgebung zu machen und gleichzeitig von unseren attraktiven Preisen zu profitieren!<\/p>\n<\/div>\n\n\n\n<div class=\"wp-block-group alignwide has-global-padding is-layout-constrained wp-container-core-group-is-layout-20aa5b90 wp-block-group-is-layout-constrained\" style=\"padding-right:var(--wp--preset--spacing--xxs);padding-left:var(--wp--preset--spacing--xxs)\">\n<div class=\"wp-block-query alignwide is-layout-flow wp-block-query-is-layout-flow\"><ul class=\"columns-3 wp-block-post-template is-layout-grid wp-container-core-post-template-is-layout-8326f178 wp-block-post-template-is-layout-grid\"><li class=\"wp-block-post post-40979 post type-post status-publish format-standard has-post-thumbnail hentry category-angebote-aktionen\">\n\n<div class=\"wp-block-group is-style-hover-image-effect has-global-padding is-layout-constrained wp-block-group-is-layout-constrained\" style=\"border-top-left-radius:8px;border-top-right-radius:8px;border-bottom-left-radius:0px;border-bottom-right-radius:0px;box-shadow:none\"><figure style=\"aspect-ratio:16\/9; margin-top:0;margin-bottom:0;\" class=\"wp-block-post-featured-image\"><a href=\"https:\/\/www.alsace-chalets.fr\/de\/laengere-aufenthalte\/\" target=\"_self\"  ><img decoding=\"async\" width=\"1620\" height=\"1080\" src=\"https:\/\/www.alsace-chalets.fr\/wp-content\/uploads\/2025\/10\/village-camping-wormsa-alsace_01.webp\" class=\"attachment-post-thumbnail size-post-thumbnail wp-post-image\" alt=\"Promo Langzeitaufenthalte\" style=\"border-top-left-radius:8px;border-top-right-radius:8px;border-bottom-left-radius:0px;border-bottom-right-radius:0px;width:100%;height:100%;object-fit:cover;\" srcset=\"https:\/\/www.alsace-chalets.fr\/wp-content\/uploads\/2025\/10\/village-camping-wormsa-alsace_01.webp 1620w, https:\/\/www.alsace-chalets.fr\/wp-content\/uploads\/2025\/10\/village-camping-wormsa-alsace_01-300x200.webp 300w, https:\/\/www.alsace-chalets.fr\/wp-content\/uploads\/2025\/10\/village-camping-wormsa-alsace_01-1024x683.webp 1024w, https:\/\/www.alsace-chalets.fr\/wp-content\/uploads\/2025\/10\/village-camping-wormsa-alsace_01-768x512.webp 768w, https:\/\/www.alsace-chalets.fr\/wp-content\/uploads\/2025\/10\/village-camping-wormsa-alsace_01-60x40.webp 60w\" sizes=\"(max-width: 1620px) 100vw, 1620px\" \/><\/a><\/figure><\/div>\n\n\n\n<div class=\"wp-block-group flex-grow has-white-background-color has-background is-vertical is-content-justification-center is-layout-flex wp-container-core-group-is-layout-88666f5d wp-block-group-is-layout-flex\" style=\"border-top-left-radius:0px;border-top-right-radius:0px;border-bottom-left-radius:8px;border-bottom-right-radius:8px;margin-top:0;margin-bottom:0;padding-top:var(--wp--preset--spacing--xs);padding-right:var(--wp--preset--spacing--s);padding-bottom:var(--wp--preset--spacing--xs);padding-left:var(--wp--preset--spacing--s)\">\n<div class=\"wp-block-group is-vertical is-content-justification-center is-layout-flex wp-container-core-group-is-layout-d60e23ab wp-block-group-is-layout-flex\" style=\"margin-top:0;margin-bottom:0\"><h2 style=\"font-style:normal;font-weight:400;line-height:1; padding-top:0;padding-bottom:0;padding-left:0;padding-right:0;margin-top:0;margin-bottom:var(--wp--preset--spacing--xs);\" class=\"has-text-align-center has-link-color wp-elements-f4669377664c23e242b5bfb6cf902aca wp-block-post-title has-text-color has-tertiary-color has-l-font-size has-secondary-font-family\">Promo Langzeitaufenthalte<\/h2>\n\n<div style=\"font-style:normal;font-weight:400; padding-right:0;padding-left:0;padding-top:0;padding-bottom:0;margin-right:0;margin-left:0;margin-top:0;margin-bottom:0;\" class=\"has-text-align-center has-link-color wp-elements-b1c952d9a6711745132bf0cde3506ea2 wp-block-post-excerpt has-text-color has-black-color has-s-font-size wp-container-content-9cfa9a5a\"><p class=\"wp-block-post-excerpt__excerpt\">Profitieren Sie von unserem Sonderpreis f\u00fcr l\u00e4ngere Aufenthalte ab 6 oder 7 N\u00e4chten. Bis zu 15% Rabatt. <\/p><\/div><\/div>\n\n\n<a style=\"font-style:normal;font-weight:600;text-transform:uppercase; border-radius:100px;border-width:0px; padding-top:12px;padding-bottom:12px;padding-left:16px;padding-right:16px;\" class=\"is-style-read-more-hover wp-elements-9a1518ce488c3d849840af07230f27c5 wp-block-read-more has-text-color has-white-color has-background has-tertiary-background-color has-s-font-size\" href=\"https:\/\/www.alsace-chalets.fr\/de\/laengere-aufenthalte\/\" target=\"_self\">Lesen Sie mehr<span class=\"screen-reader-text\">: Promo Langzeitaufenthalte<\/span><\/a><\/div>\n\n<\/li><\/ul>\n\n\n<div style=\"height:50px\" aria-hidden=\"true\" class=\"wp-block-spacer\"><\/div>\n\n\n\n\n<\/div>\n<\/div>\n<\/div>\n<\/div>\n<\/div>\n\n<div style=\"height:var(--wp--preset--spacing--xxl)\" aria-hidden=\"true\" class=\"wp-block-spacer\"><\/div>\n","protected":false},"excerpt":{"rendered":"<p>Sonderangebote und Rabatte Angebote von Chalets de la Wormsa Willkommen auf der Angebotsseite von Chalets de la Wormsa! Hier finden Sie alle unsere Sonderangebote und Rabatte, um Ihren Aufenthalt noch angenehmer zu gestalten. Ob Sie einen Familienurlaub, ein romantisches Wochenende oder einen Aufenthalt mit Freunden planen, wir bieten das ganze Jahr \u00fcber g\u00fcnstige Preise. Entdecken [&hellip;]<\/p>\n","protected":false},"author":1,"featured_media":0,"parent":0,"menu_order":5,"comment_status":"closed","ping_status":"closed","template":"page-full-width","meta":{"_acf_changed":false,"_seopress_robots_primary_cat":"","_seopress_titles_title":"Angebote & Sonderangebote Camping Alsace | Bestpreis","_seopress_titles_desc":"Gute Angebote, Sonderangebote und Rabatte f\u00fcr Ihren Aufenthalt in Les Chalets de la Wormsa im Elsass: Buchen Sie zum besten Preis und genie\u00dfen Sie eine einzigartige Naturumgebung.","_seopress_robots_index":"","footnotes":""},"class_list":["post-38240","page","type-page","status-publish","hentry"],"acf":[],"_links":{"self":[{"href":"https:\/\/www.alsace-chalets.fr\/de\/wp-json\/wp\/v2\/pages\/38240","targetHints":{"allow":["GET"]}}],"collection":[{"href":"https:\/\/www.alsace-chalets.fr\/de\/wp-json\/wp\/v2\/pages"}],"about":[{"href":"https:\/\/www.alsace-chalets.fr\/de\/wp-json\/wp\/v2\/types\/page"}],"author":[{"embeddable":true,"href":"https:\/\/www.alsace-chalets.fr\/de\/wp-json\/wp\/v2\/users\/1"}],"replies":[{"embeddable":true,"href":"https:\/\/www.alsace-chalets.fr\/de\/wp-json\/wp\/v2\/comments?post=38240"}],"version-history":[{"count":3,"href":"https:\/\/www.alsace-chalets.fr\/de\/wp-json\/wp\/v2\/pages\/38240\/revisions"}],"predecessor-version":[{"id":42465,"href":"https:\/\/www.alsace-chalets.fr\/de\/wp-json\/wp\/v2\/pages\/38240\/revisions\/42465"}],"wp:attachment":[{"href":"https:\/\/www.alsace-chalets.fr\/de\/wp-json\/wp\/v2\/media?parent=38240"}],"curies":[{"name":"wp","href":"https:\/\/api.w.org\/{rel}","templated":true}]}}