{"id":38226,"date":"2025-11-04T14:50:49","date_gmt":"2025-11-04T13:50:49","guid":{"rendered":"https:\/\/www.alsace-chalets.fr\/unsere-unterkuenfte\/gruppen-familien\/"},"modified":"2026-03-16T13:45:47","modified_gmt":"2026-03-16T12:45:47","slug":"gruppen-familien","status":"publish","type":"page","link":"https:\/\/www.alsace-chalets.fr\/de\/unsere-unterkuenfte\/gruppen-familien\/","title":{"rendered":"Gruppen &amp; Familien"},"content":{"rendered":"\n<div class=\"wp-block-cover alignfull is-light hrz-hero is-style-pine-decoration is-style-pine-decoration--1\" style=\"margin-top:0;margin-bottom:0;padding-top:20rem;padding-bottom:20rem\"><img alt=\"\" decoding=\"async\" width=\"2100\" height=\"1401\" class=\"wp-block-cover__image-background wp-image-217 size-full\" alt=\"\" src=\"https:\/\/www.alsace-chalets.fr\/wp-content\/uploads\/2025\/10\/91-Photoval_177.webp\" style=\"object-position:48% 85%\" data-object-fit=\"cover\" data-object-position=\"48% 85%\" srcset=\"https:\/\/www.alsace-chalets.fr\/wp-content\/uploads\/2025\/10\/91-Photoval_177.webp 2100w, https:\/\/www.alsace-chalets.fr\/wp-content\/uploads\/2025\/10\/91-Photoval_177-300x200.webp 300w, https:\/\/www.alsace-chalets.fr\/wp-content\/uploads\/2025\/10\/91-Photoval_177-1024x683.webp 1024w, https:\/\/www.alsace-chalets.fr\/wp-content\/uploads\/2025\/10\/91-Photoval_177-768x512.webp 768w, https:\/\/www.alsace-chalets.fr\/wp-content\/uploads\/2025\/10\/91-Photoval_177-60x40.webp 60w\" sizes=\"(max-width: 2100px) 100vw, 2100px\" \/><span aria-hidden=\"true\" class=\"wp-block-cover__background has-background-dim-30 has-background-dim wp-block-cover__gradient-background has-background-gradient\" style=\"background:linear-gradient(0deg,rgb(1,1,1) 0%,rgba(0,0,0,0) 100%)\"><\/span><div class=\"wp-block-cover__inner-container has-global-padding is-layout-constrained wp-container-core-cover-is-layout-31021642 wp-block-cover-is-layout-constrained\">\n<p class=\"has-text-align-center is-style-top-title pine-cone-title is-style-title has-background-color has-text-color has-link-color has-large-font-size wp-elements-bff3e8a4d99fb6cd3cf1f563dd868da7 is-style-title--2\" style=\"text-transform:uppercase\"><strong>Gruppen &amp; Familien<\/strong><\/p>\n<\/div><\/div>\n<div style=\"padding-left:var(--wp--preset--spacing--s);padding-top:var(--wp--preset--spacing--s);padding-bottom:var(--wp--preset--spacing--s);\" class=\"alignfull wp-elements-5cd3591c1ade14a972751d58f754b855 wp-block-wpseopress-breadcrumbs has-text-color has-primary-color\"><nav  aria-label=\"breadcrumb\"><ol class=\"breadcrumb\" itemscope itemtype=\"https:\/\/schema.org\/BreadcrumbList\"><li class=\"breadcrumb-item active\" aria-current=\"page\" itemprop=\"itemListElement\" itemscope itemtype=\"https:\/\/schema.org\/ListItem\"><span itemprop=\"name\">Camping en Elsass<\/span><meta itemprop=\"position\" content=\"1\"><\/li><\/ol><\/nav><\/div>\n<div class=\"wp-block-group alignfull has-global-padding is-layout-constrained wp-block-group-is-layout-constrained\" style=\"margin-top:var(--wp--preset--spacing--xl);margin-bottom:var(--wp--preset--spacing--xl)\">\n<div class=\"wp-block-group alignfull is-style-tree-left-bottom has-global-padding is-layout-constrained wp-container-core-group-is-layout-e3586065 wp-block-group-is-layout-constrained\" style=\"padding-right:var(--wp--preset--spacing--xxs);padding-left:var(--wp--preset--spacing--xxs)\">\n<div class=\"wp-block-group z-1 has-global-padding is-layout-constrained wp-container-core-group-is-layout-9c8dac04 wp-block-group-is-layout-constrained\">\n<div class=\"wp-block-group has-global-padding is-layout-constrained wp-container-core-group-is-layout-2f23b1a8 wp-block-group-is-layout-constrained\">\n<p class=\"has-text-align-center is-style-toptitle is-style-toptitle--3\">Chalets und G\u00eetes f\u00fcr alle Ihre Versammlungen<\/p>\n\n\n\n<h2 class=\"wp-block-heading has-text-align-center is-style-title is-style-title--4\">Ferienwohnungen in Elsass f\u00fcr bis zu 50 Personen<\/h2>\n<\/div>\n\n\n\n<div class=\"wp-block-group is-layout-flow wp-block-group-is-layout-flow\">\n<p class=\"has-text-align-center\">Gruppen das ganze Jahr \u00fcber, Chalet f\u00fcr bis zu 20 Personen<br\/>Die Domaine des Chalets de la Wormsa bietet ma\u00dfgeschneiderte L\u00f6sungen f\u00fcr Ihre Gruppenreisen und Familienfeiern.<\/p>\n<\/div>\n\n\n\n\t<div class=\"alignfull swiper-hebergement-static is-layout-flow wp-block-query-camping-rest-static-is-layout-flow\">\n\t\t<ul class=\"static-hebergement-listing swiper-wrapper\">\n\t\t\t<style>:root { --static-query-color: #025647; }<\/style>\t\t\t\t<li class=\"swiper-slide\">\n\t\t\t\t\t<div class=\"wp-block-group card-gamme-static is-style-default is-style-relative\" \t\t\t\t\t\t>\n\t\t\t\t\t\t<div class=\"wp-block-group thumbnail-image\">\n\t\t\t\t\t\t\t<a href=\"https:\/\/www.alsace-chalets.fr\/de\/hebergements\/chalet-gruppe-10-personen-4-zimmer\/\" title=\"Chalet Gruppe 10 Personen 4 Zimmer\">\n\t\t\t\t\t\t\t\t<figure class=\"wp-block-image alignfull size-large\" style=\"margin:0;\">\n\t\t\t\t\t\t\t\t\t<img decoding=\"async\" src=\"https:\/\/www.alsace-chalets.fr\/wp-content\/uploads\/2025\/11\/chalets-grand-10p-wormsa-alsace_01-1024x683.webp\"\n\t\t\t\t\t\t\t\t\t\talt=\"Chalet Gruppe 10 Personen 4 Zimmer\" \/>\n\t\t\t\t\t\t\t\t<\/figure>\n\t\t\t\t\t\t\t<\/a>\n\t\t\t\t\t\t<\/div>\n\n\n\t\t\t\t\t\t<div class=\"wp-block-group has-white-background-color has-background card-content\">\n\t\t\t\t\t\t\t<div class=\"wp-block-group content\">\n\t\t\t\t\t\t\t\t<h3 class=\"wp-block-heading\">\n\t\t\t\t\t\t\t\t\tChalet Gruppe 10 Personen 4 Zimmer\t\t\t\t\t\t\t\t<\/h3>\n\n\t\t\t\t\t\t\t\t\t\t\t\t\t\t\t<\/div>\n\n\t\t\t\t\t\t\t<div class=\"wp-block-group card-price has-background\">\n\t\t\t\t\t\t\t\t<div class=\"booking_default\">\n\t\t\t\t\t\t\t\t\t<p class=\"has-text-align-right has-m-font-size\">\u00c0 partir de<\/p>\n\n\t\t\t\t\t\t\t\t\t<p class=\"has-text-align-right booking_price has-secondary-font-family\">\n\t\t\t\t\t\t\t\t\t\t\t\t\t\t\t\t\t\t\t<\/p>\n\t\t\t\t\t\t\t\t\t<p class=\"has-text-align-right booking_no_discount has-secondary-font-family has-xxxl-font-size\">\n\t\t\t\t\t\t\t\t\t\t270 \u20ac\t\t\t\t\t\t\t\t\t<\/p>\n\n\t\t\t\t\t\t\t\t\t<p class=\"has-text-align-right has-s-font-size\">\n\t\t\t\t\t\t\t\t\t\t\/ Nacht\t\t\t\t\t\t\t\t\t<\/p>\n\t\t\t\t\t\t\t\t<\/div>\n\t\t\t\t\t\t\t<\/div>\n\t\t\t\t\t\t<\/div>\n\n\t\t\t\t\t\t<div class=\"wp-block-buttons has-custom-font-size has-l-font-size\">\n\t\t\t\t\t\t\t<div\n\t\t\t\t\t\t\t\tclass=\"wp-block-button has-custom-width wp-block-button__width-100 has-custom-font-size booking-btn has-secondary-font-family\">\n\t\t\t\t\t\t\t\t<a href=\"https:\/\/www.alsace-chalets.fr\/de\/hebergements\/chalet-gruppe-10-personen-4-zimmer\/\"\n\t\t\t\t\t\t\t\t\tclass=\"wp-block-button__link has-white-color has-text-color has-background has-link-color has-text-align-center wp-element-button\">\n\t\t\t\t\t\t\t\t\tD\u00e9couvrir\t\t\t\t\t\t\t\t<\/a>\n\t\t\t\t\t\t\t<\/div>\n\t\t\t\t\t\t<\/div>\n\t\t\t\t\t<\/div>\n\t\t\t\t<\/li>\n\n\t\t\t\t\t\t\t<li class=\"swiper-slide\">\n\t\t\t\t\t<div class=\"wp-block-group card-gamme-static is-style-default is-style-relative\" \t\t\t\t\t\t>\n\t\t\t\t\t\t<div class=\"wp-block-group thumbnail-image\">\n\t\t\t\t\t\t\t<a href=\"https:\/\/www.alsace-chalets.fr\/de\/hebergements\/gite-de-la-wormsa-6-personen-3-zimmer\/\" title=\"G\u00eete de la Wormsa 6 Personen 3 Zimmer\">\n\t\t\t\t\t\t\t\t<figure class=\"wp-block-image alignfull size-large\" style=\"margin:0;\">\n\t\t\t\t\t\t\t\t\t<img decoding=\"async\" src=\"https:\/\/www.alsace-chalets.fr\/wp-content\/uploads\/2025\/11\/gite-wormsa-camping-alsace_09-1024x683.webp\"\n\t\t\t\t\t\t\t\t\t\talt=\"G\u00eete de la Wormsa 6 Personen 3 Zimmer\" \/>\n\t\t\t\t\t\t\t\t<\/figure>\n\t\t\t\t\t\t\t<\/a>\n\t\t\t\t\t\t<\/div>\n\n\n\t\t\t\t\t\t<div class=\"wp-block-group has-white-background-color has-background card-content\">\n\t\t\t\t\t\t\t<div class=\"wp-block-group content\">\n\t\t\t\t\t\t\t\t<h3 class=\"wp-block-heading\">\n\t\t\t\t\t\t\t\t\tG\u00eete de la Wormsa 6 Personen 3 Zimmer\t\t\t\t\t\t\t\t<\/h3>\n\n\t\t\t\t\t\t\t\t\t\t\t\t\t\t\t<\/div>\n\n\t\t\t\t\t\t\t<div class=\"wp-block-group card-price has-background\">\n\t\t\t\t\t\t\t\t<div class=\"booking_default\">\n\t\t\t\t\t\t\t\t\t<p class=\"has-text-align-right has-m-font-size\">\u00c0 partir de<\/p>\n\n\t\t\t\t\t\t\t\t\t<p class=\"has-text-align-right booking_price has-secondary-font-family\">\n\t\t\t\t\t\t\t\t\t\t\t\t\t\t\t\t\t\t\t<\/p>\n\t\t\t\t\t\t\t\t\t<p class=\"has-text-align-right booking_no_discount has-secondary-font-family has-xxxl-font-size\">\n\t\t\t\t\t\t\t\t\t\t205 \u20ac\t\t\t\t\t\t\t\t\t<\/p>\n\n\t\t\t\t\t\t\t\t\t<p class=\"has-text-align-right has-s-font-size\">\n\t\t\t\t\t\t\t\t\t\t\/ Nacht\t\t\t\t\t\t\t\t\t<\/p>\n\t\t\t\t\t\t\t\t<\/div>\n\t\t\t\t\t\t\t<\/div>\n\t\t\t\t\t\t<\/div>\n\n\t\t\t\t\t\t<div class=\"wp-block-buttons has-custom-font-size has-l-font-size\">\n\t\t\t\t\t\t\t<div\n\t\t\t\t\t\t\t\tclass=\"wp-block-button has-custom-width wp-block-button__width-100 has-custom-font-size booking-btn has-secondary-font-family\">\n\t\t\t\t\t\t\t\t<a href=\"https:\/\/www.alsace-chalets.fr\/de\/hebergements\/gite-de-la-wormsa-6-personen-3-zimmer\/\"\n\t\t\t\t\t\t\t\t\tclass=\"wp-block-button__link has-white-color has-text-color has-background has-link-color has-text-align-center wp-element-button\">\n\t\t\t\t\t\t\t\t\tD\u00e9couvrir\t\t\t\t\t\t\t\t<\/a>\n\t\t\t\t\t\t\t<\/div>\n\t\t\t\t\t\t<\/div>\n\t\t\t\t\t<\/div>\n\t\t\t\t<\/li>\n\n\t\t\t\t\t\t\t<li class=\"swiper-slide\">\n\t\t\t\t\t<div class=\"wp-block-group card-gamme-static is-style-default is-style-relative\" \t\t\t\t\t\t>\n\t\t\t\t\t\t<div class=\"wp-block-group thumbnail-image\">\n\t\t\t\t\t\t\t<a href=\"https:\/\/www.alsace-chalets.fr\/de\/hebergements\/gite-du-gr5-8-personen-3-schlafzimmer\/\" title=\"G\u00eete du GR5 8 Personen 3 Schlafzimmer\">\n\t\t\t\t\t\t\t\t<figure class=\"wp-block-image alignfull size-large\" style=\"margin:0;\">\n\t\t\t\t\t\t\t\t\t<img decoding=\"async\" src=\"https:\/\/www.alsace-chalets.fr\/wp-content\/uploads\/2025\/11\/gite-gr5-wormsa-camping-alsace_10-1024x683.webp\"\n\t\t\t\t\t\t\t\t\t\talt=\"G\u00eete du GR5 8 Personen 3 Schlafzimmer\" \/>\n\t\t\t\t\t\t\t\t<\/figure>\n\t\t\t\t\t\t\t<\/a>\n\t\t\t\t\t\t<\/div>\n\n\n\t\t\t\t\t\t<div class=\"wp-block-group has-white-background-color has-background card-content\">\n\t\t\t\t\t\t\t<div class=\"wp-block-group content\">\n\t\t\t\t\t\t\t\t<h3 class=\"wp-block-heading\">\n\t\t\t\t\t\t\t\t\tG\u00eete du GR5 8 Personen 3 Schlafzimmer\t\t\t\t\t\t\t\t<\/h3>\n\n\t\t\t\t\t\t\t\t\t\t\t\t\t\t\t<\/div>\n\n\t\t\t\t\t\t\t<div class=\"wp-block-group card-price has-background\">\n\t\t\t\t\t\t\t\t<div class=\"booking_default\">\n\t\t\t\t\t\t\t\t\t<p class=\"has-text-align-right has-m-font-size\">\u00c0 partir de<\/p>\n\n\t\t\t\t\t\t\t\t\t<p class=\"has-text-align-right booking_price has-secondary-font-family\">\n\t\t\t\t\t\t\t\t\t\t\t\t\t\t\t\t\t\t\t<\/p>\n\t\t\t\t\t\t\t\t\t<p class=\"has-text-align-right booking_no_discount has-secondary-font-family has-xxxl-font-size\">\n\t\t\t\t\t\t\t\t\t\t225 \u20ac\t\t\t\t\t\t\t\t\t<\/p>\n\n\t\t\t\t\t\t\t\t\t<p class=\"has-text-align-right has-s-font-size\">\n\t\t\t\t\t\t\t\t\t\t\/ Nacht\t\t\t\t\t\t\t\t\t<\/p>\n\t\t\t\t\t\t\t\t<\/div>\n\t\t\t\t\t\t\t<\/div>\n\t\t\t\t\t\t<\/div>\n\n\t\t\t\t\t\t<div class=\"wp-block-buttons has-custom-font-size has-l-font-size\">\n\t\t\t\t\t\t\t<div\n\t\t\t\t\t\t\t\tclass=\"wp-block-button has-custom-width wp-block-button__width-100 has-custom-font-size booking-btn has-secondary-font-family\">\n\t\t\t\t\t\t\t\t<a href=\"https:\/\/www.alsace-chalets.fr\/de\/hebergements\/gite-du-gr5-8-personen-3-schlafzimmer\/\"\n\t\t\t\t\t\t\t\t\tclass=\"wp-block-button__link has-white-color has-text-color has-background has-link-color has-text-align-center wp-element-button\">\n\t\t\t\t\t\t\t\t\tD\u00e9couvrir\t\t\t\t\t\t\t\t<\/a>\n\t\t\t\t\t\t\t<\/div>\n\t\t\t\t\t\t<\/div>\n\t\t\t\t\t<\/div>\n\t\t\t\t<\/li>\n\n\t\t\t\t\t<\/ul>\n\n\t<\/div>\n\n\n\n\n<div class=\"wp-block-group is-layout-flow wp-block-group-is-layout-flow\">\n<h2 class=\"wp-block-heading has-text-align-center is-style-regular-hash is-style-title is-style-title--5\">6 bis 12 Personen<\/h2>\n\n\n\n<p class=\"has-text-align-center\">Wir bieten Ihnen Unterk\u00fcnfte mit eigener K\u00fcche:<\/p>\n\n\n\n<ul class=\"wp-block-list\">\n<li>das Gro\u00dfe Chalet: Wohnzimmer\/K\u00fcche f\u00fcr 8 Personen (Schlafpl\u00e4tze: 6 Personen in Betten)<\/li>\n\n\n\n<li>G\u00eete de la Wormsa: Wohnzimmer\/K\u00fcche f\u00fcr 8 Personen (Schlafpl\u00e4tze: 6 Personen in Betten und bis zu 8 Personen mit dem Schlafsofa)<\/li>\n\n\n\n<li>G\u00eete du GR5: Wohnzimmer\/K\u00fcche f\u00fcr 12 Personen (Schlafpl\u00e4tze: 8 Personen in Betten und bis zu 12 Personen mit den beiden Schlafsofas)<\/li>\n\n\n\n<li>Le Gite du Hohneck: Wohnzimmer\/K\u00fcche f\u00fcr 12 Personen (Schlafpl\u00e4tze: 6 Personen in<br\/>Betten)<\/li>\n<\/ul>\n\n\n\n<p class=\"has-text-align-center\">Wenn Sie die Mahlzeiten im Restaurant einnehmen m\u00f6chten, denken Sie bitte daran, Ihre Tische im Voraus zu reservieren. Sie k\u00f6nnen auch mehrere unabh\u00e4ngige Chalets f\u00fcr 2, 4 oder 5 Personen mieten und so Unterkunft und Restaurant kombinieren. <\/p>\n\n\n\n<h2 class=\"wp-block-heading has-text-align-center is-style-regular-hash is-style-title is-style-title--6\">12 bis 20 Personen<\/h2>\n\n\n\n<p class=\"has-text-align-center\">Wir bieten Ihnen :<\/p>\n\n\n\n<p class=\"has-text-align-center\"><br\/>das Chalet Groupe: Wohnzimmer\/K\u00fcche f\u00fcr 20 Personen mit eigener K\u00fcche (Schlafpl\u00e4tze: 10 Personen in Betten und zus\u00e4tzlich 2 Personen auf einem Schlafsofa).<br\/>Sie m\u00fcssen andere Unterk\u00fcnfte buchen, um die fehlenden Zimmer zu erg\u00e4nzen.<br\/>Wenn Sie im Restaurant essen, denken Sie bitte daran, Ihre Tische im Voraus zu reservieren und fragen Sie nach unseren speziellen Men\u00fcs f\u00fcr Gruppen.<\/p>\n\n\n\n<h2 class=\"wp-block-heading has-text-align-center is-style-regular-hash is-style-title is-style-title--7\">21 bis 50 Personen<\/h2>\n\n\n\n<p class=\"has-text-align-center\">Die Unterbringung erfolgt in einer Kombination aus mehreren Chalets oder G\u00eetes.<br\/>Die Mahlzeiten werden im Restaurant eingenommen, Halbpension oder spezielle Gruppenmen\u00fcs sind nach vorheriger Reservierung m\u00f6glich.<br\/>Es besteht die M\u00f6glichkeit, nahegelegene Unterk\u00fcnfte in Clustern zu buchen, je nach Verf\u00fcgbarkeit.  <\/p>\n\n\n\n<h2 class=\"wp-block-heading has-text-align-center is-style-regular-hash is-style-title is-style-title--8\">Gruppenmen\u00fcs im Restaurant<\/h2>\n\n\n\n<p class=\"has-text-align-center\">F\u00fcr Ihre Mahlzeiten f\u00fcr bis zu 50 Personen k\u00f6nnen Sie Halbpension (siehe Halbpension) oder Gruppenmen\u00fcs auf Anfrage (siehe Gruppenmen\u00fcs) buchen.<\/p>\n\n\n\n<h2 class=\"wp-block-heading has-text-align-center is-style-regular-hash is-style-title is-style-title--9\">Unternehmen<\/h2>\n\n\n\n<p class=\"has-text-align-center\">Wir haben keinen Seminarraum auf unserem Gel\u00e4nde, aber ein entspannter Aufenthalt mit einem Treffen von 20 Personen im Chalet Groupe ist m\u00f6glich.<\/p>\n\n\n\n<p class=\"has-text-align-center\">F\u00fcr weitere Informationen stehen wir Ihnen gerne zur Verf\u00fcgung.<a href=\"https:\/\/www.alsace-chalets.fr\/contact\/?_gl=1*qrf5mi*_up*MQ..*_ga*MTI1NzAzODc4OS4xNzYzMTI5NDYx*_ga_FCF327YZHV*czE3NjMxMjk0NjAkbzEkZzEkdDE3NjMxMjk0NjgkajUyJGwwJGgxMTI5MjQ5MTIw\"> Kontaktieren Sie uns<\/a>.<\/p>\n<\/div>\n<\/div>\n\n\n\n<div class=\"wp-block-group alignfull z-0 is-content-justification-right is-nowrap is-layout-flex wp-container-core-group-is-layout-7a55f7ab wp-block-group-is-layout-flex\" style=\"padding-top:0;padding-right:var(--wp--preset--spacing--l);padding-bottom:0;padding-left:0\">\n<p class=\"has-text-align-left is-style-hash has-real-white-color has-text-color has-link-color has-xl-font-size wp-elements-d3e2d4c4eeadff6a9b02b161a7443022 is-style-hash--10\" style=\"margin-top:-6.5vw;margin-bottom:0;font-style:normal;font-weight:700;text-transform:uppercase\">Stille Nacht<\/p>\n<\/div>\n<\/div>\n\n\n\n<div class=\"wp-block-group alignfull has-global-padding is-content-justification-center is-layout-constrained wp-container-core-group-is-layout-9d7c95e2 wp-block-group-is-layout-constrained\" style=\"margin-top:-3rem\">\n<figure class=\"wp-block-image size-full is-style-stork-nest\" style=\"margin-right:0;margin-left:0\"><img alt=\"\" decoding=\"async\" width=\"395\" height=\"318\" src=\"https:\/\/www.alsace-chalets.fr\/wp-content\/uploads\/2025\/10\/cigogne-2.webp\" alt=\"\" class=\"wp-image-192\" style=\"object-fit:cover\" srcset=\"https:\/\/www.alsace-chalets.fr\/wp-content\/uploads\/2025\/10\/cigogne-2.webp 395w, https:\/\/www.alsace-chalets.fr\/wp-content\/uploads\/2025\/10\/cigogne-2-300x242.webp 300w, https:\/\/www.alsace-chalets.fr\/wp-content\/uploads\/2025\/10\/cigogne-2-60x48.webp 60w\" sizes=\"(max-width: 395px) 100vw, 395px\" \/><\/figure>\n<\/div>\n<\/div>\n\n<div class=\"wp-block-buttons is-content-justification-center is-layout-flex wp-container-core-buttons-is-layout-a89b3969 wp-block-buttons-is-layout-flex\">\n<div class=\"wp-block-button is-style-secondary-full-button is-style-secondary-full-button--11\"><a class=\"wp-block-button__link wp-element-button\" href=\"https:\/\/www.alsace-chalets.fr\/de\/urlaub\/urlaub-in-der-gruppe\/\" style=\"padding-top:var(--wp--preset--spacing--xs);padding-bottom:var(--wp--preset--spacing--xs)\">Seite Gruppenurlaub<\/a><\/div>\n\n\n\n<div class=\"wp-block-button is-style-secondary-button-full is-style-secondary-button-full--12\"><a class=\"wp-block-button__link wp-element-button\" href=\"https:\/\/www.secure-hotel-booking.com\/Auberge-et-Chalets-de-la-Wormsa\/2ERD\/fr\/?_gl=1*19lt4v1*_ga*MTMyNTMyNTY3Ny4xNzQxNjg4NjYy*_ga_FCF327YZHV*czE3NjUyMDUzNTMkbzM5MiRnMSR0MTc2NTIwNzI1NiRqNjAkbDAkaDE4NTkwMTc2MDU.*_gcl_au*Nzc0NDA5MzUuMTc2MjMzNjc1OS4xMjY5MDY4OTIyLjE3NjUxODU4ODkuMTc2NTE4NTg4OA..\" target=\"_blank\" rel=\"noreferrer noopener nofollow\">Buchen<\/a><\/div>\n<\/div>\n\n<div style=\"height:var(--wp--preset--spacing--xxl)\" aria-hidden=\"true\" class=\"wp-block-spacer\"><\/div>\n","protected":false},"excerpt":{"rendered":"<p>Chalets und G\u00eetes f\u00fcr alle Ihre Versammlungen Ferienwohnungen in Elsass f\u00fcr bis zu 50 Personen Gruppen das ganze Jahr \u00fcber, Chalet f\u00fcr bis zu 20 PersonenDie Domaine des Chalets de la Wormsa bietet ma\u00dfgeschneiderte L\u00f6sungen f\u00fcr Ihre Gruppenreisen und Familienfeiern. 6 bis 12 Personen Wir bieten Ihnen Unterk\u00fcnfte mit eigener K\u00fcche: Wenn Sie die Mahlzeiten [&hellip;]<\/p>\n","protected":false},"author":1,"featured_media":0,"parent":38112,"menu_order":9,"comment_status":"closed","ping_status":"closed","template":"page-full-width","meta":{"_acf_changed":false,"_seopress_robots_primary_cat":"","_seopress_titles_title":"Location groupe Alsace | 3 H\u00e9bergements de grande capacit\u00e9 \u00e0 louer \u00e0 Munster","_seopress_titles_desc":"Louez un h\u00e9bergement de grande capacit\u00e9 \u00e0 Munster en Alsace, id\u00e9al pour les groupes, familles nombreuses ou s\u00e9jours entre amis au pied des montagnes.","_seopress_robots_index":"","footnotes":""},"class_list":["post-38226","page","type-page","status-publish","hentry"],"acf":[],"_links":{"self":[{"href":"https:\/\/www.alsace-chalets.fr\/de\/wp-json\/wp\/v2\/pages\/38226","targetHints":{"allow":["GET"]}}],"collection":[{"href":"https:\/\/www.alsace-chalets.fr\/de\/wp-json\/wp\/v2\/pages"}],"about":[{"href":"https:\/\/www.alsace-chalets.fr\/de\/wp-json\/wp\/v2\/types\/page"}],"author":[{"embeddable":true,"href":"https:\/\/www.alsace-chalets.fr\/de\/wp-json\/wp\/v2\/users\/1"}],"replies":[{"embeddable":true,"href":"https:\/\/www.alsace-chalets.fr\/de\/wp-json\/wp\/v2\/comments?post=38226"}],"version-history":[{"count":5,"href":"https:\/\/www.alsace-chalets.fr\/de\/wp-json\/wp\/v2\/pages\/38226\/revisions"}],"predecessor-version":[{"id":42481,"href":"https:\/\/www.alsace-chalets.fr\/de\/wp-json\/wp\/v2\/pages\/38226\/revisions\/42481"}],"up":[{"embeddable":true,"href":"https:\/\/www.alsace-chalets.fr\/de\/wp-json\/wp\/v2\/pages\/38112"}],"wp:attachment":[{"href":"https:\/\/www.alsace-chalets.fr\/de\/wp-json\/wp\/v2\/media?parent=38226"}],"curies":[{"name":"wp","href":"https:\/\/api.w.org\/{rel}","templated":true}]}}