{"id":38208,"date":"2025-11-03T10:04:32","date_gmt":"2025-11-03T09:04:32","guid":{"rendered":"https:\/\/www.alsace-chalets.fr\/zugang\/"},"modified":"2026-02-06T09:55:31","modified_gmt":"2026-02-06T08:55:31","slug":"zugang","status":"publish","type":"page","link":"https:\/\/www.alsace-chalets.fr\/de\/zugang\/","title":{"rendered":"Zugang"},"content":{"rendered":"\n<div class=\"wp-block-cover alignfull hrz-hero is-style-pine-decoration is-style-pine-decoration--1\" style=\"margin-top:0;margin-bottom:0;padding-top:20rem;padding-bottom:20rem\"><img alt=\"\" decoding=\"async\" width=\"2400\" height=\"1601\" class=\"wp-block-cover__image-background wp-image-99 size-full\" alt=\"\" src=\"https:\/\/www.alsace-chalets.fr\/wp-content\/uploads\/2025\/10\/2-Photoval_008.webp\" data-object-fit=\"cover\" srcset=\"https:\/\/www.alsace-chalets.fr\/wp-content\/uploads\/2025\/10\/2-Photoval_008.webp 2400w, https:\/\/www.alsace-chalets.fr\/wp-content\/uploads\/2025\/10\/2-Photoval_008-300x200.webp 300w, https:\/\/www.alsace-chalets.fr\/wp-content\/uploads\/2025\/10\/2-Photoval_008-1024x683.webp 1024w, https:\/\/www.alsace-chalets.fr\/wp-content\/uploads\/2025\/10\/2-Photoval_008-768x512.webp 768w, https:\/\/www.alsace-chalets.fr\/wp-content\/uploads\/2025\/10\/2-Photoval_008-60x40.webp 60w, https:\/\/www.alsace-chalets.fr\/wp-content\/uploads\/2025\/10\/2-Photoval_008-1440x960.webp 1440w, https:\/\/www.alsace-chalets.fr\/wp-content\/uploads\/2025\/10\/2-Photoval_008-1080x720.webp 1080w, https:\/\/www.alsace-chalets.fr\/wp-content\/uploads\/2025\/10\/2-Photoval_008-720x480.webp 720w, https:\/\/www.alsace-chalets.fr\/wp-content\/uploads\/2025\/10\/2-Photoval_008-480x320.webp 480w, https:\/\/www.alsace-chalets.fr\/wp-content\/uploads\/2025\/10\/2-Photoval_008-240x160.webp 240w, https:\/\/www.alsace-chalets.fr\/wp-content\/uploads\/2025\/10\/2-Photoval_008-120x80.webp 120w\" sizes=\"(max-width: 2400px) 100vw, 2400px\" \/><span aria-hidden=\"true\" class=\"wp-block-cover__background has-background-dim-30 has-background-dim wp-block-cover__gradient-background has-background-gradient\" style=\"background:linear-gradient(0deg,rgb(1,1,1) 0%,rgba(0,0,0,0) 100%)\"><\/span><div class=\"wp-block-cover__inner-container has-global-padding is-layout-constrained wp-container-core-cover-is-layout-31021642 wp-block-cover-is-layout-constrained\">\n<p class=\"has-text-align-center is-style-top-title pine-cone-title is-style-title has-background-color has-text-color has-link-color has-large-font-size wp-elements-e141972e2713ca71f8b6d5fdf0c1b222 is-style-title--2\" style=\"text-transform:uppercase\"><strong>Zugang<\/strong><\/p>\n<\/div><\/div>\n\n<div class=\"wp-block-group alignfull has-background is-layout-flow wp-block-group-is-layout-flow\" style=\"background:linear-gradient(135deg,rgb(246,249,244) 0%,rgba(168,194,147,0.49) 100%)\"><div style=\"padding-left:var(--wp--preset--spacing--s);padding-top:var(--wp--preset--spacing--s);padding-bottom:var(--wp--preset--spacing--s);\" class=\"alignfull wp-elements-5cd3591c1ade14a972751d58f754b855 wp-block-wpseopress-breadcrumbs has-text-color has-primary-color\"><nav  aria-label=\"breadcrumb\"><ol class=\"breadcrumb\" itemscope itemtype=\"https:\/\/schema.org\/BreadcrumbList\"><li class=\"breadcrumb-item active\" aria-current=\"page\" itemprop=\"itemListElement\" itemscope itemtype=\"https:\/\/schema.org\/ListItem\"><span itemprop=\"name\">Camping en Elsass<\/span><meta itemprop=\"position\" content=\"1\"><\/li><\/ol><\/nav><\/div>\n\n\n<div style=\"height:var(--wp--preset--spacing--xxl)\" aria-hidden=\"true\" class=\"wp-block-spacer\"><\/div>\n\n\n\n<div class=\"wp-block-group has-global-padding is-content-justification-center is-layout-constrained wp-container-core-group-is-layout-93f37abf wp-block-group-is-layout-constrained\">\n<div class=\"wp-block-group has-global-padding is-layout-constrained wp-container-core-group-is-layout-be04af43 wp-block-group-is-layout-constrained\" style=\"margin-top:0;margin-bottom:0\">\n<p class=\"has-text-align-center is-style-toptitle is-style-toptitle--3\">Alle Wege f\u00fchren nach Metzeral<\/p>\n\n\n\n<h1 class=\"wp-block-heading has-text-align-center is-style-title is-style-title--4\">Zugang zum Campingplatz Chalets de la Wormsa<\/h1>\n<\/div>\n\n\n\n<div class=\"wp-block-group has-global-padding is-layout-constrained wp-container-core-group-is-layout-9c8dac04 wp-block-group-is-layout-constrained\">\n<div class=\"wp-block-group has-global-padding is-layout-constrained wp-block-group-is-layout-constrained\">\n<p class=\"has-text-align-center has-s-font-size\">Vereinfachen Sie Ihre Anreise: Auto, Zug, Bus oder Flugzeug, alles ist vorgesehen, um unsere Anlage in Metzeral leicht zu erreichen.<br\/><br\/>Willkommen auf der Anfahrtsseite des Campingplatzes <strong>Chalets de la Wormsa<\/strong>, gelegen in 72 rue de l&#8217;Altenhof, 68380 Metzeral (Haut-Rhin). Hier finden Sie die verschiedenen Transportm\u00f6glichkeiten, um unsere Anlage zu erreichen, damit Ihre Reise entspannt beginnen kann. <\/p>\n<\/div>\n<\/div>\n<\/div>\n\n\n\n<div style=\"height:var(--wp--preset--spacing--xxl)\" aria-hidden=\"true\" class=\"wp-block-spacer\"><\/div>\n<\/div>\n\n<div style=\"height:var(--wp--preset--spacing--xxl)\" aria-hidden=\"true\" class=\"wp-block-spacer\"><\/div>\n\n<div class=\"wp-block-columns alignwide is-layout-flex wp-container-core-columns-is-layout-28f84493 wp-block-columns-is-layout-flex\">\n<div class=\"wp-block-column is-layout-flow wp-block-column-is-layout-flow\" style=\"flex-basis:100%\">\n<div class=\"wp-block-group has-global-padding is-layout-constrained wp-block-group-is-layout-constrained\">\n<h2 class=\"wp-block-heading has-text-align-center is-style-title is-style-title--5\">Anfahrt mit dem Auto<\/h2>\n\n\n\n<p class=\"has-text-align-center\">Wenn Sie mit dem Auto anreisen, gibt es drei m\u00f6gliche Wege. Aus dem Norden, Autobahn A35 bis Colmar. Von S\u00fcden, Nationalstra\u00dfe N83 bis Colmar. Aus dem Westen, die D417 durch die Vogesen und den Col de la Schlucht (1139m) nach Munster.   <br\/><br\/>Folgen Sie dann der D417 in Richtung Munster. Von Munster aus nehmen Sie die D10 bis nach Metzeral. In Metzeral fahren Sie Richtung Mittlach, um an unserem Haus vorbeizufahren.  <br\/><br\/>Achten Sie im Winter auf die Wintersperre der Route des Cr\u00eates (D430). Vermeiden Sie die Vogesen. Die \u00dcberquerung des Col de la Schlucht ist mit geeigneten Winterreifen m\u00f6glich, aber bei starkem Schneefall nicht empfehlenswert. Planen Sie eine Route \u00fcber die Autobahn A35 oder die Nationalstra\u00dfe N83.  <\/p>\n<\/div>\n<\/div>\n\n\n\n<div class=\"wp-block-column is-layout-flow wp-block-column-is-layout-flow\" style=\"flex-basis:100%\">\n<div class=\"wp-block-group has-global-padding is-layout-constrained wp-block-group-is-layout-constrained\">\n<h2 class=\"wp-block-heading has-text-align-center is-style-title is-style-title--6\">Anreise mit dem Zug oder Bus<\/h2>\n\n\n\n<p class=\"has-text-align-center\">Um <strong>mit dem Zug oder Bus<\/strong> anzureisen, steigen Sie am Bahnhof von Colmar aus und nehmen dann den TER oder einen Regionalzug nach Munster oder Metzeral. Von Colmar aus bringt Sie die TER-Linie Colmar-Metzeral bis auf 1 km an unser Haus heran. In Metzeral k\u00f6nnen Sie ein Taxi nehmen oder zu Fu\u00df die Rue de l&#8217;Altenhof durch das ganze Dorf hinaufgehen.  <br\/><br\/>Diese L\u00f6sung ist ideal f\u00fcr einen Aufenthalt ohne Auto, w\u00e4hrend Sie den Komfort einer einfachen Anreise zum Herzen des regionalen Naturparks Ballons des Vosges genie\u00dfen k\u00f6nnen.<\/p>\n<\/div>\n<\/div>\n\n\n\n<div class=\"wp-block-column is-layout-flow wp-block-column-is-layout-flow\" style=\"flex-basis:100%\">\n<div class=\"wp-block-group has-global-padding is-layout-constrained wp-block-group-is-layout-constrained\">\n<h2 class=\"wp-block-heading has-text-align-center is-style-title is-style-title--7\">Anreise mit dem Flugzeug<\/h2>\n\n\n\n<p class=\"has-text-align-center\">Wenn Sie mit dem <strong>Flugzeug<\/strong> anreisen, sind die n\u00e4chstgelegenen Flugh\u00e4fen der EuroAirport Basel-Mulhouse-Freiburg (BSL\/MLH) und der Flughafen Strasbourg-Entzheim (SXB). Von diesen Flugh\u00e4fen k\u00f6nnen Sie ein Auto mieten oder einen Shuttle-Bus nach Colmar nehmen, von wo aus Sie Metzeral wie oben beschrieben erreichen. <br\/><br\/>Wenn Sie in Metzeral angekommen sind, folgen Sie der Rue de l&#8217;Altenhof, um direkt zum Campingplatz zu gelangen. Die genaue Adresse, die Sie in Ihr Navigationsger\u00e4t eingeben m\u00fcssen, lautet: 72 rue de l&#8217;Altenhof, 68380 Metzeral. <br\/><br\/>Bei Bedarf steht Ihnen unser Team telefonisch zur Verf\u00fcgung, um Ihnen den Weg zu weisen. Wir w\u00fcnschen Ihnen eine gute Fahrt und freuen uns darauf, Sie im Herzen des Munstertals begr\u00fc\u00dfen zu d\u00fcrfen. <\/p>\n<\/div>\n<\/div>\n<\/div>\n\n<div style=\"height:var(--wp--preset--spacing--xxl)\" aria-hidden=\"true\" class=\"wp-block-spacer\"><\/div>\n\n<div class=\"wp-block-group alignfull has-global-padding is-layout-constrained wp-container-core-group-is-layout-12243e0f wp-block-group-is-layout-constrained\">\n<center><iframe src=\"https:\/\/www.google.com\/maps\/embed?pb=!1m18!1m12!1m3!1d2839552.1664803675!2d1.193243276290201!3d48.07331606925802!2m3!1f0!2f0!3f0!3m2!1i1024!2i768!4f13.1!3m3!1m2!1s0x4793d0bb7965d443%3A0x68e1e965a2495b82!2sChalets%20de%20la%20Wormsa!5e0!3m2!1sfr!2sfr!4v1762159555706!5m2!1sfr!2sfr\" width=\"90%\" height=\"600px\" style=\"border:0;\" allowfullscreen=\"\" loading=\"lazy\" referrerpolicy=\"no-referrer-when-downgrade\"><\/iframe><\/center>\n\n\n\n<div style=\"height:var(--wp--preset--spacing--xxl)\" aria-hidden=\"true\" class=\"wp-block-spacer\"><\/div>\n<\/div>\n\n<div style=\"height:var(--wp--preset--spacing--xxl)\" aria-hidden=\"true\" class=\"wp-block-spacer\"><\/div>\n","protected":false},"excerpt":{"rendered":"<p>Alle Wege f\u00fchren nach Metzeral Zugang zum Campingplatz Chalets de la Wormsa Vereinfachen Sie Ihre Anreise: Auto, Zug, Bus oder Flugzeug, alles ist vorgesehen, um unsere Anlage in Metzeral leicht zu erreichen. Willkommen auf der Anfahrtsseite des Campingplatzes Chalets de la Wormsa, gelegen in 72 rue de l&#8217;Altenhof, 68380 Metzeral (Haut-Rhin). Hier finden Sie die [&hellip;]<\/p>\n","protected":false},"author":1,"featured_media":0,"parent":0,"menu_order":31,"comment_status":"closed","ping_status":"closed","template":"page-full-width","meta":{"_acf_changed":false,"_seopress_robots_primary_cat":"","_seopress_titles_title":"Wie komme ich zum Parc R\u00e9sidentiel de Loisirs des Chalets de la Wormsa im Elsass? Karte, Wegbeschreibung ","_seopress_titles_desc":"Bereiten Sie Ihre Fahrt zu den Chalets de la Wormsa im Elsass vor. Schauen Sie sich die Karte, die Route und alle Informationen \u00fcber die Anfahrt zu unserem Wohnpark an. ","_seopress_robots_index":"","footnotes":""},"class_list":["post-38208","page","type-page","status-publish","hentry"],"acf":[],"_links":{"self":[{"href":"https:\/\/www.alsace-chalets.fr\/de\/wp-json\/wp\/v2\/pages\/38208","targetHints":{"allow":["GET"]}}],"collection":[{"href":"https:\/\/www.alsace-chalets.fr\/de\/wp-json\/wp\/v2\/pages"}],"about":[{"href":"https:\/\/www.alsace-chalets.fr\/de\/wp-json\/wp\/v2\/types\/page"}],"author":[{"embeddable":true,"href":"https:\/\/www.alsace-chalets.fr\/de\/wp-json\/wp\/v2\/users\/1"}],"replies":[{"embeddable":true,"href":"https:\/\/www.alsace-chalets.fr\/de\/wp-json\/wp\/v2\/comments?post=38208"}],"version-history":[{"count":3,"href":"https:\/\/www.alsace-chalets.fr\/de\/wp-json\/wp\/v2\/pages\/38208\/revisions"}],"predecessor-version":[{"id":42026,"href":"https:\/\/www.alsace-chalets.fr\/de\/wp-json\/wp\/v2\/pages\/38208\/revisions\/42026"}],"wp:attachment":[{"href":"https:\/\/www.alsace-chalets.fr\/de\/wp-json\/wp\/v2\/media?parent=38208"}],"curies":[{"name":"wp","href":"https:\/\/api.w.org\/{rel}","templated":true}]}}