{"id":38123,"date":"2025-10-02T17:53:39","date_gmt":"2025-10-02T15:53:39","guid":{"rendered":"https:\/\/www.alsace-chalets.fr\/preise\/"},"modified":"2026-02-05T15:39:46","modified_gmt":"2026-02-05T14:39:46","slug":"preise","status":"publish","type":"page","link":"https:\/\/www.alsace-chalets.fr\/de\/preise\/","title":{"rendered":"Preise"},"content":{"rendered":"\n<div class=\"wp-block-cover alignfull hrz-hero is-style-pine-decoration is-style-pine-decoration--1\" style=\"margin-top:0;margin-bottom:0;padding-top:20rem;padding-bottom:20rem\"><img alt=\"\" decoding=\"async\" width=\"2400\" height=\"1440\" class=\"wp-block-cover__image-background wp-image-99 size-16\/9_2560x1440_desktop\" alt=\"\" src=\"https:\/\/www.alsace-chalets.fr\/wp-content\/uploads\/2025\/10\/2-Photoval_008-2400x1440.webp\" data-object-fit=\"cover\"\/><span aria-hidden=\"true\" class=\"wp-block-cover__background has-background-dim-30 has-background-dim wp-block-cover__gradient-background has-background-gradient\" style=\"background:linear-gradient(0deg,rgb(1,1,1) 0%,rgba(0,0,0,0) 100%)\"><\/span><div class=\"wp-block-cover__inner-container has-global-padding is-layout-constrained wp-container-core-cover-is-layout-31021642 wp-block-cover-is-layout-constrained\">\n<p class=\"has-text-align-center is-style-top-title pine-cone-title is-style-title has-background-color has-text-color has-link-color has-large-font-size wp-elements-323c4844899ba8b2acf6f8f5c7f5955d is-style-title--2\" style=\"text-transform:uppercase\"><strong>Preise<\/strong><\/p>\n<\/div><\/div>\n\n<div class=\"wp-block-group alignfull has-background is-layout-flow wp-block-group-is-layout-flow\" style=\"background:linear-gradient(135deg,rgb(246,249,244) 0%,rgba(168,194,147,0.49) 100%)\"><div style=\"padding-left:var(--wp--preset--spacing--s);padding-top:var(--wp--preset--spacing--s);padding-bottom:var(--wp--preset--spacing--s);\" class=\"alignfull wp-elements-5cd3591c1ade14a972751d58f754b855 wp-block-wpseopress-breadcrumbs has-text-color has-primary-color\"><nav  aria-label=\"breadcrumb\"><ol class=\"breadcrumb\" itemscope itemtype=\"https:\/\/schema.org\/BreadcrumbList\"><li class=\"breadcrumb-item active\" aria-current=\"page\" itemprop=\"itemListElement\" itemscope itemtype=\"https:\/\/schema.org\/ListItem\"><span itemprop=\"name\">Camping en Elsass<\/span><meta itemprop=\"position\" content=\"1\"><\/li><\/ol><\/nav><\/div>\n\n\n<div style=\"height:var(--wp--preset--spacing--xxl)\" aria-hidden=\"true\" class=\"wp-block-spacer\"><\/div>\n\n\n\n<div class=\"wp-block-group has-global-padding is-content-justification-center is-layout-constrained wp-container-core-group-is-layout-93f37abf wp-block-group-is-layout-constrained\">\n<div class=\"wp-block-group has-global-padding is-layout-constrained wp-container-core-group-is-layout-be04af43 wp-block-group-is-layout-constrained\" style=\"margin-top:0;margin-bottom:0\">\n<p class=\"has-text-align-center is-style-toptitle is-style-toptitle--3\">W\u00e4hlen Sie die Option, die Ihren Bed\u00fcrfnissen am besten entspricht.<\/p>\n\n\n\n<h1 class=\"wp-block-heading has-text-align-center is-style-title is-style-title--4\">Unsere Preise<\/h1>\n<\/div>\n\n\n\n<div class=\"wp-block-group has-global-padding is-layout-constrained wp-block-group-is-layout-constrained\">\n<p class=\"has-text-align-center\">Um Ihnen einen entspannten Aufenthalt zu erm\u00f6glichen, bietet Ihnen der <strong>Campingplatz Chalets de la Wormsa<\/strong> verschiedene Preismodelle an, die auf Ihre Buchungsart, Ihre Einschr\u00e4nkungen und Ihre Urlaubsw\u00fcnsche zugeschnitten sind. Ob Sie nun maximale Flexibilit\u00e4t, einen attraktiven Rabatt f\u00fcr l\u00e4ngere Aufenthalte oder eine klassische L\u00f6sung mit Standard-Stornierungsbedingungen suchen, wir haben das richtige Angebot f\u00fcr Sie. <br\/><br\/>Buchen Sie direkt auf unserer offiziellen Website, um von den besten Bedingungen zu profitieren: <strong>PROMO Langzeittarif<\/strong> f\u00fcr Aufenthalte von 7 N\u00e4chten oder mehr. <strong>Fr\u00fchbucherpreis<\/strong> oder <strong>Flexibler<\/strong> <strong>Preis<\/strong> mit nur 25% Anzahlung.<br\/><br\/>Lesen Sie unten die Details zu jedem Tarif, um die Option zu w\u00e4hlen, die am besten zu Ihrem Aufenthalt in Metzeral im Herzen des Munstertals passt.<\/p>\n<\/div>\n<\/div>\n\n\n\n<div style=\"height:var(--wp--preset--spacing--xxl)\" aria-hidden=\"true\" class=\"wp-block-spacer\"><\/div>\n<\/div>\n\n<div style=\"height:var(--wp--preset--spacing--xxl)\" aria-hidden=\"true\" class=\"wp-block-spacer\"><\/div>\n\n<div class=\"wp-block-group alignfull is-layout-flow wp-block-group-is-layout-flow\">\n<div class=\"wp-block-columns alignwide is-layout-flex wp-container-core-columns-is-layout-1e451ff0 wp-block-columns-is-layout-flex\" style=\"padding-right:var(--wp--preset--spacing--xxl);padding-left:var(--wp--preset--spacing--xxl)\">\n<div class=\"wp-block-column is-layout-flow wp-block-column-is-layout-flow\" style=\"flex-basis:100%\">\n<div class=\"wp-block-group has-global-padding is-content-justification-center is-layout-constrained wp-container-core-group-is-layout-93f37abf wp-block-group-is-layout-constrained\">\n<div class=\"wp-block-group has-global-padding is-layout-constrained wp-container-core-group-is-layout-be04af43 wp-block-group-is-layout-constrained\" style=\"margin-top:0;margin-bottom:0\">\n<h1 class=\"wp-block-heading has-text-align-center is-style-title is-style-title--5\">DER NORMALE TARIF<\/h1>\n<\/div>\n\n\n\n<figure class=\"wp-block-image aligncenter size-large is-resized\"><img alt=\"\" decoding=\"async\" width=\"1024\" height=\"683\" src=\"https:\/\/www.alsace-chalets.fr\/wp-content\/uploads\/2025\/10\/village-camping-wormsa-alsace_02-1024x683.webp\" alt=\"\" class=\"wp-image-481\" style=\"width:250px\" srcset=\"https:\/\/www.alsace-chalets.fr\/wp-content\/uploads\/2025\/10\/village-camping-wormsa-alsace_02-1024x683.webp 1024w, https:\/\/www.alsace-chalets.fr\/wp-content\/uploads\/2025\/10\/village-camping-wormsa-alsace_02-300x200.webp 300w, https:\/\/www.alsace-chalets.fr\/wp-content\/uploads\/2025\/10\/village-camping-wormsa-alsace_02-768x512.webp 768w, https:\/\/www.alsace-chalets.fr\/wp-content\/uploads\/2025\/10\/village-camping-wormsa-alsace_02-60x40.webp 60w, https:\/\/www.alsace-chalets.fr\/wp-content\/uploads\/2025\/10\/village-camping-wormsa-alsace_02.webp 1620w\" sizes=\"(max-width: 1024px) 100vw, 1024px\" \/><\/figure>\n\n\n\n<div class=\"wp-block-group is-style-border-right has-global-padding is-layout-constrained wp-block-group-is-layout-constrained is-style-border-right--6\">\n<p class=\"has-text-align-left\"><strong>Normaler Tarif<\/strong><\/p>\n\n\n\n<ul class=\"wp-block-list\">\n<li>Kostenlose \u00c4nderungen und Stornierungen bis zu 15 Tage vor der Ankunft.<\/li>\n\n\n\n<li>100% Anzahlung bei Buchung.<\/li>\n<\/ul>\n\n\n\n<p>Bei \u00c4nderung oder Stornierung eines Aufenthalts mit dem <strong>Normaltarif <\/strong>:<\/p>\n\n\n\n<ul class=\"wp-block-list\">\n<li>15 Tage vor Ankunft: kostenlose Stornierung ohne Angabe von Gr\u00fcnden<\/li>\n\n\n\n<li>Zwischen Tag 2 und Tag 15: 25% bis 75% nicht erstattet.<\/li>\n<\/ul>\n<\/div>\n<\/div>\n<\/div>\n\n\n\n<div class=\"wp-block-column is-layout-flow wp-block-column-is-layout-flow\" style=\"flex-basis:100%\">\n<div class=\"wp-block-group has-global-padding is-content-justification-center is-layout-constrained wp-container-core-group-is-layout-93f37abf wp-block-group-is-layout-constrained\">\n<div class=\"wp-block-group has-global-padding is-layout-constrained wp-container-core-group-is-layout-be04af43 wp-block-group-is-layout-constrained\" style=\"margin-top:0;margin-bottom:0\">\n<h1 class=\"wp-block-heading has-text-align-center is-style-title is-style-title--7\">TARIFE Vorauszahlung<\/h1>\n<\/div>\n\n\n\n<figure class=\"wp-block-image aligncenter size-large is-resized\"><img alt=\"\" decoding=\"async\" width=\"1024\" height=\"683\" src=\"https:\/\/www.alsace-chalets.fr\/wp-content\/uploads\/2025\/10\/1-Photoval_423-1024x683.webp\" alt=\"\" class=\"wp-image-179\" style=\"width:250px\" srcset=\"https:\/\/www.alsace-chalets.fr\/wp-content\/uploads\/2025\/10\/1-Photoval_423-1024x683.webp 1024w, https:\/\/www.alsace-chalets.fr\/wp-content\/uploads\/2025\/10\/1-Photoval_423-300x200.webp 300w, https:\/\/www.alsace-chalets.fr\/wp-content\/uploads\/2025\/10\/1-Photoval_423-768x512.webp 768w, https:\/\/www.alsace-chalets.fr\/wp-content\/uploads\/2025\/10\/1-Photoval_423-60x40.webp 60w, https:\/\/www.alsace-chalets.fr\/wp-content\/uploads\/2025\/10\/1-Photoval_423-1440x960.webp 1440w, https:\/\/www.alsace-chalets.fr\/wp-content\/uploads\/2025\/10\/1-Photoval_423-1080x720.webp 1080w, https:\/\/www.alsace-chalets.fr\/wp-content\/uploads\/2025\/10\/1-Photoval_423-720x480.webp 720w, https:\/\/www.alsace-chalets.fr\/wp-content\/uploads\/2025\/10\/1-Photoval_423-480x320.webp 480w, https:\/\/www.alsace-chalets.fr\/wp-content\/uploads\/2025\/10\/1-Photoval_423-240x160.webp 240w, https:\/\/www.alsace-chalets.fr\/wp-content\/uploads\/2025\/10\/1-Photoval_423-120x80.webp 120w\" sizes=\"(max-width: 1024px) 100vw, 1024px\" \/><\/figure>\n\n\n\n<div class=\"wp-block-group is-style-border-right has-global-padding is-layout-constrained wp-block-group-is-layout-constrained is-style-border-right--8\">\n<p class=\"has-text-align-left\"><strong>Fr\u00fchbuchertarif<\/strong> &#8211; f\u00fcr Buchungen <strong>3 Monate im Voraus<\/strong><\/p>\n\n\n\n<ul class=\"wp-block-list\">\n<li><strong>Anzahlung von 25%<\/strong> bei Buchung<\/li>\n\n\n\n<li>Restbetrag zu zahlen 30 Tage vor Ankunft<\/li>\n<\/ul>\n\n\n\n<p>Im Falle einer \u00c4nderung oder Stornierung des Aufenthalts mit dem <strong>Fr\u00fchbuchertarif<\/strong>: <br\/>identisch mit dem Normaltarif.<\/p>\n<\/div>\n<\/div>\n<\/div>\n\n\n\n<div class=\"wp-block-column is-layout-flow wp-block-column-is-layout-flow\" style=\"flex-basis:100%\">\n<div class=\"wp-block-group has-global-padding is-content-justification-center is-layout-constrained wp-container-core-group-is-layout-93f37abf wp-block-group-is-layout-constrained\">\n<div class=\"wp-block-group has-global-padding is-layout-constrained wp-container-core-group-is-layout-be04af43 wp-block-group-is-layout-constrained\" style=\"margin-top:0;margin-bottom:0\">\n<h1 class=\"wp-block-heading has-text-align-center is-style-title is-style-title--9\">LANGE AUFENTHALTE -15%<\/h1>\n<\/div>\n\n\n\n<figure class=\"wp-block-image aligncenter size-large is-resized\"><img alt=\"\" decoding=\"async\" width=\"1024\" height=\"683\" src=\"https:\/\/www.alsace-chalets.fr\/wp-content\/uploads\/2025\/10\/valeurs-camping-wormsa-alsace_04-1024x683.webp\" alt=\"\" class=\"wp-image-413\" style=\"width:250px\" srcset=\"https:\/\/www.alsace-chalets.fr\/wp-content\/uploads\/2025\/10\/valeurs-camping-wormsa-alsace_04-1024x683.webp 1024w, https:\/\/www.alsace-chalets.fr\/wp-content\/uploads\/2025\/10\/valeurs-camping-wormsa-alsace_04-300x200.webp 300w, https:\/\/www.alsace-chalets.fr\/wp-content\/uploads\/2025\/10\/valeurs-camping-wormsa-alsace_04-768x512.webp 768w, https:\/\/www.alsace-chalets.fr\/wp-content\/uploads\/2025\/10\/valeurs-camping-wormsa-alsace_04-60x40.webp 60w, https:\/\/www.alsace-chalets.fr\/wp-content\/uploads\/2025\/10\/valeurs-camping-wormsa-alsace_04.webp 1620w\" sizes=\"(max-width: 1024px) 100vw, 1024px\" \/><\/figure>\n\n\n\n<div class=\"wp-block-group is-style-border-right has-global-padding is-layout-constrained wp-block-group-is-layout-constrained is-style-border-right--10\">\n<p class=\"has-text-align-left\"><strong>Sondertarif Langzeitaufenthalte -15% <\/strong>f\u00fcr einen Aufenthalt von 7 N\u00e4chten oder mehr.<\/p>\n\n\n\n<p>Fahren Sie 7 Tage oder l\u00e4nger und erhalten Sie einen Rabatt von 15%.<\/p>\n\n\n\n<ul class=\"wp-block-list\">\n<li><strong>15% Erm\u00e4\u00dfigung f\u00fcr einen Aufenthalt von 7 oder mehr N\u00e4chten<\/strong><\/li>\n\n\n\n<li>100% Anzahlung bei Buchung<\/li>\n<\/ul>\n\n\n\n<p>Bei \u00c4nderung oder Stornierung eines Aufenthalts mit dem <strong>Sondertarif f\u00fcr lange Aufenthalte<\/strong>: <br\/>identisch mit dem <strong>Normaltarif<\/strong>.<\/p>\n\n\n\n<p>Zugangsbedingungen f\u00fcr diesen Tarif :<\/p>\n\n\n\n<p>Der Tarif ist au\u00dferhalb der Schulferien von Juli-August und Weihnachten sichtbar.<br\/>Tarifberechnung: Basierend auf dem &#8222;normalen&#8220; Tarif abz\u00fcglich 15%. Das Angebot gilt nicht r\u00fcckwirkend. Kann nur zum Zeitpunkt der Buchung auf unserer Website abgeschlossen werden. <\/p>\n<\/div>\n<\/div>\n<\/div>\n\n\n\n<div class=\"wp-block-column is-layout-flow wp-block-column-is-layout-flow\" style=\"flex-basis:100%\">\n<div class=\"wp-block-group has-global-padding is-content-justification-center is-layout-constrained wp-container-core-group-is-layout-93f37abf wp-block-group-is-layout-constrained\">\n<div class=\"wp-block-group has-global-padding is-layout-constrained wp-container-core-group-is-layout-be04af43 wp-block-group-is-layout-constrained\" style=\"margin-top:0;margin-bottom:0\">\n<h1 class=\"wp-block-heading has-text-align-center is-style-title is-style-title--11\">DER FLEXIBLE TARIF<\/h1>\n<\/div>\n\n\n\n<figure class=\"wp-block-image aligncenter size-large is-resized\"><img alt=\"\" decoding=\"async\" width=\"1024\" height=\"683\" src=\"https:\/\/www.alsace-chalets.fr\/wp-content\/uploads\/2025\/11\/phototheque-camping-wormsa-alsace_27-1024x683.webp\" alt=\"\" class=\"wp-image-1113\" style=\"width:250px\" srcset=\"https:\/\/www.alsace-chalets.fr\/wp-content\/uploads\/2025\/11\/phototheque-camping-wormsa-alsace_27-1024x683.webp 1024w, https:\/\/www.alsace-chalets.fr\/wp-content\/uploads\/2025\/11\/phototheque-camping-wormsa-alsace_27-300x200.webp 300w, https:\/\/www.alsace-chalets.fr\/wp-content\/uploads\/2025\/11\/phototheque-camping-wormsa-alsace_27-768x512.webp 768w, https:\/\/www.alsace-chalets.fr\/wp-content\/uploads\/2025\/11\/phototheque-camping-wormsa-alsace_27-60x40.webp 60w\" sizes=\"(max-width: 1024px) 100vw, 1024px\" \/><\/figure>\n\n\n\n<div class=\"wp-block-group is-style-border-right has-global-padding is-layout-constrained wp-block-group-is-layout-constrained is-style-border-right--12\">\n<p class=\"has-text-align-left\"><strong>Flexibler Tarif<\/strong> &#8211; Ihr Urlaub in aller Ruhe<\/p>\n\n\n\n<p class=\"has-text-align-left is-style-default\">Entscheiden Sie sich f\u00fcr den <strong>Flexiblen Tarif<\/strong> und profitieren Sie von flexiblen Bedingungen f\u00fcr die \u00c4nderung oder Stornierung Ihres Aufenthalts!<\/p>\n\n\n\n<ul class=\"wp-block-list\">\n<li>Kostenlose Umbuchung und Stornierung bis zu <strong>8 Tage<\/strong> vor Ankunft<\/li>\n\n\n\n<li><strong>Anzahlung von 25%<\/strong> bei Buchung<\/li>\n\n\n\n<li>Restbetrag bei Ankunft<\/li>\n<\/ul>\n\n\n\n<p>Im Falle einer \u00c4nderung oder Stornierung des Aufenthalts mit dem <strong>Flexiblen Tarif <\/strong>:<\/p>\n\n\n\n<ul class=\"wp-block-list\">\n<li><strong>8 Tage vor Ankunft<\/strong>: kostenlose Stornierung ohne Angabe von Gr\u00fcnden<\/li>\n\n\n\n<li>Zwischen Tag 2 und Tag 8: 25% bis 75% nicht erstattet.<\/li>\n<\/ul>\n\n\n\n<p>Zugangsbedingungen f\u00fcr diesen Tarif :<\/p>\n\n\n\n<p>Der Preis ist das ganze Jahr \u00fcber g\u00fcltig, wenn der Aufenthalt zwischen 16 und 90 Tagen im Voraus gebucht wird.<br\/>Preisberechnung: Basierend auf dem &#8222;normalen&#8220; Preis plus 5% und plus 5\u20ac pro Nacht. Das Angebot gilt nicht r\u00fcckwirkend. Kann nur zum Zeitpunkt der Buchung auf unserer Website abgeschlossen werden. <\/p>\n<\/div>\n<\/div>\n<\/div>\n<\/div>\n<\/div>\n\n<div style=\"height:40px\" aria-hidden=\"true\" class=\"wp-block-spacer\"><\/div>\n\n<p>Einzelheiten zu den Allgemeinen Gesch\u00e4ftsbedingungen finden Sie in unseren <a href=\"https:\/\/www.alsace-chalets.fr\/wp-content\/uploads\/2025\/12\/cgv.11.2025.pdf\" data-type=\"link\" data-id=\"https:\/\/www.alsace-chalets.fr\/wp-content\/uploads\/2025\/12\/cgv.11.2025.pdf\" target=\"_blank\" rel=\"noreferrer noopener\">AGB<\/a>.<\/p>\n\n<div style=\"height:120px\" aria-hidden=\"true\" class=\"wp-block-spacer\"><\/div>\n\n<p><\/p>\n","protected":false},"excerpt":{"rendered":"<p>W\u00e4hlen Sie die Option, die Ihren Bed\u00fcrfnissen am besten entspricht. Unsere Preise Um Ihnen einen entspannten Aufenthalt zu erm\u00f6glichen, bietet Ihnen der Campingplatz Chalets de la Wormsa verschiedene Preismodelle an, die auf Ihre Buchungsart, Ihre Einschr\u00e4nkungen und Ihre Urlaubsw\u00fcnsche zugeschnitten sind. Ob Sie nun maximale Flexibilit\u00e4t, einen attraktiven Rabatt f\u00fcr l\u00e4ngere Aufenthalte oder eine klassische [&hellip;]<\/p>\n","protected":false},"author":1,"featured_media":0,"parent":0,"menu_order":57,"comment_status":"closed","ping_status":"closed","template":"page-full-width","meta":{"_acf_changed":false,"_seopress_robots_primary_cat":"","_seopress_titles_title":"G\u00fcnstige Campingpl\u00e4tze im Elsass | Angebote und Promotions f\u00fcr einen preiswerten Aufenthalt im Elsass","_seopress_titles_desc":"Entdecken Sie unsere guten Campingpl\u00e4tze im Elsass, um g\u00fcnstig zu verreisen und die Berge, Wanderungen und die Natur im Laufe der Jahreszeiten zu genie\u00dfen.","_seopress_robots_index":"","footnotes":""},"class_list":["post-38123","page","type-page","status-publish","hentry"],"acf":[],"_links":{"self":[{"href":"https:\/\/www.alsace-chalets.fr\/de\/wp-json\/wp\/v2\/pages\/38123","targetHints":{"allow":["GET"]}}],"collection":[{"href":"https:\/\/www.alsace-chalets.fr\/de\/wp-json\/wp\/v2\/pages"}],"about":[{"href":"https:\/\/www.alsace-chalets.fr\/de\/wp-json\/wp\/v2\/types\/page"}],"author":[{"embeddable":true,"href":"https:\/\/www.alsace-chalets.fr\/de\/wp-json\/wp\/v2\/users\/1"}],"replies":[{"embeddable":true,"href":"https:\/\/www.alsace-chalets.fr\/de\/wp-json\/wp\/v2\/comments?post=38123"}],"version-history":[{"count":6,"href":"https:\/\/www.alsace-chalets.fr\/de\/wp-json\/wp\/v2\/pages\/38123\/revisions"}],"predecessor-version":[{"id":41858,"href":"https:\/\/www.alsace-chalets.fr\/de\/wp-json\/wp\/v2\/pages\/38123\/revisions\/41858"}],"wp:attachment":[{"href":"https:\/\/www.alsace-chalets.fr\/de\/wp-json\/wp\/v2\/media?parent=38123"}],"curies":[{"name":"wp","href":"https:\/\/api.w.org\/{rel}","templated":true}]}}