{"id":38114,"date":"2025-10-02T17:52:45","date_gmt":"2025-10-02T15:52:45","guid":{"rendered":"https:\/\/www.alsace-chalets.fr\/unsere-unterkuenfte\/unsere-ferienhaeuser\/"},"modified":"2026-03-16T13:45:30","modified_gmt":"2026-03-16T12:45:30","slug":"unsere-ferienhaeuser","status":"publish","type":"page","link":"https:\/\/www.alsace-chalets.fr\/de\/unsere-unterkuenfte\/unsere-ferienhaeuser\/","title":{"rendered":"Unsere Ferienh\u00e4user"},"content":{"rendered":"\n<div class=\"wp-block-cover alignfull hrz-hero is-style-pine-decoration is-style-pine-decoration--1\" style=\"margin-top:0;margin-bottom:0;padding-top:20rem;padding-bottom:20rem\"><img decoding=\"async\" width=\"1620\" height=\"1080\" class=\"wp-block-cover__image-background wp-image-1671 size-full\" alt=\"gite gr5 wormsa camping alsace 10\" src=\"https:\/\/www.alsace-chalets.fr\/wp-content\/uploads\/2025\/11\/gite-gr5-wormsa-camping-alsace_10.webp\" data-object-fit=\"cover\" srcset=\"https:\/\/www.alsace-chalets.fr\/wp-content\/uploads\/2025\/11\/gite-gr5-wormsa-camping-alsace_10.webp 1620w, https:\/\/www.alsace-chalets.fr\/wp-content\/uploads\/2025\/11\/gite-gr5-wormsa-camping-alsace_10-300x200.webp 300w, https:\/\/www.alsace-chalets.fr\/wp-content\/uploads\/2025\/11\/gite-gr5-wormsa-camping-alsace_10-1024x683.webp 1024w, https:\/\/www.alsace-chalets.fr\/wp-content\/uploads\/2025\/11\/gite-gr5-wormsa-camping-alsace_10-768x512.webp 768w, https:\/\/www.alsace-chalets.fr\/wp-content\/uploads\/2025\/11\/gite-gr5-wormsa-camping-alsace_10-60x40.webp 60w\" sizes=\"(max-width: 1620px) 100vw, 1620px\" \/><span aria-hidden=\"true\" class=\"wp-block-cover__background has-background-dim-30 has-background-dim wp-block-cover__gradient-background has-background-gradient\" style=\"background:linear-gradient(0deg,rgb(1,1,1) 0%,rgba(0,0,0,0) 100%)\"><\/span><div class=\"wp-block-cover__inner-container has-global-padding is-layout-constrained wp-container-core-cover-is-layout-31021642 wp-block-cover-is-layout-constrained\">\n<p class=\"has-text-align-center is-style-top-title pine-cone-title is-style-title has-background-color has-text-color has-link-color has-large-font-size wp-elements-7ef777307db09dfda5088ecbd2d0ea88 is-style-title--2\" style=\"text-transform:uppercase\"><strong>Unsere Ferienh\u00e4user<\/strong><\/p>\n<\/div><\/div>\n<div style=\"padding-left:var(--wp--preset--spacing--s);padding-top:var(--wp--preset--spacing--s);padding-bottom:var(--wp--preset--spacing--s);\" class=\"alignfull wp-elements-5cd3591c1ade14a972751d58f754b855 wp-block-wpseopress-breadcrumbs has-text-color has-primary-color\"><nav  aria-label=\"breadcrumb\"><ol class=\"breadcrumb\" itemscope itemtype=\"https:\/\/schema.org\/BreadcrumbList\"><li class=\"breadcrumb-item active\" aria-current=\"page\" itemprop=\"itemListElement\" itemscope itemtype=\"https:\/\/schema.org\/ListItem\"><span itemprop=\"name\">Camping en Elsass<\/span><meta itemprop=\"position\" content=\"1\"><\/li><\/ol><\/nav><\/div>\n<div class=\"wp-block-group alignfull has-global-padding is-layout-constrained wp-block-group-is-layout-constrained\" style=\"margin-top:var(--wp--preset--spacing--xl);margin-bottom:var(--wp--preset--spacing--xl)\">\n<div class=\"wp-block-group alignfull is-style-tree-left-bottom has-global-padding is-layout-constrained wp-container-core-group-is-layout-e3586065 wp-block-group-is-layout-constrained\" style=\"padding-right:var(--wp--preset--spacing--xxs);padding-left:var(--wp--preset--spacing--xxs)\">\n<div class=\"wp-block-group z-1 has-global-padding is-layout-constrained wp-container-core-group-is-layout-9c8dac04 wp-block-group-is-layout-constrained\">\n<div class=\"wp-block-group has-global-padding is-layout-constrained wp-container-core-group-is-layout-2f23b1a8 wp-block-group-is-layout-constrained\">\n<p class=\"has-text-align-center is-style-toptitle is-style-toptitle--3\">Ein ruhiger Aufenthalt in unseren ger\u00e4umigen und gut ausgestatteten Ferienh\u00e4usern.<\/p>\n\n\n\n<h2 class=\"wp-block-heading has-text-align-center is-style-title is-style-title--4\">Die Ferienh\u00e4user von Wormsa<\/h2>\n<\/div>\n\n\n\n<div class=\"wp-block-group has-global-padding is-layout-constrained wp-block-group-is-layout-constrained\">\n<p class=\"has-text-align-center\">Alle unsere Ferienh\u00e4user sind komplett ausgestattet mit K\u00fcchenzeile, Betten mit Federbetten, Kopfkissen und Decken, eigenem Badezimmer und Flachbildfernseher. <br\/>Bettw\u00e4sche, Handt\u00fccher und Endreinigung sind im Preis inbegriffen.<br\/>Als zus\u00e4tzlichen Komfort k\u00f6nnen Sie Mahlzeiten wie das Fr\u00fchst\u00fcck hinzuf\u00fcgen.<\/p>\n<\/div>\n\n\n\n\t<div class=\"alignfull swiper-hebergement-static is-layout-flow wp-block-query-camping-rest-static-is-layout-flow\">\n\t\t<ul class=\"static-hebergement-listing swiper-wrapper\">\n\t\t\t<style>:root { --static-query-color: #025647; }<\/style>\t\t\t\t<li class=\"swiper-slide\">\n\t\t\t\t\t<div class=\"wp-block-group card-gamme-static is-style-default is-style-relative\" \t\t\t\t\t\t>\n\t\t\t\t\t\t<div class=\"wp-block-group thumbnail-image\">\n\t\t\t\t\t\t\t<a href=\"https:\/\/www.alsace-chalets.fr\/de\/hebergements\/gite-de-la-wormsa-6-personen-3-zimmer\/\" title=\"G\u00eete de la Wormsa 6 Personen 3 Zimmer\">\n\t\t\t\t\t\t\t\t<figure class=\"wp-block-image alignfull size-large\" style=\"margin:0;\">\n\t\t\t\t\t\t\t\t\t<img decoding=\"async\" src=\"https:\/\/www.alsace-chalets.fr\/wp-content\/uploads\/2025\/11\/gite-wormsa-camping-alsace_09-1024x683.webp\"\n\t\t\t\t\t\t\t\t\t\talt=\"G\u00eete de la Wormsa 6 Personen 3 Zimmer\" \/>\n\t\t\t\t\t\t\t\t<\/figure>\n\t\t\t\t\t\t\t<\/a>\n\t\t\t\t\t\t<\/div>\n\n\n\t\t\t\t\t\t<div class=\"wp-block-group has-white-background-color has-background card-content\">\n\t\t\t\t\t\t\t<div class=\"wp-block-group content\">\n\t\t\t\t\t\t\t\t<h3 class=\"wp-block-heading\">\n\t\t\t\t\t\t\t\t\tG\u00eete de la Wormsa 6 Personen 3 Zimmer\t\t\t\t\t\t\t\t<\/h3>\n\n\t\t\t\t\t\t\t\t\t\t\t\t\t\t\t<\/div>\n\n\t\t\t\t\t\t\t<div class=\"wp-block-group card-price has-background\">\n\t\t\t\t\t\t\t\t<div class=\"booking_default\">\n\t\t\t\t\t\t\t\t\t<p class=\"has-text-align-right has-m-font-size\">\u00c0 partir de<\/p>\n\n\t\t\t\t\t\t\t\t\t<p class=\"has-text-align-right booking_price has-secondary-font-family\">\n\t\t\t\t\t\t\t\t\t\t\t\t\t\t\t\t\t\t\t<\/p>\n\t\t\t\t\t\t\t\t\t<p class=\"has-text-align-right booking_no_discount has-secondary-font-family has-xxxl-font-size\">\n\t\t\t\t\t\t\t\t\t\t205 \u20ac\t\t\t\t\t\t\t\t\t<\/p>\n\n\t\t\t\t\t\t\t\t\t<p class=\"has-text-align-right has-s-font-size\">\n\t\t\t\t\t\t\t\t\t\t\/ Nacht\t\t\t\t\t\t\t\t\t<\/p>\n\t\t\t\t\t\t\t\t<\/div>\n\t\t\t\t\t\t\t<\/div>\n\t\t\t\t\t\t<\/div>\n\n\t\t\t\t\t\t<div class=\"wp-block-buttons has-custom-font-size has-l-font-size\">\n\t\t\t\t\t\t\t<div\n\t\t\t\t\t\t\t\tclass=\"wp-block-button has-custom-width wp-block-button__width-100 has-custom-font-size booking-btn has-secondary-font-family\">\n\t\t\t\t\t\t\t\t<a href=\"https:\/\/www.alsace-chalets.fr\/de\/hebergements\/gite-de-la-wormsa-6-personen-3-zimmer\/\"\n\t\t\t\t\t\t\t\t\tclass=\"wp-block-button__link has-white-color has-text-color has-background has-link-color has-text-align-center wp-element-button\">\n\t\t\t\t\t\t\t\t\tD\u00e9couvrir\t\t\t\t\t\t\t\t<\/a>\n\t\t\t\t\t\t\t<\/div>\n\t\t\t\t\t\t<\/div>\n\t\t\t\t\t<\/div>\n\t\t\t\t<\/li>\n\n\t\t\t\t\t\t\t<li class=\"swiper-slide\">\n\t\t\t\t\t<div class=\"wp-block-group card-gamme-static is-style-default is-style-relative\" \t\t\t\t\t\t>\n\t\t\t\t\t\t<div class=\"wp-block-group thumbnail-image\">\n\t\t\t\t\t\t\t<a href=\"https:\/\/www.alsace-chalets.fr\/de\/hebergements\/gite-du-gr5-8-personen-3-schlafzimmer\/\" title=\"G\u00eete du GR5 8 Personen 3 Schlafzimmer\">\n\t\t\t\t\t\t\t\t<figure class=\"wp-block-image alignfull size-large\" style=\"margin:0;\">\n\t\t\t\t\t\t\t\t\t<img decoding=\"async\" src=\"https:\/\/www.alsace-chalets.fr\/wp-content\/uploads\/2025\/11\/gite-gr5-wormsa-camping-alsace_10-1024x683.webp\"\n\t\t\t\t\t\t\t\t\t\talt=\"G\u00eete du GR5 8 Personen 3 Schlafzimmer\" \/>\n\t\t\t\t\t\t\t\t<\/figure>\n\t\t\t\t\t\t\t<\/a>\n\t\t\t\t\t\t<\/div>\n\n\n\t\t\t\t\t\t<div class=\"wp-block-group has-white-background-color has-background card-content\">\n\t\t\t\t\t\t\t<div class=\"wp-block-group content\">\n\t\t\t\t\t\t\t\t<h3 class=\"wp-block-heading\">\n\t\t\t\t\t\t\t\t\tG\u00eete du GR5 8 Personen 3 Schlafzimmer\t\t\t\t\t\t\t\t<\/h3>\n\n\t\t\t\t\t\t\t\t\t\t\t\t\t\t\t<\/div>\n\n\t\t\t\t\t\t\t<div class=\"wp-block-group card-price has-background\">\n\t\t\t\t\t\t\t\t<div class=\"booking_default\">\n\t\t\t\t\t\t\t\t\t<p class=\"has-text-align-right has-m-font-size\">\u00c0 partir de<\/p>\n\n\t\t\t\t\t\t\t\t\t<p class=\"has-text-align-right booking_price has-secondary-font-family\">\n\t\t\t\t\t\t\t\t\t\t\t\t\t\t\t\t\t\t\t<\/p>\n\t\t\t\t\t\t\t\t\t<p class=\"has-text-align-right booking_no_discount has-secondary-font-family has-xxxl-font-size\">\n\t\t\t\t\t\t\t\t\t\t225 \u20ac\t\t\t\t\t\t\t\t\t<\/p>\n\n\t\t\t\t\t\t\t\t\t<p class=\"has-text-align-right has-s-font-size\">\n\t\t\t\t\t\t\t\t\t\t\/ Nacht\t\t\t\t\t\t\t\t\t<\/p>\n\t\t\t\t\t\t\t\t<\/div>\n\t\t\t\t\t\t\t<\/div>\n\t\t\t\t\t\t<\/div>\n\n\t\t\t\t\t\t<div class=\"wp-block-buttons has-custom-font-size has-l-font-size\">\n\t\t\t\t\t\t\t<div\n\t\t\t\t\t\t\t\tclass=\"wp-block-button has-custom-width wp-block-button__width-100 has-custom-font-size booking-btn has-secondary-font-family\">\n\t\t\t\t\t\t\t\t<a href=\"https:\/\/www.alsace-chalets.fr\/de\/hebergements\/gite-du-gr5-8-personen-3-schlafzimmer\/\"\n\t\t\t\t\t\t\t\t\tclass=\"wp-block-button__link has-white-color has-text-color has-background has-link-color has-text-align-center wp-element-button\">\n\t\t\t\t\t\t\t\t\tD\u00e9couvrir\t\t\t\t\t\t\t\t<\/a>\n\t\t\t\t\t\t\t<\/div>\n\t\t\t\t\t\t<\/div>\n\t\t\t\t\t<\/div>\n\t\t\t\t<\/li>\n\n\t\t\t\t\t\t\t<li class=\"swiper-slide\">\n\t\t\t\t\t<div class=\"wp-block-group card-gamme-static is-style-default is-style-relative\" \t\t\t\t\t\t>\n\t\t\t\t\t\t<div class=\"wp-block-group thumbnail-image\">\n\t\t\t\t\t\t\t<a href=\"https:\/\/www.alsace-chalets.fr\/de\/hebergements\/gite-du-hohneck-6-personen-3-zimmer\/\" title=\"G\u00eete du Hohneck 6 Personen 3 Zimmer\">\n\t\t\t\t\t\t\t\t<figure class=\"wp-block-image alignfull size-large\" style=\"margin:0;\">\n\t\t\t\t\t\t\t\t\t<img decoding=\"async\" src=\"https:\/\/www.alsace-chalets.fr\/wp-content\/uploads\/2025\/11\/gite-hohneck-wormsa-camping-alsace_01-1024x683.webp\"\n\t\t\t\t\t\t\t\t\t\talt=\"G\u00eete du Hohneck 6 Personen 3 Zimmer\" \/>\n\t\t\t\t\t\t\t\t<\/figure>\n\t\t\t\t\t\t\t<\/a>\n\t\t\t\t\t\t<\/div>\n\n\n\t\t\t\t\t\t<div class=\"wp-block-group has-white-background-color has-background card-content\">\n\t\t\t\t\t\t\t<div class=\"wp-block-group content\">\n\t\t\t\t\t\t\t\t<h3 class=\"wp-block-heading\">\n\t\t\t\t\t\t\t\t\tG\u00eete du Hohneck 6 Personen 3 Zimmer\t\t\t\t\t\t\t\t<\/h3>\n\n\t\t\t\t\t\t\t\t\t\t\t\t\t\t\t<\/div>\n\n\t\t\t\t\t\t\t<div class=\"wp-block-group card-price has-background\">\n\t\t\t\t\t\t\t\t<div class=\"booking_default\">\n\t\t\t\t\t\t\t\t\t<p class=\"has-text-align-right has-m-font-size\">\u00c0 partir de<\/p>\n\n\t\t\t\t\t\t\t\t\t<p class=\"has-text-align-right booking_price has-secondary-font-family\">\n\t\t\t\t\t\t\t\t\t\t\t\t\t\t\t\t\t\t\t<\/p>\n\t\t\t\t\t\t\t\t\t<p class=\"has-text-align-right booking_no_discount has-secondary-font-family has-xxxl-font-size\">\n\t\t\t\t\t\t\t\t\t\t245 \u20ac\t\t\t\t\t\t\t\t\t<\/p>\n\n\t\t\t\t\t\t\t\t\t<p class=\"has-text-align-right has-s-font-size\">\n\t\t\t\t\t\t\t\t\t\t\/ Nacht\t\t\t\t\t\t\t\t\t<\/p>\n\t\t\t\t\t\t\t\t<\/div>\n\t\t\t\t\t\t\t<\/div>\n\t\t\t\t\t\t<\/div>\n\n\t\t\t\t\t\t<div class=\"wp-block-buttons has-custom-font-size has-l-font-size\">\n\t\t\t\t\t\t\t<div\n\t\t\t\t\t\t\t\tclass=\"wp-block-button has-custom-width wp-block-button__width-100 has-custom-font-size booking-btn has-secondary-font-family\">\n\t\t\t\t\t\t\t\t<a href=\"https:\/\/www.alsace-chalets.fr\/de\/hebergements\/gite-du-hohneck-6-personen-3-zimmer\/\"\n\t\t\t\t\t\t\t\t\tclass=\"wp-block-button__link has-white-color has-text-color has-background has-link-color has-text-align-center wp-element-button\">\n\t\t\t\t\t\t\t\t\tD\u00e9couvrir\t\t\t\t\t\t\t\t<\/a>\n\t\t\t\t\t\t\t<\/div>\n\t\t\t\t\t\t<\/div>\n\t\t\t\t\t<\/div>\n\t\t\t\t<\/li>\n\n\t\t\t\t\t\t\t<li class=\"swiper-slide\">\n\t\t\t\t\t<div class=\"wp-block-group card-gamme-static is-style-default is-style-relative\" \t\t\t\t\t\t>\n\t\t\t\t\t\t<div class=\"wp-block-group thumbnail-image\">\n\t\t\t\t\t\t\t<a href=\"https:\/\/www.alsace-chalets.fr\/de\/hebergements\/gite-du-spa-3-personen-1-schlafzimmer\/\" title=\"G\u00eete du Spa 3 Personen 1 Schlafzimmer\">\n\t\t\t\t\t\t\t\t<figure class=\"wp-block-image alignfull size-large\" style=\"margin:0;\">\n\t\t\t\t\t\t\t\t\t<img decoding=\"async\" src=\"https:\/\/www.alsace-chalets.fr\/wp-content\/uploads\/2025\/11\/gite-spa-wormsa-alsace_01-1024x683.webp\"\n\t\t\t\t\t\t\t\t\t\talt=\"G\u00eete du Spa 3 Personen 1 Schlafzimmer\" \/>\n\t\t\t\t\t\t\t\t<\/figure>\n\t\t\t\t\t\t\t<\/a>\n\t\t\t\t\t\t<\/div>\n\n\n\t\t\t\t\t\t<div class=\"wp-block-group has-white-background-color has-background card-content\">\n\t\t\t\t\t\t\t<div class=\"wp-block-group content\">\n\t\t\t\t\t\t\t\t<h3 class=\"wp-block-heading\">\n\t\t\t\t\t\t\t\t\tG\u00eete du Spa 3 Personen 1 Schlafzimmer\t\t\t\t\t\t\t\t<\/h3>\n\n\t\t\t\t\t\t\t\t\t\t\t\t\t\t\t<\/div>\n\n\t\t\t\t\t\t\t<div class=\"wp-block-group card-price has-background\">\n\t\t\t\t\t\t\t\t<div class=\"booking_default\">\n\t\t\t\t\t\t\t\t\t<p class=\"has-text-align-right has-m-font-size\">\u00c0 partir de<\/p>\n\n\t\t\t\t\t\t\t\t\t<p class=\"has-text-align-right booking_price has-secondary-font-family\">\n\t\t\t\t\t\t\t\t\t\t\t\t\t\t\t\t\t\t\t<\/p>\n\t\t\t\t\t\t\t\t\t<p class=\"has-text-align-right booking_no_discount has-secondary-font-family has-xxxl-font-size\">\n\t\t\t\t\t\t\t\t\t\t97.50 \u20ac\t\t\t\t\t\t\t\t\t<\/p>\n\n\t\t\t\t\t\t\t\t\t<p class=\"has-text-align-right has-s-font-size\">\n\t\t\t\t\t\t\t\t\t\t\/ Nacht\t\t\t\t\t\t\t\t\t<\/p>\n\t\t\t\t\t\t\t\t<\/div>\n\t\t\t\t\t\t\t<\/div>\n\t\t\t\t\t\t<\/div>\n\n\t\t\t\t\t\t<div class=\"wp-block-buttons has-custom-font-size has-l-font-size\">\n\t\t\t\t\t\t\t<div\n\t\t\t\t\t\t\t\tclass=\"wp-block-button has-custom-width wp-block-button__width-100 has-custom-font-size booking-btn has-secondary-font-family\">\n\t\t\t\t\t\t\t\t<a href=\"https:\/\/www.alsace-chalets.fr\/de\/hebergements\/gite-du-spa-3-personen-1-schlafzimmer\/\"\n\t\t\t\t\t\t\t\t\tclass=\"wp-block-button__link has-white-color has-text-color has-background has-link-color has-text-align-center wp-element-button\">\n\t\t\t\t\t\t\t\t\tD\u00e9couvrir\t\t\t\t\t\t\t\t<\/a>\n\t\t\t\t\t\t\t<\/div>\n\t\t\t\t\t\t<\/div>\n\t\t\t\t\t<\/div>\n\t\t\t\t<\/li>\n\n\t\t\t\t\t<\/ul>\n\n\t<\/div>\n\n\n\n\n<div class=\"wp-block-group has-global-padding is-layout-constrained wp-block-group-is-layout-constrained\">\n<h2 class=\"wp-block-heading has-text-align-center is-style-regular-hash is-style-title is-style-title--5\">Wie kann ich buchen?<\/h2>\n\n\n\n<p class=\"has-text-align-center is-style-default\">Zwei L\u00f6sungen:<\/p>\n\n\n\n<ul start=\"2\" class=\"wp-block-list\">\n<li>Reservierungen sind <strong>online<\/strong> m\u00f6glich mit Zahlung per Kreditkarte, \u00dcberweisung oder Ch\u00e8ques Vacances Connect.<\/li>\n\n\n\n<li>Per Post mit einem <strong>Vertrag<\/strong>, indem Sie uns telefonisch oder per E-Mail kontaktieren, Zahlung per Scheck, Ch\u00e8ques Vacances papiers oder \u00dcberweisung.<\/li>\n<\/ul>\n\n\n\n<p class=\"has-text-align-center\">Reservierungen per Scheck oder \u00dcberweisung m\u00fcssen mindestens 7 Tage im Voraus erfolgen<br\/><br\/>Ankunftszeiten: 15:00-18:00 Uhr, Abreisezeiten: 8:00-10:30 Uhr.<\/p>\n\n\n\n<p class=\"has-text-align-center\">Die Domaine de la Wormsa empf\u00e4ngt Sie in ihren 4 hochwertigen, komfortablen und gut ausgestatteten Ferienh\u00e4usern f\u00fcr 3 bis 8 Personen. Sie k\u00f6nnen den Pool und den Wellnessbereich w\u00e4hrend Ihres Aufenthaltes kostenlos nutzen. Alle gro\u00dfen Ferienh\u00e4user bieten Ihnen einen au\u00dfergew\u00f6hnlichen und erholsamen Blick auf die Berge des Tals.  <br\/><br\/>Z\u00f6gern Sie nicht, Ihren Flammkuchenabend im Restaurant oder Ihr Fr\u00fchst\u00fcck an der Rezeption der Chalets zu reservieren, ein Team steht Ihnen w\u00e4hrend Ihres gesamten Aufenthaltes zur Verf\u00fcgung.<\/p>\n<\/div>\n<\/div>\n\n\n\n<div class=\"wp-block-buttons is-content-justification-center is-layout-flex wp-container-core-buttons-is-layout-8177b73c wp-block-buttons-is-layout-flex\" style=\"padding-top:var(--wp--preset--spacing--xl);padding-bottom:var(--wp--preset--spacing--xl)\">\n<div class=\"wp-block-button is-style-secondary-button-full is-style-secondary-button-full--6\"><a class=\"wp-block-button__link wp-element-button\" href=\"https:\/\/www.secure-hotel-booking.com\/Auberge-et-Chalets-de-la-Wormsa\/2ERD\/fr\/\" target=\"_blank\" rel=\"noreferrer noopener nofollow\">Buchen<\/a><\/div>\n<\/div>\n<\/div>\n\n\n\n<div class=\"wp-block-group alignfull has-global-padding is-content-justification-center is-layout-constrained wp-container-core-group-is-layout-9d7c95e2 wp-block-group-is-layout-constrained\" style=\"margin-top:-3rem\">\n<figure class=\"wp-block-image size-full is-style-stork-nest\" style=\"margin-right:0;margin-left:0\"><img alt=\"\" decoding=\"async\" width=\"395\" height=\"318\" src=\"https:\/\/www.alsace-chalets.fr\/wp-content\/uploads\/2025\/10\/cigogne-2.webp\" alt=\"\" class=\"wp-image-192\" style=\"object-fit:cover\" srcset=\"https:\/\/www.alsace-chalets.fr\/wp-content\/uploads\/2025\/10\/cigogne-2.webp 395w, https:\/\/www.alsace-chalets.fr\/wp-content\/uploads\/2025\/10\/cigogne-2-300x242.webp 300w, https:\/\/www.alsace-chalets.fr\/wp-content\/uploads\/2025\/10\/cigogne-2-60x48.webp 60w\" sizes=\"(max-width: 395px) 100vw, 395px\" \/><\/figure>\n<\/div>\n<\/div>\n\n<div style=\"height:var(--wp--preset--spacing--xxl)\" aria-hidden=\"true\" class=\"wp-block-spacer\"><\/div>\n","protected":false},"excerpt":{"rendered":"<p>Ein ruhiger Aufenthalt in unseren ger\u00e4umigen und gut ausgestatteten Ferienh\u00e4usern. Die Ferienh\u00e4user von Wormsa Alle unsere Ferienh\u00e4user sind komplett ausgestattet mit K\u00fcchenzeile, Betten mit Federbetten, Kopfkissen und Decken, eigenem Badezimmer und Flachbildfernseher. Bettw\u00e4sche, Handt\u00fccher und Endreinigung sind im Preis inbegriffen.Als zus\u00e4tzlichen Komfort k\u00f6nnen Sie Mahlzeiten wie das Fr\u00fchst\u00fcck hinzuf\u00fcgen. Wie kann ich buchen? Zwei L\u00f6sungen: [&hellip;]<\/p>\n","protected":false},"author":1,"featured_media":0,"parent":38112,"menu_order":97,"comment_status":"closed","ping_status":"closed","template":"page-full-width","meta":{"_acf_changed":false,"_seopress_robots_primary_cat":"","_seopress_titles_title":"Location g\u00eete Alsace | 4 G\u00eetes \u00e0 louer \u00e0 Munster au pied des montagnes","_seopress_titles_desc":"D\u00e9couvrez nos g\u00eetes \u00e0 louer \u00e0 Munster, en Alsace, au pied des Vosges. H\u00e9bergements tout confort pour un s\u00e9jour nature et d\u00e9tente en montagne.","_seopress_robots_index":"","footnotes":""},"class_list":["post-38114","page","type-page","status-publish","hentry"],"acf":[],"_links":{"self":[{"href":"https:\/\/www.alsace-chalets.fr\/de\/wp-json\/wp\/v2\/pages\/38114","targetHints":{"allow":["GET"]}}],"collection":[{"href":"https:\/\/www.alsace-chalets.fr\/de\/wp-json\/wp\/v2\/pages"}],"about":[{"href":"https:\/\/www.alsace-chalets.fr\/de\/wp-json\/wp\/v2\/types\/page"}],"author":[{"embeddable":true,"href":"https:\/\/www.alsace-chalets.fr\/de\/wp-json\/wp\/v2\/users\/1"}],"replies":[{"embeddable":true,"href":"https:\/\/www.alsace-chalets.fr\/de\/wp-json\/wp\/v2\/comments?post=38114"}],"version-history":[{"count":5,"href":"https:\/\/www.alsace-chalets.fr\/de\/wp-json\/wp\/v2\/pages\/38114\/revisions"}],"predecessor-version":[{"id":42478,"href":"https:\/\/www.alsace-chalets.fr\/de\/wp-json\/wp\/v2\/pages\/38114\/revisions\/42478"}],"up":[{"embeddable":true,"href":"https:\/\/www.alsace-chalets.fr\/de\/wp-json\/wp\/v2\/pages\/38112"}],"wp:attachment":[{"href":"https:\/\/www.alsace-chalets.fr\/de\/wp-json\/wp\/v2\/media?parent=38114"}],"curies":[{"name":"wp","href":"https:\/\/api.w.org\/{rel}","templated":true}]}}