{"id":38002,"date":"2025-10-01T10:09:51","date_gmt":"2025-10-01T08:09:51","guid":{"rendered":"https:\/\/www.alsace-chalets.fr\/planen-sie-ihren-urlaub\/"},"modified":"2026-04-04T11:49:48","modified_gmt":"2026-04-04T09:49:48","slug":"planen-sie-ihren-urlaub","status":"publish","type":"page","link":"https:\/\/www.alsace-chalets.fr\/de\/das-dorf\/planen-sie-ihren-urlaub\/","title":{"rendered":"Planen Sie Ihren Urlaub"},"content":{"rendered":"\n<div class=\"wp-block-cover alignfull hrz-hero is-style-pine-decoration is-style-pine-decoration--1\" style=\"margin-top:0;margin-bottom:0;padding-top:20rem;padding-bottom:20rem\"><img alt=\"\" decoding=\"async\" width=\"2400\" height=\"1440\" class=\"wp-block-cover__image-background wp-image-99 size-16\/9_2560x1440_desktop\" alt=\"\" src=\"https:\/\/www.alsace-chalets.fr\/wp-content\/uploads\/2025\/10\/2-Photoval_008-2400x1440.webp\" data-object-fit=\"cover\"\/><span aria-hidden=\"true\" class=\"wp-block-cover__background has-background-dim-30 has-background-dim wp-block-cover__gradient-background has-background-gradient\" style=\"background:linear-gradient(0deg,rgb(1,1,1) 0%,rgba(0,0,0,0) 100%)\"><\/span><div class=\"wp-block-cover__inner-container has-global-padding is-layout-constrained wp-container-core-cover-is-layout-31021642 wp-block-cover-is-layout-constrained\">\n<p class=\"has-text-align-center is-style-top-title pine-cone-title is-style-title has-background-color has-text-color has-link-color has-large-font-size wp-elements-a2cd23816dce5e4b4166a369a65a0363 is-style-title--2\" style=\"text-transform:uppercase\"><strong>Bereiten Sie Ihren Aufenthalt vor<\/strong><\/p>\n<\/div><\/div>\n\n\n\n<div class=\"wp-block-group alignfull is-layout-flow wp-block-group-is-layout-flow\"><div style=\"padding-left:var(--wp--preset--spacing--s);padding-top:var(--wp--preset--spacing--s);padding-bottom:var(--wp--preset--spacing--s);\" class=\"alignfull wp-elements-5cd3591c1ade14a972751d58f754b855 wp-block-wpseopress-breadcrumbs has-text-color has-primary-color\"><nav  aria-label=\"breadcrumb\"><ol class=\"breadcrumb\" itemscope itemtype=\"https:\/\/schema.org\/BreadcrumbList\"><li class=\"breadcrumb-item active\" aria-current=\"page\" itemprop=\"itemListElement\" itemscope itemtype=\"https:\/\/schema.org\/ListItem\"><span itemprop=\"name\">Camping en Elsass<\/span><meta itemprop=\"position\" content=\"1\"><\/li><\/ol><\/nav><\/div>\n\n\n<div style=\"height:var(--wp--preset--spacing--xxl)\" aria-hidden=\"true\" class=\"wp-block-spacer\"><\/div>\n<\/div>\n\n\n\n<div class=\"wp-block-group alignfull is-style-default has-global-padding is-layout-constrained wp-block-group-is-layout-constrained\">\n<div class=\"wp-block-group alignfull is-style-water-drop-solo-left-bottom has-global-padding is-layout-constrained wp-container-core-group-is-layout-e3586065 wp-block-group-is-layout-constrained\" style=\"padding-right:var(--wp--preset--spacing--xxs);padding-left:var(--wp--preset--spacing--xxs)\">\n<div class=\"wp-block-group z-1 has-global-padding is-layout-constrained wp-container-core-group-is-layout-9c8dac04 wp-block-group-is-layout-constrained\">\n<div class=\"wp-block-group has-global-padding is-layout-constrained wp-container-core-group-is-layout-2f23b1a8 wp-block-group-is-layout-constrained\">\n<p class=\"has-text-align-center is-style-toptitle is-style-toptitle--3\">Alles, um Ihren Aufenthalt gut vorzubereiten<\/p>\n\n\n\n<h1 class=\"wp-block-heading has-text-align-center is-style-title is-style-title--4\">Bereiten Sie Ihren Aufenthalt im Elsass in aller Ruhe vor.<\/h1>\n<\/div>\n\n\n\n<p>Ihr Aufenthalt r\u00fcckt n\u00e4her? Auf dieser Seite haben wir alle wichtigen Informationen zusammengefasst. <\/p>\n\n\n\n<ul class=\"wp-block-list\">\n<li>Das <strong>Dorf Metzeral<\/strong>, ein kleines Dorf auf 500 m H\u00f6he im Munstertal. Metzeral verdankt seinen Ruf den Bergen, die es umgeben, mit einem breiten Streifen von Bergk\u00e4mmen, die an die Vogesen grenzen. Im Zentrum des Dorfes, 1 km entfernt, finden Sie eine B\u00e4ckerei, einen kleinen Supermarkt, eine Apotheke, eine Autowerkstatt und eine Bank. Ein kleiner Markt findet jeden Mittwochmorgen statt.   <\/li>\n\n\n\n<li>Das <strong>Munstertal<\/strong> mit seinen 16 Gemeinden bietet Ihnen Dienstleistungen wie eine Arztgruppe, Fischteiche, einen Supermarkt in Munster (9 km), Tourismusb\u00fcro, Buslinien G\u00e9rardmer-Munster-Colmar und den TER-Zug Colmar-Munster-Metzeral.<\/li>\n<\/ul>\n\n\n\n<p>F\u00fcr Fahrten in der Region wird ein eigenes Fahrzeug empfohlen. Ein &#8220; <em>autofreier<\/em> &#8220; Aufenthalt ist m\u00f6glich, wenn Sie die gro\u00dfen els\u00e4ssischen St\u00e4dte besuchen, siehe unser Dokument<strong>&#8222;Das Elsass ohne mein Auto<\/strong>&#8220; unten. <br><br>Die h\u00e4ufigsten Fragen finden Sie in unseren <a href=\"https:\/\/www.alsace-chalets.fr\/de\/das-dorf\/faq\/\" target=\"_blank\" rel=\"noreferrer noopener\">FAQs<\/a>.<br><br>Die <strong>Anreise <\/strong>ist <strong>zwischen 15.00 und 18.00 Uhr<\/strong> m\u00f6glich. Manchmal sind die Unterk\u00fcnfte bereits ab 14.00 Uhr bezugsfertig.  Bei Ankunft nach 18.00 Uhr m\u00fcssen Sie uns am Tag Ihrer Ankunft (zwischen 14.00 und 17.00 Uhr) unter +33 (0) 3 68 61 25 76 anrufen, damit wir Ihnen die Unterkunft f\u00fcr die Nacht \u00f6ffnen k\u00f6nnen.  <br>Denken Sie daran, Handt\u00fccher f\u00fcr den Pool- und Wellnessbereich mitzubringen und Verbrauchsmaterial (K\u00fcchenprodukte und Toilettenpapier) f\u00fcr das Innere des Chalets. Ein Begr\u00fc\u00dfungspaket wird in der Unterkunft f\u00fcr die ersten 24 Stunden bereitgestellt. <br><br>Kontaktieren Sie uns im Voraus, wenn Sie das <a href=\"https:\/\/www.alsace-chalets.fr\/de\/das-restaurant\/fruehstueck\/\" target=\"_blank\" rel=\"noreferrer noopener\">Fr\u00fchst\u00fcck<\/a> oder eine <a href=\"https:\/\/www.alsace-chalets.fr\/de\/wohlbefinden\/\" target=\"_blank\" rel=\"noreferrer noopener\">Behandlung<\/a> zu Ihrer Buchung hinzuf\u00fcgen m\u00f6chten. Es ist auch empfehlenswert, das <a href=\"https:\/\/www.alsace-chalets.fr\/de\/das-restaurant\/menue-buchung\/\" target=\"_blank\" rel=\"noreferrer noopener\">Restaurant<\/a> im Voraus zu buchen. <br><br>Wir befinden uns in der N\u00e4he von G\u00e9rardmer und Colmar. Stra\u00dfburg ist eine Stunde entfernt. Bei einem l\u00e4ngeren Aufenthalt sollten Sie auch die Schweiz und Deutschland in Betracht ziehen. Sie k\u00f6nnen z.B. Basel, Breisach am Rhein oder Freiburg besuchen.  <br><br>F\u00fcr die Anreise mit dem Auto, Zug oder Flugzeug besuchen Sie bitte unsere Seite: <a href=\"https:\/\/www.alsace-chalets.fr\/de\/zugang\/\" data-type=\"link\" data-id=\"https:\/\/www.alsace-chalets.fr\/carte-alsace\/\" target=\"_blank\" rel=\"noreferrer noopener\">Anreise<\/a>.<\/p>\n\n\n\n<div class=\"wp-block-buttons is-content-justification-center is-layout-flex wp-container-core-buttons-is-layout-a89b3969 wp-block-buttons-is-layout-flex\">\n<div class=\"wp-block-button has-custom-width wp-block-button__width-50 is-style-secondary-full-button is-style-secondary-full-button--5\"><a class=\"wp-block-button__link wp-element-button\" href=\"https:\/\/www.alsace-chalets.fr\/wp-content\/uploads\/2025\/12\/pdf-alsace-a-velo.pdf\" target=\"_blank\" rel=\"noreferrer noopener\">Elsass mit dem Fahrrad<\/a><\/div>\n\n\n\n<div class=\"wp-block-button has-custom-width wp-block-button__width-50 is-style-secondary-full-button is-style-secondary-full-button--6\"><a class=\"wp-block-button__link wp-element-button\" href=\"https:\/\/www.alsace-chalets.fr\/wp-content\/uploads\/2025\/12\/pdf-alsace-sans-voiture.pdf\" target=\"_blank\" rel=\"noreferrer noopener\">Das Elsass ohne mein Auto<\/a><\/div>\n\n\n\n<div class=\"wp-block-button has-custom-width wp-block-button__width-50 is-style-secondary-full-button is-style-secondary-full-button--7\"><a class=\"wp-block-button__link wp-element-button\" href=\"https:\/\/www.alsace-chalets.fr\/wp-content\/uploads\/2025\/12\/pdf-fermes-auberges-massif-des-vosges.pdf\" target=\"_blank\" rel=\"noreferrer noopener\">Gasth\u00f6fe<\/a><\/div>\n\n\n\n<div class=\"wp-block-button has-custom-width wp-block-button__width-50 is-style-secondary-full-button is-style-secondary-full-button--8\"><a class=\"wp-block-button__link wp-element-button\" href=\"https:\/\/www.alsace-chalets.fr\/wp-content\/uploads\/2025\/12\/pdf-route-des-vins.pdf\" target=\"_blank\" rel=\"noreferrer noopener\">Weinstra\u00dfe<\/a><\/div>\n<\/div>\n\n\n\n<div class=\"wp-block-group has-global-padding is-layout-constrained wp-block-group-is-layout-constrained\">\n<p class=\"has-text-align-center\"><br>Damit Sie Ihren Aufenthalt in Les Chalets de la Wormsa in vollen Z\u00fcgen genie\u00dfen k\u00f6nnen, stellen wir Ihnen eine Reihe von Dokumenten zur Verf\u00fcgung, die Ihnen bei der Vorbereitung Ihres Aufenthalts helfen. Sei es der <strong>Plan des Campingplatzes<\/strong>, um Ihre Ankunft zu organisieren, die vor Ort angebotenen Dienstleistungen zu entdecken oder die praktischen Informationen zu Ihrer Unterkunft abzurufen, diese Ressourcen begleiten Sie bei jedem Schritt. <br><br>Bevor Sie abreisen, sollten Sie sich die Zeit nehmen, die online zur Verf\u00fcgung gestellten Dokumente durchzusehen. Hier finden Sie Antworten auf die am h\u00e4ufigsten gestellten Fragen und Informationen \u00fcber den Zugang zum Standort, das<strong>Inventar<\/strong> und die<strong>Ausstattung<\/strong> sowie die Modalit\u00e4ten f\u00fcr Ihren Aufenthalt. Diese Informationen sollen Ihnen das Leben erleichtern und Ihnen einen reibungslosen Empfang garantieren.  <br><br>Wir empfehlen Ihnen, sie im Voraus zu konsultieren, damit Sie sich in Ruhe auf Ihre Abreise vorbereiten und Unvorhergesehenes vermeiden k\u00f6nnen. Unser Team steht Ihnen selbstverst\u00e4ndlich zur Verf\u00fcgung, wenn Sie weitere Informationen ben\u00f6tigen. Dank einer guten Vorbereitung k\u00f6nnen Sie das Naturerlebnis und die Entspannung, die wir Ihnen in unserem Chaletdorf im Elsass bieten, in vollen Z\u00fcgen genie\u00dfen.  <\/p>\n<\/div>\n<\/div>\n\n\n\n<div class=\"wp-block-group alignfull z-0 is-content-justification-right is-nowrap is-layout-flex wp-container-core-group-is-layout-7a55f7ab wp-block-group-is-layout-flex\" style=\"padding-top:0;padding-right:var(--wp--preset--spacing--l);padding-bottom:0;padding-left:0\">\n<p class=\"has-text-align-left is-style-hash has-real-white-color has-text-color has-link-color has-xl-font-size wp-elements-4bab0219466fed6f1dfd87d12f1ce063 is-style-hash--9\" style=\"margin-top:-6.5vw;margin-bottom:0;font-style:normal;font-weight:700;text-transform:uppercase\">N\u00fctzliche Informationen<\/p>\n<\/div>\n<\/div>\n<\/div>\n\n\n\n<div class=\"wp-block-buttons is-style-default is-content-justification-center is-layout-flex wp-container-core-buttons-is-layout-ef812be8 wp-block-buttons-is-layout-flex\" style=\"margin-top:var(--wp--preset--spacing--m);margin-bottom:var(--wp--preset--spacing--m);padding-top:0;padding-bottom:0\">\n<div class=\"wp-block-button has-custom-width wp-block-button__width-50 is-style-secondary-full-button is-style-secondary-full-button--10\"><a class=\"wp-block-button__link wp-element-button\" href=\"https:\/\/www.alsace-chalets.fr\/wp-content\/uploads\/2026\/03\/documentation-chalets-wormsa.04.26.pdf\" target=\"_blank\" rel=\"noreferrer noopener\">Brosch\u00fcre<\/a><\/div>\n\n\n\n<div class=\"wp-block-button has-custom-width wp-block-button__width-50 is-style-secondary-full-button is-style-secondary-full-button--11\"><a class=\"wp-block-button__link wp-element-button\" href=\"https:\/\/www.alsace-chalets.fr\/wp-content\/uploads\/2025\/12\/plan-chalets-wormsa.12.25.pdf\" target=\"_blank\" rel=\"noreferrer noopener\">Plan des Campingplatzes<\/a><\/div>\n<\/div>\n\n\n\n<div class=\"wp-block-buttons is-style-default is-content-justification-center is-layout-flex wp-container-core-buttons-is-layout-ff82ae09 wp-block-buttons-is-layout-flex\" style=\"margin-top:var(--wp--preset--spacing--m);margin-bottom:var(--wp--preset--spacing--m)\">\n<div class=\"wp-block-button has-custom-width wp-block-button__width-50 is-style-secondary-full-button is-style-secondary-full-button--12\"><a class=\"wp-block-button__link wp-element-button\" href=\"https:\/\/www.alsace-chalets.fr\/wp-content\/uploads\/2026\/01\/inventaire-wormsa.2026.pdf\" target=\"_blank\" rel=\"noreferrer noopener\">Inventar der Unterk\u00fcnfte<\/a><\/div>\n\n\n\n<div class=\"wp-block-button has-custom-width wp-block-button__width-50 is-style-secondary-full-button is-style-secondary-full-button--13\"><a class=\"wp-block-button__link wp-element-button\" href=\"https:\/\/www.alsace-chalets.fr\/wp-content\/uploads\/2026\/04\/carterestau.de26.03.pdf\" target=\"_blank\" rel=\"noreferrer noopener\">Speisekarte des Restaurants<\/a><\/div>\n<\/div>\n\n\n\n<div class=\"wp-block-buttons is-style-default is-content-justification-center is-layout-flex wp-container-core-buttons-is-layout-ff82ae09 wp-block-buttons-is-layout-flex\" style=\"margin-top:var(--wp--preset--spacing--m);margin-bottom:var(--wp--preset--spacing--m)\">\n<div class=\"wp-block-button has-custom-width wp-block-button__width-50 is-style-secondary-full-button is-style-secondary-full-button--14\"><a class=\"wp-block-button__link wp-element-button\" href=\"https:\/\/www.alsace-chalets.fr\/wp-content\/uploads\/2026\/03\/menus_groupes.26.03.pdf\" target=\"_blank\" rel=\"noreferrer noopener\">Gruppenmen\u00fc<\/a><\/div>\n\n\n\n<div class=\"wp-block-button has-custom-width wp-block-button__width-50 is-style-secondary-full-button is-style-secondary-full-button--15\"><a class=\"wp-block-button__link wp-element-button\" href=\"https:\/\/www.alsace-chalets.fr\/wp-content\/uploads\/2026\/04\/carterestauemporter.26.04.2.pdf\" target=\"_blank\" rel=\"noreferrer noopener\">Gerichte zum Mitnehmen<\/a><\/div>\n<\/div>\n\n\n\n<div class=\"wp-block-buttons is-style-default is-content-justification-center is-layout-flex wp-container-core-buttons-is-layout-ff82ae09 wp-block-buttons-is-layout-flex\" style=\"margin-top:var(--wp--preset--spacing--m);margin-bottom:var(--wp--preset--spacing--m)\">\n<div class=\"wp-block-button has-custom-width wp-block-button__width-50 is-style-secondary-full-button is-style-secondary-full-button--16\"><a class=\"wp-block-button__link wp-element-button\" href=\"https:\/\/www.alsace-chalets.fr\/wp-content\/uploads\/2025\/12\/ri_reglement_interieur.11.2025.pdf\" target=\"_blank\" rel=\"noreferrer noopener\">Gesch\u00e4ftsordnung<\/a><\/div>\n\n\n\n<div class=\"wp-block-button has-custom-width wp-block-button__width-50 is-style-secondary-full-button is-style-secondary-full-button--17\"><a class=\"wp-block-button__link wp-element-button\" href=\"https:\/\/www.alsace-chalets.fr\/wp-content\/uploads\/2025\/12\/cgv.11.2025.pdf\" target=\"_blank\" rel=\"noreferrer noopener\">Allgemeine Bedingungen<\/a><\/div>\n<\/div>\n\n\n\n<div class=\"wp-block-buttons is-style-alsace is-content-justification-center is-layout-flex wp-container-core-buttons-is-layout-ff82ae09 wp-block-buttons-is-layout-flex\" style=\"margin-top:var(--wp--preset--spacing--m);margin-bottom:var(--wp--preset--spacing--m)\">\n<div class=\"wp-block-button has-custom-width wp-block-button__width-50 is-style-secondary-full-button is-style-secondary-full-button--18\"><a class=\"wp-block-button__link wp-element-button\" href=\"https:\/\/www.alsace-chalets.fr\/wp-content\/uploads\/2026\/01\/carte-des-soins.janv2026.pdf\" target=\"_blank\" rel=\"noreferrer noopener\">Pflegekarten<\/a><\/div>\n<\/div>\n\n\n\n<div style=\"height:var(--wp--preset--spacing--xxl)\" aria-hidden=\"true\" class=\"wp-block-spacer\"><\/div>\n\n\n\n<div class=\"wp-block-group alignfull is-style-default has-global-padding is-layout-constrained wp-block-group-is-layout-constrained\">\n<div class=\"wp-block-group alignfull is-style-water-drop-solo-left-bottom has-global-padding is-layout-constrained wp-container-core-group-is-layout-e3586065 wp-block-group-is-layout-constrained\" style=\"padding-right:var(--wp--preset--spacing--xxs);padding-left:var(--wp--preset--spacing--xxs)\">\n<div class=\"wp-block-group z-1 has-global-padding is-layout-constrained wp-container-core-group-is-layout-9c8dac04 wp-block-group-is-layout-constrained\">\n<div class=\"wp-block-group has-global-padding is-layout-constrained wp-container-core-group-is-layout-2f23b1a8 wp-block-group-is-layout-constrained\">\n<p class=\"has-text-align-center is-style-toptitle is-style-toptitle--19\">Ein Chaletdorf im Elsass inmitten einer gesch\u00fctzten Naturlandschaft<\/p>\n\n\n\n<h1 class=\"wp-block-heading has-text-align-center is-style-title is-style-title--20\">Praktische Informationen zur Vorbereitung Ihres Aufenthalts in Les Chalets de la Wormsa<\/h1>\n<\/div>\n\n\n\n<div class=\"wp-block-group has-global-padding is-layout-constrained wp-block-group-is-layout-constrained\">\n<p class=\"has-text-align-center\"><br>Die Chalets de la Wormsa liegen im Tal der Wormsa in Metzeral, am Fu\u00dfe des Hohneck-Massivs, inmitten eines klassifizierten und gesch\u00fctzten Gebietes. Sie bieten einen authentischen und erholsamen Rahmen, um das Elsass und die Hochvogesen in vollen Z\u00fcgen zu genie\u00dfen. Die Anlage ist das <strong>ganze Jahr \u00fcber ge\u00f6ffnet<\/strong> und besteht aus 32 Holzchalets f\u00fcr 2 bis 6 Personen, jedes mit K\u00fcchenzeile, Badezimmer, WC, Heizung, Terrasse und allem, was Sie f\u00fcr einen komfortablen Aufenthalt zu zweit, mit der Familie oder mit Freunden ben\u00f6tigen, ausgestattet. Die Lage ist ideal f\u00fcr Naturliebhaber, Wanderer und Outdoor-Aktivit\u00e4ten, mit direktem Zugang zu den Routen zu den umliegenden Seen und Gipfeln. <\/p>\n\n\n\n<p>Vor Ort <strong>k\u00f6nnen die G\u00e4ste einen beheizten Pool und einen kompletten Wellnessbereich mit Dampfbad, Sauna und Whirlpool nutzen<\/strong>. Der SPA-Poolbereich ist das ganze Jahr \u00fcber ge\u00f6ffnet. Das Restaurant bietet eine freundliche K\u00fcche, die perfekt ist, um das lokale Erlebnis nach einem Tag voller Erkundungen zu verl\u00e4ngern. Das <strong>Parken <\/strong>ist kostenlos, <strong>Haustiere <\/strong>sind unter bestimmten Bedingungen erlaubt (gegen Aufpreis) und die Anreise erfolgt ab 15:00 Uhr, die Abreise bis 10:30 Uhr. Eine Kaution ist bei der Ankunft zu hinterlegen.    <\/p>\n\n\n\n<p class=\"has-text-align-center\">In den Chalets de la Wormsa wird der Urlaub ohne Beton und Asphalt verbracht, in einer gesch\u00fctzten Umgebung, in der Ruhe, Natur und saubere Luft an die Stelle von \u00dcberbauung treten. Die Erfahrung beruht auf der R\u00fcckbesinnung auf das Wesentliche: atmen, sich wieder verbinden, gehen, verlangsamen und das Elsass in einer seltenen nat\u00fcrlichen Umgebung in vollen Z\u00fcgen genie\u00dfen. <\/p>\n<\/div>\n<\/div>\n<\/div>\n<\/div>\n\n\n\n<div style=\"height:var(--wp--preset--spacing--m)\" aria-hidden=\"true\" class=\"wp-block-spacer\"><\/div>\n\n\n\n<div class=\"wp-block-buttons is-layout-flex wp-block-buttons-is-layout-flex\">\n<div class=\"wp-block-button has-custom-width wp-block-button__width-50 is-style-secondary-full-button is-style-secondary-full-button--21\"><a class=\"wp-block-button__link wp-element-button\" href=\"https:\/\/www.alsace-chalets.fr\/wp-content\/uploads\/2025\/12\/pdf-massif-des-vosges.pdf\" target=\"_blank\" rel=\"noreferrer noopener\">Karte Vogesenmassiv<\/a><\/div>\n\n\n\n<div class=\"wp-block-button has-custom-width wp-block-button__width-50 is-style-secondary-full-button is-style-secondary-full-button--22\"><a class=\"wp-block-button__link wp-element-button\" href=\"https:\/\/www.alsace-chalets.fr\/wp-content\/uploads\/2025\/12\/pdf-rever-d-alsace-experiences.pdf\" target=\"_blank\" rel=\"noreferrer noopener\">105 Erlebnisse im Elsass<\/a><\/div>\n<\/div>\n\n\n\n<div style=\"height:var(--wp--preset--spacing--xxl)\" aria-hidden=\"true\" class=\"wp-block-spacer\"><\/div>\n","protected":false},"excerpt":{"rendered":"<p>Alles, um Ihren Aufenthalt gut vorzubereiten Bereiten Sie Ihren Aufenthalt im Elsass in aller Ruhe vor. Ihr Aufenthalt r\u00fcckt n\u00e4her? Auf dieser Seite haben wir alle wichtigen Informationen zusammengefasst. F\u00fcr Fahrten in der Region wird ein eigenes Fahrzeug empfohlen. Ein &#8220; autofreier &#8220; Aufenthalt ist m\u00f6glich, wenn Sie die gro\u00dfen els\u00e4ssischen St\u00e4dte besuchen, siehe unser [&hellip;]<\/p>\n","protected":false},"author":1,"featured_media":0,"parent":38149,"menu_order":152,"comment_status":"closed","ping_status":"closed","template":"page-no-title","meta":{"_acf_changed":false,"_seopress_robots_primary_cat":"","_seopress_titles_title":"Bereiten Sie Ihren Urlaub im Elsass vor | Chalets de la Wormsa in Munster im Elsass","_seopress_titles_desc":"Hier finden Sie alle n\u00fctzlichen Informationen, um Ihren Urlaub im Elsass vorzubereiten: was Sie tun k\u00f6nnen, wann Sie kommen sollten, wie Sie sich ausr\u00fcsten und wie Sie Ihren Aufenthalt organisieren k\u00f6nnen.","_seopress_robots_index":"","footnotes":""},"class_list":["post-38002","page","type-page","status-publish","hentry"],"acf":[],"_links":{"self":[{"href":"https:\/\/www.alsace-chalets.fr\/de\/wp-json\/wp\/v2\/pages\/38002","targetHints":{"allow":["GET"]}}],"collection":[{"href":"https:\/\/www.alsace-chalets.fr\/de\/wp-json\/wp\/v2\/pages"}],"about":[{"href":"https:\/\/www.alsace-chalets.fr\/de\/wp-json\/wp\/v2\/types\/page"}],"author":[{"embeddable":true,"href":"https:\/\/www.alsace-chalets.fr\/de\/wp-json\/wp\/v2\/users\/1"}],"replies":[{"embeddable":true,"href":"https:\/\/www.alsace-chalets.fr\/de\/wp-json\/wp\/v2\/comments?post=38002"}],"version-history":[{"count":6,"href":"https:\/\/www.alsace-chalets.fr\/de\/wp-json\/wp\/v2\/pages\/38002\/revisions"}],"predecessor-version":[{"id":42714,"href":"https:\/\/www.alsace-chalets.fr\/de\/wp-json\/wp\/v2\/pages\/38002\/revisions\/42714"}],"up":[{"embeddable":true,"href":"https:\/\/www.alsace-chalets.fr\/de\/wp-json\/wp\/v2\/pages\/38149"}],"wp:attachment":[{"href":"https:\/\/www.alsace-chalets.fr\/de\/wp-json\/wp\/v2\/media?parent=38002"}],"curies":[{"name":"wp","href":"https:\/\/api.w.org\/{rel}","templated":true}]}}