{"id":37999,"date":"2025-10-01T10:09:50","date_gmt":"2025-10-01T08:09:50","guid":{"rendered":"https:\/\/www.alsace-chalets.fr\/video-galerie\/"},"modified":"2026-02-05T15:34:10","modified_gmt":"2026-02-05T14:34:10","slug":"video-galerie","status":"publish","type":"page","link":"https:\/\/www.alsace-chalets.fr\/de\/das-dorf\/video-galerie\/","title":{"rendered":"Video-Galerie"},"content":{"rendered":"\n<div class=\"wp-block-cover alignfull hrz-hero is-style-pine-decoration is-style-pine-decoration--1\" style=\"margin-top:0;margin-bottom:0;padding-top:20rem;padding-bottom:20rem\"><img alt=\"\" decoding=\"async\" width=\"2400\" height=\"1440\" class=\"wp-block-cover__image-background wp-image-99 size-16\/9_2560x1440_desktop\" alt=\"\" src=\"https:\/\/www.alsace-chalets.fr\/wp-content\/uploads\/2025\/10\/2-Photoval_008-2400x1440.webp\" data-object-fit=\"cover\"\/><span aria-hidden=\"true\" class=\"wp-block-cover__background has-background-dim-30 has-background-dim wp-block-cover__gradient-background has-background-gradient\" style=\"background:linear-gradient(0deg,rgb(1,1,1) 0%,rgba(0,0,0,0) 100%)\"><\/span><div class=\"wp-block-cover__inner-container has-global-padding is-layout-constrained wp-container-core-cover-is-layout-31021642 wp-block-cover-is-layout-constrained\">\n<p class=\"has-text-align-center is-style-top-title pine-cone-title is-style-title has-background-color has-text-color has-link-color has-large-font-size wp-elements-b696c718202aee5f923d742ae2ee0b03 is-style-title--2\" style=\"text-transform:uppercase\"><strong>Video-Galerie<\/strong><\/p>\n<\/div><\/div>\n<div style=\"padding-left:var(--wp--preset--spacing--s);padding-top:var(--wp--preset--spacing--s);padding-bottom:var(--wp--preset--spacing--s);\" class=\"alignfull wp-elements-5cd3591c1ade14a972751d58f754b855 wp-block-wpseopress-breadcrumbs has-text-color has-primary-color\"><nav  aria-label=\"breadcrumb\"><ol class=\"breadcrumb\" itemscope itemtype=\"https:\/\/schema.org\/BreadcrumbList\"><li class=\"breadcrumb-item active\" aria-current=\"page\" itemprop=\"itemListElement\" itemscope itemtype=\"https:\/\/schema.org\/ListItem\"><span itemprop=\"name\">Camping en Elsass<\/span><meta itemprop=\"position\" content=\"1\"><\/li><\/ol><\/nav><\/div>\n<div style=\"height:var(--wp--preset--spacing--xxl)\" aria-hidden=\"true\" class=\"wp-block-spacer\"><\/div>\n\n<div class=\"wp-block-group alignfull has-global-padding is-layout-constrained wp-block-group-is-layout-constrained\">\n<div class=\"wp-block-group alignfull is-style-water-drop-solo-left-bottom has-global-padding is-layout-constrained wp-container-core-group-is-layout-e3586065 wp-block-group-is-layout-constrained\" style=\"padding-right:var(--wp--preset--spacing--xxs);padding-left:var(--wp--preset--spacing--xxs)\">\n<div class=\"wp-block-group z-1 has-global-padding is-layout-constrained wp-container-core-group-is-layout-9c8dac04 wp-block-group-is-layout-constrained\">\n<div class=\"wp-block-group has-global-padding is-layout-constrained wp-container-core-group-is-layout-2f23b1a8 wp-block-group-is-layout-constrained\">\n<p class=\"has-text-align-center is-style-toptitle is-style-toptitle--3\">Tauchen Sie mit unseren immersiven Videos in die Welt des Campings ein.<\/p>\n\n\n\n<h1 class=\"wp-block-heading has-text-align-center is-style-title is-style-title--4\">Videogalerie &#8211; Camping Chalets de la Wormsa<\/h1>\n<\/div>\n\n\n\n<div class=\"wp-block-group has-global-padding is-layout-constrained wp-block-group-is-layout-constrained\">\n<p class=\"has-text-align-center\"><br\/>Willkommen auf der Seite &#8222;Videogalerie&#8220; des Campingplatzes Chalets de la Wormsa, der in Metzeral im Fechttal liegt. Hier finden Sie verschiedene Videosequenzen, die Sie in unsere nat\u00fcrliche Umgebung, unsere komfortablen Chalets, unseren beheizten Pool und unseren Wellnessbereich eintauchen lassen. Diese Bilder bieten Ihnen einen realen Vorgeschmack auf Ihren zuk\u00fcnftigen Aufenthalt, damit Sie sich vor Ihrer Buchung ein Bild von der Atmosph\u00e4re und den Dienstleistungen machen k\u00f6nnen.  <\/p>\n<\/div>\n<\/div>\n\n\n\n<div class=\"wp-block-group alignfull z-0 is-content-justification-right is-nowrap is-layout-flex wp-container-core-group-is-layout-7a55f7ab wp-block-group-is-layout-flex\" style=\"padding-top:0;padding-right:var(--wp--preset--spacing--l);padding-bottom:0;padding-left:0\">\n<p class=\"has-text-align-left is-style-hash has-real-white-color has-text-color has-link-color has-xl-font-size wp-elements-71cc3ecf71e4230251ba9c5011a38b5e is-style-hash--5\" style=\"margin-top:-6.5vw;margin-bottom:0;font-style:normal;font-weight:700;text-transform:uppercase\">Erinnerungen<\/p>\n<\/div>\n<\/div>\n\n\n\n<div class=\"wp-block-group alignfull has-global-padding is-content-justification-center is-layout-constrained wp-container-core-group-is-layout-9d7c95e2 wp-block-group-is-layout-constrained\" style=\"margin-top:-3rem\"><\/div>\n<\/div>\n\n<div class=\"wp-block-columns is-layout-flex wp-container-core-columns-is-layout-28f84493 wp-block-columns-is-layout-flex\">\n<div class=\"wp-block-column is-layout-flow wp-block-column-is-layout-flow\" style=\"flex-basis:100%\">\n<div class=\"wp-block-group has-global-padding is-layout-constrained wp-block-group-is-layout-constrained\">\n<figure class=\"wp-block-embed is-type-video is-provider-youtube wp-block-embed-youtube wp-embed-aspect-16-9 wp-has-aspect-ratio\"><div class=\"wp-block-embed__wrapper\">\n<iframe title=\"D\u00e9couverte du v\u00e9lo route VV21 - Vall\u00e9e de Munster - Wintzenheim \u00e0 Metzeral\" width=\"500\" height=\"281\" src=\"https:\/\/www.youtube.com\/embed\/L1fUP-Qn7VA?feature=oembed\" frameborder=\"0\" allow=\"accelerometer; autoplay; clipboard-write; encrypted-media; gyroscope; picture-in-picture; web-share\" referrerpolicy=\"strict-origin-when-cross-origin\" allowfullscreen><\/iframe>\n<\/div><\/figure>\n<\/div>\n<\/div>\n\n\n\n<div class=\"wp-block-column is-layout-flow wp-block-column-is-layout-flow\" style=\"flex-basis:100%\">\n<div class=\"wp-block-group has-global-padding is-layout-constrained wp-block-group-is-layout-constrained\">\n<figure class=\"wp-block-embed is-type-video is-provider-youtube wp-block-embed-youtube wp-embed-aspect-16-9 wp-has-aspect-ratio\"><div class=\"wp-block-embed__wrapper\">\n<iframe title=\"Chalets de la Wormsa - Vacances en Alsace 2024\" width=\"500\" height=\"281\" src=\"https:\/\/www.youtube.com\/embed\/4Tzbb2E7KCo?feature=oembed\" frameborder=\"0\" allow=\"accelerometer; autoplay; clipboard-write; encrypted-media; gyroscope; picture-in-picture; web-share\" referrerpolicy=\"strict-origin-when-cross-origin\" allowfullscreen><\/iframe>\n<\/div><\/figure>\n<\/div>\n<\/div>\n<\/div>\n\n<div style=\"height:var(--wp--preset--spacing--xxl)\" aria-hidden=\"true\" class=\"wp-block-spacer\"><\/div>\n","protected":false},"excerpt":{"rendered":"<p>Tauchen Sie mit unseren immersiven Videos in die Welt des Campings ein. Videogalerie &#8211; Camping Chalets de la Wormsa Willkommen auf der Seite &#8222;Videogalerie&#8220; des Campingplatzes Chalets de la Wormsa, der in Metzeral im Fechttal liegt. Hier finden Sie verschiedene Videosequenzen, die Sie in unsere nat\u00fcrliche Umgebung, unsere komfortablen Chalets, unseren beheizten Pool und unseren [&hellip;]<\/p>\n","protected":false},"author":1,"featured_media":0,"parent":38149,"menu_order":147,"comment_status":"closed","ping_status":"closed","template":"page-full-width","meta":{"_acf_changed":false,"_seopress_robots_primary_cat":"","_seopress_titles_title":"Videogalerie | Chalets de la Wormsa in Munster im Elsass","_seopress_titles_desc":"Schauen Sie sich unsere Videos an und erleben Sie die Chalets de la Wormsa: Natur, Berge, Unterk\u00fcnfte und Aktivit\u00e4ten im Herzen des Elsass.","_seopress_robots_index":"","footnotes":""},"class_list":["post-37999","page","type-page","status-publish","hentry"],"acf":[],"_links":{"self":[{"href":"https:\/\/www.alsace-chalets.fr\/de\/wp-json\/wp\/v2\/pages\/37999","targetHints":{"allow":["GET"]}}],"collection":[{"href":"https:\/\/www.alsace-chalets.fr\/de\/wp-json\/wp\/v2\/pages"}],"about":[{"href":"https:\/\/www.alsace-chalets.fr\/de\/wp-json\/wp\/v2\/types\/page"}],"author":[{"embeddable":true,"href":"https:\/\/www.alsace-chalets.fr\/de\/wp-json\/wp\/v2\/users\/1"}],"replies":[{"embeddable":true,"href":"https:\/\/www.alsace-chalets.fr\/de\/wp-json\/wp\/v2\/comments?post=37999"}],"version-history":[{"count":2,"href":"https:\/\/www.alsace-chalets.fr\/de\/wp-json\/wp\/v2\/pages\/37999\/revisions"}],"predecessor-version":[{"id":41848,"href":"https:\/\/www.alsace-chalets.fr\/de\/wp-json\/wp\/v2\/pages\/37999\/revisions\/41848"}],"up":[{"embeddable":true,"href":"https:\/\/www.alsace-chalets.fr\/de\/wp-json\/wp\/v2\/pages\/38149"}],"wp:attachment":[{"href":"https:\/\/www.alsace-chalets.fr\/de\/wp-json\/wp\/v2\/media?parent=37999"}],"curies":[{"name":"wp","href":"https:\/\/api.w.org\/{rel}","templated":true}]}}