{"id":37972,"date":"2025-10-01T10:09:50","date_gmt":"2025-10-01T08:09:50","guid":{"rendered":"https:\/\/www.alsace-chalets.fr\/stellungnahme\/"},"modified":"2026-03-16T14:55:15","modified_gmt":"2026-03-16T13:55:15","slug":"stellungnahme","status":"publish","type":"page","link":"https:\/\/www.alsace-chalets.fr\/de\/das-dorf\/stellungnahme\/","title":{"rendered":"Stellungnahme"},"content":{"rendered":"\n<div class=\"wp-block-cover alignfull hrz-hero is-style-pine-decoration is-style-pine-decoration--1\" style=\"margin-top:0;margin-bottom:0;padding-top:20rem;padding-bottom:20rem\"><img alt=\"\" decoding=\"async\" width=\"2400\" height=\"1440\" class=\"wp-block-cover__image-background wp-image-99 size-16\/9_2560x1440_desktop\" alt=\"\" src=\"https:\/\/www.alsace-chalets.fr\/wp-content\/uploads\/2025\/10\/2-Photoval_008-2400x1440.webp\" data-object-fit=\"cover\"\/><span aria-hidden=\"true\" class=\"wp-block-cover__background has-background-dim-30 has-background-dim wp-block-cover__gradient-background has-background-gradient\" style=\"background:linear-gradient(0deg,rgb(1,1,1) 0%,rgba(0,0,0,0) 100%)\"><\/span><div class=\"wp-block-cover__inner-container has-global-padding is-layout-constrained wp-container-core-cover-is-layout-31021642 wp-block-cover-is-layout-constrained\">\n<p class=\"has-text-align-center is-style-top-title pine-cone-title is-style-title has-background-color has-text-color has-link-color has-large-font-size wp-elements-ba57d846faa2fe6fc38ad945435c82c3 is-style-title--2\" style=\"text-transform:uppercase\"><strong>Stellungnahme<\/strong><\/p>\n<\/div><\/div>\n<div style=\"padding-left:var(--wp--preset--spacing--s);padding-top:var(--wp--preset--spacing--s);padding-bottom:var(--wp--preset--spacing--s);\" class=\"alignfull wp-elements-5cd3591c1ade14a972751d58f754b855 wp-block-wpseopress-breadcrumbs has-text-color has-primary-color\"><nav  aria-label=\"breadcrumb\"><ol class=\"breadcrumb\" itemscope itemtype=\"https:\/\/schema.org\/BreadcrumbList\"><li class=\"breadcrumb-item active\" aria-current=\"page\" itemprop=\"itemListElement\" itemscope itemtype=\"https:\/\/schema.org\/ListItem\"><span itemprop=\"name\">Camping en Elsass<\/span><meta itemprop=\"position\" content=\"1\"><\/li><\/ol><\/nav><\/div>\n<div style=\"height:var(--wp--preset--spacing--xxl)\" aria-hidden=\"true\" class=\"wp-block-spacer\"><\/div>\n\n<div class=\"wp-block-group alignfull has-global-padding is-layout-constrained wp-block-group-is-layout-constrained\">\n<div class=\"wp-block-group alignfull is-style-water-drop-solo-left-bottom has-global-padding is-layout-constrained wp-container-core-group-is-layout-e3586065 wp-block-group-is-layout-constrained\" style=\"padding-right:var(--wp--preset--spacing--xxs);padding-left:var(--wp--preset--spacing--xxs)\">\n<div class=\"wp-block-group z-1 has-global-padding is-layout-constrained wp-container-core-group-is-layout-9c8dac04 wp-block-group-is-layout-constrained\">\n<div class=\"wp-block-group has-global-padding is-layout-constrained wp-container-core-group-is-layout-2f23b1a8 wp-block-group-is-layout-constrained\">\n<p class=\"has-text-align-center is-style-toptitle is-style-toptitle--3\">Erlebte und geteilte Erfahrungen<\/p>\n\n\n\n<h1 class=\"wp-block-heading has-text-align-center is-style-title is-style-title--4\">Kundenmeinungen &#8211; Chalets de la Wormsa<\/h1>\n<\/div>\n\n\n\n<div class=\"wp-block-group has-global-padding is-layout-constrained wp-block-group-is-layout-constrained\">\n<p class=\"has-text-align-center\">Wir freuen uns, Ihnen die Berichte unserer G\u00e4ste \u00fcber ihren Aufenthalt bei uns mitteilen zu k\u00f6nnen. Ihre <strong>Meinung<\/strong> ist uns wichtig und hilft anderen Reisenden bei der Orientierung und erm\u00f6glicht es uns, Ihre Erfahrung st\u00e4ndig zu verbessern. <\/p>\n<\/div>\n<\/div>\n\n\n\n<div class=\"wp-block-group alignfull z-0 is-content-justification-right is-nowrap is-layout-flex wp-container-core-group-is-layout-7a55f7ab wp-block-group-is-layout-flex\" style=\"padding-top:0;padding-right:var(--wp--preset--spacing--l);padding-bottom:0;padding-left:0\">\n<p class=\"has-text-align-left is-style-hash has-real-white-color has-text-color has-link-color has-xl-font-size wp-elements-71cc3ecf71e4230251ba9c5011a38b5e is-style-hash--5\" style=\"margin-top:-6.5vw;margin-bottom:0;font-style:normal;font-weight:700;text-transform:uppercase\">Erinnerungen<\/p>\n<\/div>\n\n\n\n<figure class=\"wp-block-image aligncenter size-full\"><img decoding=\"async\" width=\"848\" height=\"315\" src=\"https:\/\/www.alsace-chalets.fr\/wp-content\/uploads\/2025\/12\/tableau_avis-3.png\" alt=\"Tabelle Stellungnahme\" class=\"wp-image-39846\" srcset=\"https:\/\/www.alsace-chalets.fr\/wp-content\/uploads\/2025\/12\/tableau_avis-3.png 848w, https:\/\/www.alsace-chalets.fr\/wp-content\/uploads\/2025\/12\/tableau_avis-3-300x111.png 300w, https:\/\/www.alsace-chalets.fr\/wp-content\/uploads\/2025\/12\/tableau_avis-3-768x285.png 768w, https:\/\/www.alsace-chalets.fr\/wp-content\/uploads\/2025\/12\/tableau_avis-3-60x22.png 60w\" sizes=\"(max-width: 848px) 100vw, 848px\" \/><\/figure>\n<\/div>\n<\/div>\n\n<div style=\"height:var(--wp--preset--spacing--xxl)\" aria-hidden=\"true\" class=\"wp-block-spacer\"><\/div>\n\n<div class=\"wp-block-group has-global-padding is-layout-constrained wp-block-group-is-layout-constrained\">\n\r\n<script src=\"https:\/\/elfsightcdn.com\/platform.js\" async=\"\"><\/script>\r\n<div class=\"elfsight-app-14797cb0-df1d-4bd0-af7e-e51755ded79d\" data-elfsight-app-lazy=\"\"><\/div>\r\n<\/div>\n\n<div style=\"height:var(--wp--preset--spacing--xxl)\" aria-hidden=\"true\" class=\"wp-block-spacer\"><\/div>\n","protected":false},"excerpt":{"rendered":"<p>Erlebte und geteilte Erfahrungen Kundenmeinungen &#8211; Chalets de la Wormsa Wir freuen uns, Ihnen die Berichte unserer G\u00e4ste \u00fcber ihren Aufenthalt bei uns mitteilen zu k\u00f6nnen. Ihre Meinung ist uns wichtig und hilft anderen Reisenden bei der Orientierung und erm\u00f6glicht es uns, Ihre Erfahrung st\u00e4ndig zu verbessern. Erinnerungen<\/p>\n","protected":false},"author":1,"featured_media":0,"parent":38149,"menu_order":125,"comment_status":"closed","ping_status":"closed","template":"page-full-width","meta":{"_acf_changed":false,"_seopress_robots_primary_cat":"","_seopress_titles_title":"Avis Chalets de la Wormsa \u00e0 Munster en Alsace | Bester Campingplatz im Elsass!","_seopress_titles_desc":"Lesen Sie die Bewertungen von Kunden \u00fcber ihren Aufenthalt in Les Chalets de la Wormsa, im Herzen der Vogesen. Dieses Feedback hilft Ihnen bei der Planung Ihres n\u00e4chsten Urlaubs im Elsass. ","_seopress_robots_index":"","footnotes":""},"class_list":["post-37972","page","type-page","status-publish","hentry"],"acf":[],"_links":{"self":[{"href":"https:\/\/www.alsace-chalets.fr\/de\/wp-json\/wp\/v2\/pages\/37972","targetHints":{"allow":["GET"]}}],"collection":[{"href":"https:\/\/www.alsace-chalets.fr\/de\/wp-json\/wp\/v2\/pages"}],"about":[{"href":"https:\/\/www.alsace-chalets.fr\/de\/wp-json\/wp\/v2\/types\/page"}],"author":[{"embeddable":true,"href":"https:\/\/www.alsace-chalets.fr\/de\/wp-json\/wp\/v2\/users\/1"}],"replies":[{"embeddable":true,"href":"https:\/\/www.alsace-chalets.fr\/de\/wp-json\/wp\/v2\/comments?post=37972"}],"version-history":[{"count":3,"href":"https:\/\/www.alsace-chalets.fr\/de\/wp-json\/wp\/v2\/pages\/37972\/revisions"}],"predecessor-version":[{"id":42487,"href":"https:\/\/www.alsace-chalets.fr\/de\/wp-json\/wp\/v2\/pages\/37972\/revisions\/42487"}],"up":[{"embeddable":true,"href":"https:\/\/www.alsace-chalets.fr\/de\/wp-json\/wp\/v2\/pages\/38149"}],"wp:attachment":[{"href":"https:\/\/www.alsace-chalets.fr\/de\/wp-json\/wp\/v2\/media?parent=37972"}],"curies":[{"name":"wp","href":"https:\/\/api.w.org\/{rel}","templated":true}]}}