{"id":37912,"date":"2025-10-02T17:46:38","date_gmt":"2025-10-02T15:46:38","guid":{"rendered":"https:\/\/www.alsace-chalets.fr\/dienste\/"},"modified":"2026-02-05T15:48:21","modified_gmt":"2026-02-05T14:48:21","slug":"dienste","status":"publish","type":"page","link":"https:\/\/www.alsace-chalets.fr\/de\/dienste\/","title":{"rendered":"Dienste"},"content":{"rendered":"\n<div class=\"wp-block-cover alignfull hrz-hero is-style-pine-decoration is-style-pine-decoration--1\" style=\"margin-top:0;margin-bottom:0;padding-top:20rem;padding-bottom:20rem\"><img alt=\"\" decoding=\"async\" width=\"1620\" height=\"1080\" class=\"wp-block-cover__image-background wp-image-458 size-full\" alt=\"\" src=\"https:\/\/www.alsace-chalets.fr\/wp-content\/uploads\/2025\/10\/services-camping-wormsa-alsace_04.webp\" data-object-fit=\"cover\" srcset=\"https:\/\/www.alsace-chalets.fr\/wp-content\/uploads\/2025\/10\/services-camping-wormsa-alsace_04.webp 1620w, https:\/\/www.alsace-chalets.fr\/wp-content\/uploads\/2025\/10\/services-camping-wormsa-alsace_04-300x200.webp 300w, https:\/\/www.alsace-chalets.fr\/wp-content\/uploads\/2025\/10\/services-camping-wormsa-alsace_04-1024x683.webp 1024w, https:\/\/www.alsace-chalets.fr\/wp-content\/uploads\/2025\/10\/services-camping-wormsa-alsace_04-768x512.webp 768w, https:\/\/www.alsace-chalets.fr\/wp-content\/uploads\/2025\/10\/services-camping-wormsa-alsace_04-60x40.webp 60w\" sizes=\"(max-width: 1620px) 100vw, 1620px\" \/><span aria-hidden=\"true\" class=\"wp-block-cover__background has-background-dim-30 has-background-dim wp-block-cover__gradient-background has-background-gradient\" style=\"background:linear-gradient(0deg,rgb(1,1,1) 0%,rgba(0,0,0,0) 100%)\"><\/span><div class=\"wp-block-cover__inner-container has-global-padding is-layout-constrained wp-container-core-cover-is-layout-31021642 wp-block-cover-is-layout-constrained\">\n<p class=\"has-text-align-center is-style-top-title pine-cone-title is-style-title has-background-color has-text-color has-link-color has-large-font-size wp-elements-8c95bd6be7afec9f4b79fcfa611d7486 is-style-title--2\" style=\"text-transform:uppercase\"><strong>Dienste<\/strong><\/p>\n<\/div><\/div>\n\n<div class=\"wp-block-group alignfull has-background is-layout-flow wp-block-group-is-layout-flow\" style=\"background:linear-gradient(135deg,rgb(246,249,244) 0%,rgba(168,194,147,0.49) 100%)\"><div style=\"padding-left:var(--wp--preset--spacing--s);padding-top:var(--wp--preset--spacing--s);padding-bottom:var(--wp--preset--spacing--s);\" class=\"alignfull wp-elements-5cd3591c1ade14a972751d58f754b855 wp-block-wpseopress-breadcrumbs has-text-color has-primary-color\"><nav  aria-label=\"breadcrumb\"><ol class=\"breadcrumb\" itemscope itemtype=\"https:\/\/schema.org\/BreadcrumbList\"><li class=\"breadcrumb-item active\" aria-current=\"page\" itemprop=\"itemListElement\" itemscope itemtype=\"https:\/\/schema.org\/ListItem\"><span itemprop=\"name\">Camping en Elsass<\/span><meta itemprop=\"position\" content=\"1\"><\/li><\/ol><\/nav><\/div>\n\n\n<div style=\"height:var(--wp--preset--spacing--xxl)\" aria-hidden=\"true\" class=\"wp-block-spacer\"><\/div>\n\n\n\n<div class=\"wp-block-columns alignfull is-layout-flex wp-container-core-columns-is-layout-9c22b1e3 wp-block-columns-is-layout-flex\">\n<div class=\"wp-block-column is-layout-flow wp-block-column-is-layout-flow\">\n<div class=\"wp-block-group has-global-padding is-content-justification-right is-layout-constrained wp-container-core-group-is-layout-9bee4dc1 wp-block-group-is-layout-constrained\">\n<div class=\"wp-block-group has-global-padding is-layout-constrained wp-container-core-group-is-layout-be04af43 wp-block-group-is-layout-constrained\" style=\"margin-top:0;margin-bottom:0\">\n<p class=\"has-text-align-right is-style-toptitle is-style-toptitle--3\">Zwischen els\u00e4ssischem Charme und Premium-Service<\/p>\n\n\n\n<h1 class=\"wp-block-heading has-text-align-right is-style-title is-style-title--4\">4-Sterne-Campingplatz in Colmar<\/h1>\n<\/div>\n\n\n\n<div class=\"wp-block-group is-style-border-right has-global-padding is-layout-constrained wp-container-core-group-is-layout-9c8dac04 wp-block-group-is-layout-constrained is-style-border-right--5\">\n<div class=\"wp-block-group has-global-padding is-layout-constrained wp-block-group-is-layout-constrained\">\n<p class=\"has-text-align-right has-s-font-size\"><br\/>Willkommen in Les Chalets de la Wormsa, einem 4-Sterne-Campingplatz im Herzen des Haut-Rhin, in der N\u00e4he von Colmar. Hier wird jedes Detail bedacht, um allen Urlaubern ein einzigartiges und unvergessliches Erlebnis zu bieten. Ob Sie nun auf der Suche nach Entspannung, Abenteuer oder geselligen Momenten mit der Familie sind, unser Campingplatz ist der ideale Ort, um Ihre Koffer abzustellen und die Region in vollen Z\u00fcgen zu genie\u00dfen.  <\/p>\n<\/div>\n\n\n\n<figure class=\"wp-block-image size-large is-style-rounded is-style-rounded--6\"><a href=\"https:\/\/www.alsace-chalets.fr\/wp-content\/uploads\/2025\/10\/services-camping-wormsa-alsace_08-scaled.webp\"><img alt=\"\" decoding=\"async\" width=\"1024\" height=\"768\" src=\"https:\/\/www.alsace-chalets.fr\/wp-content\/uploads\/2025\/10\/services-camping-wormsa-alsace_08-1024x768.webp\" alt=\"\" class=\"wp-image-462\" srcset=\"https:\/\/www.alsace-chalets.fr\/wp-content\/uploads\/2025\/10\/services-camping-wormsa-alsace_08-1024x768.webp 1024w, https:\/\/www.alsace-chalets.fr\/wp-content\/uploads\/2025\/10\/services-camping-wormsa-alsace_08-300x225.webp 300w, https:\/\/www.alsace-chalets.fr\/wp-content\/uploads\/2025\/10\/services-camping-wormsa-alsace_08-768x576.webp 768w, https:\/\/www.alsace-chalets.fr\/wp-content\/uploads\/2025\/10\/services-camping-wormsa-alsace_08-60x45.webp 60w\" sizes=\"(max-width: 1024px) 100vw, 1024px\" \/><\/a><\/figure>\n<\/div>\n<\/div>\n<\/div>\n\n\n\n<div class=\"wp-block-column is-layout-flow wp-block-column-is-layout-flow\">\n<div class=\"wp-block-group is-nowrap is-layout-flex wp-container-core-group-is-layout-a027ca97 wp-block-group-is-layout-flex\" style=\"min-height:100%\">\n<div class=\"wp-block-group is-vertical is-content-justification-center is-layout-flex wp-container-core-group-is-layout-b6c1f246 wp-block-group-is-layout-flex\">\n<figure class=\"wp-block-image size-4\/3_320x240_mobile is-style-left-rotate is-style-left-rotate--7\"><a href=\"https:\/\/www.alsace-chalets.fr\/wp-content\/uploads\/2025\/10\/services-camping-wormsa-alsace_09.webp\" rel=\"services-hoteliers\"><img alt=\"\" decoding=\"async\" src=\"https:\/\/www.alsace-chalets.fr\/wp-content\/uploads\/2025\/10\/services-camping-wormsa-alsace_09-320x240.webp\" alt=\"\" class=\"wp-image-463\"\/><\/a><\/figure>\n\n\n\n<figure class=\"wp-block-image size-4\/3_430x320_mobile is-style-right-rotate is-style-right-rotate--8\"><a href=\"https:\/\/www.alsace-chalets.fr\/wp-content\/uploads\/2025\/10\/services-camping-wormsa-alsace_01.webp\" rel=\"services-hoteliers\"><img alt=\"\" decoding=\"async\" src=\"https:\/\/www.alsace-chalets.fr\/wp-content\/uploads\/2025\/10\/services-camping-wormsa-alsace_01-430x320.webp\" alt=\"\" class=\"wp-image-455\" style=\"aspect-ratio:4\/3;object-fit:cover\"\/><\/a><\/figure>\n<\/div>\n\n\n\n<div class=\"wp-block-group is-vertical is-layout-flex wp-container-core-group-is-layout-e59aff70 wp-block-group-is-layout-flex\" style=\"padding-top:0;padding-bottom:50%\">\n<figure class=\"wp-block-image size-4\/3_320x240_mobile is-resized is-style-right-rotate is-style-right-rotate--9\" style=\"margin-left:-1rem\"><a href=\"https:\/\/www.alsace-chalets.fr\/wp-content\/uploads\/2025\/10\/services-camping-wormsa-alsace_06.webp\" rel=\"services-hoteliers\"><img alt=\"\" decoding=\"async\" src=\"https:\/\/www.alsace-chalets.fr\/wp-content\/uploads\/2025\/10\/services-camping-wormsa-alsace_06-320x240.webp\" alt=\"\" class=\"wp-image-460\" style=\"width:256px\"\/><\/a><\/figure>\n<\/div>\n<\/div>\n<\/div>\n<\/div>\n\n\n\n<div style=\"height:var(--wp--preset--spacing--xxl)\" aria-hidden=\"true\" class=\"wp-block-spacer\"><\/div>\n<\/div>\n\n<div class=\"wp-block-group alignfull hrz-galerie-1 has-global-padding is-layout-constrained wp-block-group-is-layout-constrained\">\n<div class=\"wp-block-cover alignfull hrz-galerie-1-cover\" style=\"margin-top:0;margin-bottom:0;padding-top:var(--wp--preset--spacing--xxl);padding-right:var(--wp--preset--spacing--xxxxxl);padding-bottom:var(--wp--preset--spacing--l);padding-left:var(--wp--preset--spacing--xxxxxl)\"><img alt=\"\" decoding=\"async\" width=\"1620\" height=\"1080\" class=\"wp-block-cover__image-background wp-image-459 size-full\" alt=\"\" src=\"https:\/\/www.alsace-chalets.fr\/wp-content\/uploads\/2025\/10\/services-camping-wormsa-alsace_05.webp\" data-object-fit=\"cover\" srcset=\"https:\/\/www.alsace-chalets.fr\/wp-content\/uploads\/2025\/10\/services-camping-wormsa-alsace_05.webp 1620w, https:\/\/www.alsace-chalets.fr\/wp-content\/uploads\/2025\/10\/services-camping-wormsa-alsace_05-300x200.webp 300w, https:\/\/www.alsace-chalets.fr\/wp-content\/uploads\/2025\/10\/services-camping-wormsa-alsace_05-1024x683.webp 1024w, https:\/\/www.alsace-chalets.fr\/wp-content\/uploads\/2025\/10\/services-camping-wormsa-alsace_05-768x512.webp 768w, https:\/\/www.alsace-chalets.fr\/wp-content\/uploads\/2025\/10\/services-camping-wormsa-alsace_05-60x40.webp 60w\" sizes=\"(max-width: 1620px) 100vw, 1620px\" \/><span aria-hidden=\"true\" class=\"wp-block-cover__background has-background-dim-40 has-background-dim wp-block-cover__gradient-background has-background-gradient\" style=\"background:linear-gradient(0deg,rgb(0,0,0) 0%,rgba(0,0,0,0) 100%)\"><\/span><div class=\"wp-block-cover__inner-container has-global-padding is-layout-constrained wp-container-core-cover-is-layout-d399d3fc wp-block-cover-is-layout-constrained\">\n<div class=\"wp-block-group hrz-responsive-group has-global-padding is-layout-constrained wp-block-group-is-layout-constrained\">\n<div style=\"height:var(--wp--preset--spacing--xxl)\" aria-hidden=\"true\" class=\"wp-block-spacer\"><\/div>\n\n\n\n<p class=\"has-text-align-center is-style-top-title is-style-toptitle has-real-white-color has-text-color has-link-color has-xxxxl-font-size wp-elements-97af49377966e8c2ec1e7e326fa01885 is-style-toptitle--10\">Leistungen f\u00fcr Ihr Wohlbefinden<\/p>\n\n\n\n<h2 class=\"wp-block-heading has-text-align-center is-style-title has-real-white-color has-text-color has-link-color wp-elements-da4b84dd1c72109a2c8dce97c9fc286d is-style-title--11\" style=\"margin-bottom:var(--wp--preset--spacing--xs)\"><strong>Campingplatz mit 4-Sterne-Service in Colmar im Elsass<\/strong><\/h2>\n\n\n\n<p class=\"has-text-align-center has-real-white-color has-text-color has-link-color wp-elements-2925afe740a94fd39358ba0a8af56478\">Les Chalets de la Wormsa ist nicht nur ein einfacher Aufenthaltsort, es ist ein Kokon, in dem jeder Service auf Ihre Bed\u00fcrfnisse und W\u00fcnsche zugeschnitten ist. Bei Ihrer Ankunft werden Sie von einem freundlichen und aufmerksamen Team empfangen, das Ihnen gerne mit Rat und Tat zur Seite steht, damit Ihr Aufenthalt unter den besten Bedingungen verl\u00e4uft. <br\/><br\/>Wir bieten eine komplette Reihe von Dienstleistungen, die den Unterschied ausmachen. Sie k\u00f6nnen unseren Wasserbereich mit beheiztem Pool nutzen, der ideal ist, um sich nach einem erlebnisreichen Tag zu entspannen. F\u00fcr die Kleinen gibt es einen speziellen Spielplatz, wo sie sich in aller Sicherheit vergn\u00fcgen k\u00f6nnen. F\u00fcr Wellness-Liebhaber l\u00e4dt unser Spa-Bereich mit Sauna und Dampfbad zu einem Moment intensiver Entspannung ein.   <br\/><br\/>F\u00fcr Feinschmecker bietet unser Restaurant vor Ort eine schmackhafte lokale K\u00fcche mit Produkten aus dem Elsass. Ob ein Mittagessen auf der Terrasse oder ein gem\u00fctliches Abendessen, jede Mahlzeit ist eine Einladung, die Aromen der Region zu entdecken. <\/p>\n\n\n\n<div style=\"height:var(--wp--preset--spacing--m)\" aria-hidden=\"true\" class=\"wp-block-spacer\"><\/div>\n<\/div>\n<\/div><\/div>\n<\/div>\n\n<div class=\"wp-block-group alignfull is-style-water-drop-right-bottom has-background has-global-padding is-layout-constrained wp-block-group-is-layout-constrained\" style=\"background:linear-gradient(0deg,#F6F9F4 0%,#ECF2E6 35%,#A9C294 100%)\">\n<div style=\"height:var(--wp--preset--spacing--xxl)\" aria-hidden=\"true\" class=\"wp-block-spacer\"><\/div>\n\n\n\n<div class=\"wp-block-group alignfull has-global-padding is-layout-constrained wp-block-group-is-layout-constrained\">\n<div class=\"wp-block-group alignfull z-0 is-layout-flow wp-container-core-group-is-layout-af78ee7c wp-block-group-is-layout-flow\" style=\"margin-bottom:-3rem;padding-right:0;padding-left:0\">\n<p class=\"is-style-hash has-real-white-color has-text-color has-link-color has-xl-font-size wp-elements-b454a1762c7b70e24e17901151324bce is-style-hash--12\" style=\"margin-left:-3rem;font-style:normal;font-weight:700;text-transform:uppercase\">sich entspannen<\/p>\n<\/div>\n\n\n\n<div class=\"wp-block-group alignfull z-1 has-global-padding is-layout-constrained wp-block-group-is-layout-constrained\">\n<div class=\"wp-block-columns alignfull hrz-reponsive-order is-style-tablette-wrap-reverse hrz-responsive-col is-layout-flex wp-container-core-columns-is-layout-75380824 wp-block-columns-is-layout-flex\" style=\"margin-top:0;margin-bottom:0;padding-top:0;padding-right:0;padding-bottom:0;padding-left:0\">\n<div class=\"wp-block-column is-vertically-aligned-bottom is-layout-flow wp-block-column-is-layout-flow\" style=\"padding-right:0;padding-left:0\">\n<div class=\"wp-block-group alignfull swiper swiper-slider-left is-layout-flow wp-block-group-is-layout-flow\" style=\"margin-top:0;margin-bottom:0;padding-top:0;padding-right:0;padding-bottom:0;padding-left:0\">\n<div class=\"wp-block-group swiper-wrapper is-content-justification-left is-nowrap is-layout-flex wp-container-core-group-is-layout-4552e0e2 wp-block-group-is-layout-flex\" style=\"margin-top:0;margin-bottom:0;padding-top:0;padding-right:0;padding-bottom:0;padding-left:0\">\n<div class=\"wp-block-group swiper-slide has-global-padding is-layout-constrained wp-block-group-is-layout-constrained\">\n<figure class=\"wp-block-image size-slide_image_680x380 is-style-rounded is-style-rounded--13\"><a href=\"https:\/\/www.alsace-chalets.fr\/wp-content\/uploads\/2025\/10\/services-camping-wormsa-alsace_03.webp\" rel=\"slider-image-5\"><img alt=\"\" decoding=\"async\" width=\"680\" height=\"380\" src=\"https:\/\/www.alsace-chalets.fr\/wp-content\/uploads\/2025\/10\/services-camping-wormsa-alsace_03-680x380.webp\" alt=\"\" class=\"wp-image-457\"\/><\/a><\/figure>\n<\/div>\n\n\n\n<div class=\"wp-block-group swiper-slide has-global-padding is-layout-constrained wp-block-group-is-layout-constrained\">\n<figure class=\"wp-block-image size-slide_image_680x380 is-style-rounded is-style-rounded--14\"><a href=\"https:\/\/www.alsace-chalets.fr\/wp-content\/uploads\/2026\/01\/20251018_105132-scaled.jpg\" rel=\"slider-image-5\"><img alt=\"\" decoding=\"async\" width=\"680\" height=\"380\" src=\"https:\/\/www.alsace-chalets.fr\/wp-content\/uploads\/2026\/01\/20251018_105132-680x380.jpg\" alt=\"\" class=\"wp-image-41577\" srcset=\"https:\/\/www.alsace-chalets.fr\/wp-content\/uploads\/2026\/01\/20251018_105132-680x380.jpg 680w, https:\/\/www.alsace-chalets.fr\/wp-content\/uploads\/2026\/01\/20251018_105132-300x169.jpg 300w, https:\/\/www.alsace-chalets.fr\/wp-content\/uploads\/2026\/01\/20251018_105132-60x34.jpg 60w, https:\/\/www.alsace-chalets.fr\/wp-content\/uploads\/2026\/01\/20251018_105132-430x240.jpg 430w, https:\/\/www.alsace-chalets.fr\/wp-content\/uploads\/2026\/01\/20251018_105132-375x210.jpg 375w, https:\/\/www.alsace-chalets.fr\/wp-content\/uploads\/2026\/01\/20251018_105132-200x112.jpg 200w, https:\/\/www.alsace-chalets.fr\/wp-content\/uploads\/2026\/01\/20251018_105132-100x56.jpg 100w\" sizes=\"(max-width: 680px) 100vw, 680px\" \/><\/a><\/figure>\n<\/div>\n\n\n\n<div class=\"wp-block-group swiper-slide has-global-padding is-layout-constrained wp-block-group-is-layout-constrained\">\n<figure class=\"wp-block-image size-slide_image_680x380 has-custom-border is-style-rounded is-style-rounded--15\"><a href=\"https:\/\/www.alsace-chalets.fr\/wp-content\/uploads\/2025\/10\/services-camping-wormsa-alsace_02.webp\" rel=\"slider-image-5\"><img alt=\"\" decoding=\"async\" width=\"680\" height=\"380\" src=\"https:\/\/www.alsace-chalets.fr\/wp-content\/uploads\/2025\/10\/services-camping-wormsa-alsace_02-680x380.webp\" alt=\"\" class=\"wp-image-456\" style=\"border-radius:8px\"\/><\/a><\/figure>\n<\/div>\n<\/div>\n\n\n\n<div class=\"wp-block-group hrz-slider-left-pagination hrz-slider-dots has-global-padding is-content-justification-right is-layout-constrained wp-container-core-group-is-layout-f1f2ed93 wp-block-group-is-layout-constrained\" style=\"border-radius:8px\"><\/div>\n<\/div>\n<\/div>\n\n\n\n<div class=\"wp-block-column is-layout-flow wp-block-column-is-layout-flow\">\n<div class=\"wp-block-group has-global-padding is-content-justification-left is-layout-constrained wp-container-core-group-is-layout-6a1fcd2c wp-block-group-is-layout-constrained\">\n<div class=\"wp-block-group has-global-padding is-layout-constrained wp-container-core-group-is-layout-be04af43 wp-block-group-is-layout-constrained\" style=\"margin-top:0;margin-bottom:0\">\n<p class=\"has-text-align-left is-style-toptitle is-style-toptitle--16\">Ma\u00dfgeschneiderte Ratschl\u00e4ge, Informationen und Dienstleistungen<\/p>\n\n\n\n<h2 class=\"wp-block-heading has-text-align-left is-style-title is-style-title--17\" style=\"padding-top:var(--wp--preset--spacing--xs)\">Dienstleistungen der Rezeption<\/h2>\n<\/div>\n\n\n\n<div class=\"wp-block-group is-style-border-left has-global-padding is-layout-constrained wp-container-core-group-is-layout-9c8dac04 wp-block-group-is-layout-constrained is-style-border-left--18\">\n<div class=\"wp-block-group has-global-padding is-layout-constrained wp-block-group-is-layout-constrained\">\n<p class=\"has-text-align-left\">Die Rezeption von Les Chalets de la Wormsa ist das Herz des Campingplatzes, ein Ort, an dem Sie sich sofort wie zu Hause f\u00fchlen. Unser Team steht Ihnen zur Verf\u00fcgung, um Ihnen einen pers\u00f6nlichen Service zu bieten und alle Ihre Fragen zu beantworten. Ob Sie Informationen \u00fcber Aktivit\u00e4ten in der N\u00e4he ben\u00f6tigen, Tipps f\u00fcr Ausfl\u00fcge oder eine Last-Minute-Buchung, wir sind hier, um Ihnen zu helfen.  <br\/><br\/>Wir k\u00f6nnen Ihnen einen Fahrradverleih vermitteln, damit Sie die Umgebung in Ihrem eigenen Tempo erkunden k\u00f6nnen. Auch Wanderfreunde kommen auf ihre Kosten, denn es gibt zahlreiche Wanderwege, die direkt vom Campingplatz aus zug\u00e4nglich sind. Sie k\u00f6nnen zum Wormsaer B\u00e4ren wandern, einem See, der nur 2 Stunden entfernt ist, oder einen Tagesmarsch zum Gipfel des Hohneck unternehmen. Und f\u00fcr diejenigen, die in Verbindung bleiben m\u00f6chten, gibt es Wifi im Restaurant, in der Bar und auf der Terrasse.  <br\/><br\/>In unserem Laden finden Sie eine Auswahl an lokalen Produkten, damit es Ihnen w\u00e4hrend Ihres Aufenthalts an nichts fehlt. Ob Sie nun eine Flasche els\u00e4ssischen Wein zum Abendessen oder ein Souvenir f\u00fcr zu Hause ben\u00f6tigen, an der Rezeption finden Sie alles, was Sie brauchen. <br\/><br\/>Mit der Wahl von Les Chalets de la Wormsa entscheiden Sie sich f\u00fcr einen Aufenthalt, bei dem jeder Service auf Ihren Komfort und Ihr Vergn\u00fcgen ausgerichtet ist. Wir freuen uns darauf, Sie zu begr\u00fc\u00dfen und mit Ihnen die Sch\u00f6nheit und den Reichtum unserer Region zu teilen. Warten Sie nicht l\u00e4nger, sondern buchen Sie Ihren Aufenthalt und entdecken Sie, was unser Campingplatz zu bieten hat.  <\/p>\n<\/div>\n<\/div>\n<\/div>\n<\/div>\n<\/div>\n<\/div>\n<\/div>\n<\/div>\n\n<div style=\"height:var(--wp--preset--spacing--xxl)\" aria-hidden=\"true\" class=\"wp-block-spacer\"><\/div>\n","protected":false},"excerpt":{"rendered":"<p>Zwischen els\u00e4ssischem Charme und Premium-Service 4-Sterne-Campingplatz in Colmar Willkommen in Les Chalets de la Wormsa, einem 4-Sterne-Campingplatz im Herzen des Haut-Rhin, in der N\u00e4he von Colmar. Hier wird jedes Detail bedacht, um allen Urlaubern ein einzigartiges und unvergessliches Erlebnis zu bieten. Ob Sie nun auf der Suche nach Entspannung, Abenteuer oder geselligen Momenten mit der [&hellip;]<\/p>\n","protected":false},"author":1,"featured_media":0,"parent":0,"menu_order":108,"comment_status":"closed","ping_status":"closed","template":"page-full-width","meta":{"_acf_changed":false,"_seopress_robots_primary_cat":"","_seopress_titles_title":"Camping 4 \u00c9toiles Alsace | Camping avec piscine en Alsace","_seopress_titles_desc":"S\u00e9journez en Alsace dans un camping 4 \u00e9toiles avec piscine, ouvert toute l\u2019ann\u00e9e. Nature, randonn\u00e9es, neige ou balades estivales : profitez des Vosges au fil des saisons.","_seopress_robots_index":"","footnotes":""},"class_list":["post-37912","page","type-page","status-publish","hentry"],"acf":[],"_links":{"self":[{"href":"https:\/\/www.alsace-chalets.fr\/de\/wp-json\/wp\/v2\/pages\/37912","targetHints":{"allow":["GET"]}}],"collection":[{"href":"https:\/\/www.alsace-chalets.fr\/de\/wp-json\/wp\/v2\/pages"}],"about":[{"href":"https:\/\/www.alsace-chalets.fr\/de\/wp-json\/wp\/v2\/types\/page"}],"author":[{"embeddable":true,"href":"https:\/\/www.alsace-chalets.fr\/de\/wp-json\/wp\/v2\/users\/1"}],"replies":[{"embeddable":true,"href":"https:\/\/www.alsace-chalets.fr\/de\/wp-json\/wp\/v2\/comments?post=37912"}],"version-history":[{"count":3,"href":"https:\/\/www.alsace-chalets.fr\/de\/wp-json\/wp\/v2\/pages\/37912\/revisions"}],"predecessor-version":[{"id":41916,"href":"https:\/\/www.alsace-chalets.fr\/de\/wp-json\/wp\/v2\/pages\/37912\/revisions\/41916"}],"wp:attachment":[{"href":"https:\/\/www.alsace-chalets.fr\/de\/wp-json\/wp\/v2\/media?parent=37912"}],"curies":[{"name":"wp","href":"https:\/\/api.w.org\/{rel}","templated":true}]}}